{"id":9697,"date":"2025-09-24T10:32:46","date_gmt":"2025-09-24T13:32:46","guid":{"rendered":"https:\/\/www.dgeo.udec.cl\/dev\/?page_id=9697"},"modified":"2025-09-24T10:38:12","modified_gmt":"2025-09-24T13:38:12","slug":"audiovisual","status":"publish","type":"page","link":"https:\/\/www.dgeo.udec.cl\/dev\/audiovisual\/","title":{"rendered":"Audiovisual"},"content":{"rendered":"\n<p class=\"has-black-color has-text-color has-link-color wp-elements-8ba0f230d7e5f8cb563f3e0211d7b4ca\"><a href=\"https:\/\/www.youtube.com\/watch?v=2Fra72PXkTg\"><em><strong>VIDEO DE LA CARRERA DE GEOF\u00cdSICA<\/strong><\/em><\/a><\/p>\n\n\n\n<p class=\"has-black-color has-text-color has-link-color wp-elements-19dc70af0ffb91cb051ca93884ee6c13\"><a href=\"https:\/\/www.youtube.com\/watch?v=ZtMyKbHBmBc&amp;list=PLSh8_XLRa9cbk1Q52HvZ3mqdw-CvOQQyA&amp;index=1\"><em><strong>VIDEO DE LA INVESTIGACI\u00d3N DESDE GEOF\u00cdSICA UdeC<\/strong><\/em><\/a><\/p>\n\n\n\n<p class=\"has-black-color has-text-color has-link-color wp-elements-8ee3920f08589a8f3e70848a6db5edf9\"><a href=\"https:\/\/www.youtube.com\/watch?v=tMcHdcmpxvM&amp;t=187s\"><strong>Presentaci\u00f3n de la profesora de Geof\u00edsica UdeC Dra. Ignacia Calisto Burgos en Congreso Futuro 2024<\/strong><\/a><\/p>\n\n\n\n<p>(Enero 2024)<\/p>\n\n\n\n<p class=\"has-black-color has-text-color has-link-color wp-elements-81a8c0b4c0781f58db55ed21daffb6b6\"><a href=\"https:\/\/www.youtube.com\/watch?v=hza5NkZbT7g&amp;t=469s\"><strong>El profesor de Geof\u00edsica V\u00edctor Villagr\u00e1n explica qu\u00e9 hace el Laboratorio de Medici\u00f3n, Innovaci\u00f3n y Desarrollo Geof\u00edsico de nuestro Departamento.<\/strong><\/a><\/p>\n\n\n\n<p class=\"has-black-color has-text-color has-link-color wp-elements-8dc179991367bd4ff15b7123537d9c58\">(Enero 2024)<\/p>\n\n\n\n<p class=\"has-black-color has-text-color has-link-color wp-elements-cc25855a9447767fd544d333e35894ab\"><a href=\"https:\/\/www.youtube.com\/watch?v=YQi0BhZdLnc&amp;t=39s\"><strong>\u00abLa carrera de Geof\u00edsica\u00bb. Expone el profesor Andr\u00e9s Sep\u00falveda.<\/strong><\/a><\/p>\n\n\n\n<p class=\"has-black-color has-text-color has-link-color wp-elements-34a4974632a42e6c69e123038810abce\">(Octubre 2023)<\/p>\n\n\n\n<p class=\"has-black-color has-text-color has-link-color wp-elements-fd806515e5e2cf3d5bb31723a342fa60\"><a href=\"https:\/\/www.youtube.com\/watch?v=Gqwxjy8_CL4&amp;t=6s\"><strong>Las y los estudiantes de Geof\u00edsica, junto a sus acad\u00e9micos, realizaron un Curso de Verano para profesores de Ense\u00f1anza Media<\/strong><\/a><\/p>\n\n\n\n<p>(Enero 2023)<\/p>\n\n\n\n<p class=\"has-black-color has-text-color has-link-color wp-elements-408da9ff30faa826c9b1dc9cdaa34b1e\"><a href=\"https:\/\/www.youtube.com\/watch?v=ZtMyKbHBmBc&amp;t=1s\"><strong>La investigaci\u00f3n que realizan las y los acad\u00e9micos de Geof\u00edsica UdeC<\/strong><\/a><\/p>\n\n\n\n<p class=\"has-black-color has-text-color has-link-color wp-elements-d0c5be71d8ea89b3b9445c8c5d4122ba\">(Enero 2023)<\/p>\n\n\n\n<p class=\"has-black-color has-text-color has-link-color wp-elements-11f9205829427cfe46c8aa6befd49706\"><a href=\"https:\/\/www.youtube.com\/watch?v=7GbUStFKQ-o\"><strong>Monitor@s de la carrera de Geof\u00edsica participan en primera feria cient\u00edfica tras la pandemia<\/strong><\/a><\/p>\n\n\n\n<p class=\"has-black-color has-text-color has-link-color wp-elements-0ce8411050861c343ee31cc08893d655\">(Octubre 2022)<\/p>\n\n\n\n<p class=\"has-black-color has-text-color has-link-color wp-elements-d983cdb0f78d3bf750676bf8387f2d50\"><a href=\"https:\/\/www.youtube.com\/watch?v=r4h-kkfJg4k\"><strong>Dr. Mart\u00edn Jacques explica cu\u00e1les son los instrumentos que conforman el Observatorio de R\u00edos Atmosf\u00e9ricos ubicado en la azotea de la Facultad de Ciencias F\u00edsicas y Matem\u00e1ticas<\/strong><\/a>.<\/p>\n\n\n\n<p class=\"has-black-color has-text-color has-link-color wp-elements-8ee3bf19623bc99c5ae28a98391fa7a4\">(Junio 2022)<\/p>\n\n\n\n<p class=\"has-black-color has-text-color has-link-color wp-elements-cd1174f766e07675235c0e58bb476392\"><strong><a href=\"https:\/\/www.tvu.cl\/prensa\/tvu-noticias\/2022\/11\/14\/sismologo-udec-el-temblor-de-62-grados-no-fue-una-replica-del-terremoto-de-2010.html\">Entrevista a Dr. Arturo Belmonte, quien explica caracter\u00edsticas del sismo 6,2 ocurrido en noviembre de 2022, en Arauco.<\/a>&nbsp;Canal TVU.<\/strong><\/p>\n\n\n\n<p class=\"has-black-color has-text-color has-link-color wp-elements-ba8f126eee71051049818691efb24f4b\">(Noviembre 2022)<\/p>\n\n\n\n<p class=\"has-black-color has-text-color has-link-color wp-elements-652b387523e26a5d4157e5b4bdf48ae6\"><strong><a href=\"https:\/\/www.youtube.com\/watch?v=KaHjNn-S7_M&amp;t=5s\">Entrevista a Dr. Mart\u00edn Jacques, quien comenta desarrollo y pron\u00f3stico primaveral a diciembre de 2022 en centro de Chile<\/a>; en Programa Buena Costumbre<\/strong><\/p>\n\n\n\n<p>(Octubre 2022)<\/p>\n\n\n\n<p class=\"has-black-color has-text-color has-link-color wp-elements-436a2e99dbfe4e6e9700c50147e71f40\"><strong><a href=\"https:\/\/www.tvu.cl\/prensa\/mensaje-directo\/2022\/10\/13\/esta-realmente-preparada-la-comunidad-escolar-para-actuar-frente-a-un-terremoto.html\">Entrevista a Dra. Ignacia Calisto, acerca de la preparaci\u00f3n actual en colegios costeros para enfrentar un tsunami,<\/a>&nbsp;en Canal TVU.<\/strong><\/p>\n\n\n\n<p>(Octubre 2022)<\/p>\n\n\n\n<p class=\"has-black-color has-text-color has-link-color wp-elements-347add1165ecede193d730b3f416646a\"><strong><a href=\"https:\/\/www.youtube.com\/watch?v=201zoUJeXt4&amp;t=1s\">Entrevista a Dr. Rodrigo Abarca y geof\u00edsica Fernanda L\u00f3pez, quienes explican las mejoras que han logrado en la observaci\u00f3n satelital de deformaciones previas a posibles erupciones volc\u00e1nicas<\/a>; en Radio Chilena de Concepci\u00f3n.<\/strong><\/p>\n\n\n\n<p class=\"has-black-color has-text-color has-link-color wp-elements-df9db802e7cf95b77b39bf2de418bd4a\">(Septiembre 2022)<\/p>\n\n\n\n<p class=\"has-black-color has-text-color has-link-color wp-elements-f95b6c1a40fe2b8ecdeeb045c58637f7\"><strong><a href=\"https:\/\/www.tvu.cl\/la-comunidad-del-contenido\/2022\/06\/29\/pronostican-que-este-2022-sera-uno-de-los-10-anos-mas-secos-de-la-historia.html\">Entrevista a Dr. Juan inzunza: pronostican continuidad de sequ\u00eda en 2022 y un a\u00f1o m\u00e1s cerca de lo normal en 2023,<\/a>&nbsp;en Canal TVU<\/strong><\/p>\n\n\n\n<p class=\"has-black-color has-text-color has-link-color wp-elements-8ee3bf19623bc99c5ae28a98391fa7a4\">(Junio 2022)<\/p>\n\n\n\n<p class=\"has-black-color has-text-color has-link-color wp-elements-1d7cc2cbb69e43ba98fe0a7344c1eb16\"><strong><a href=\"https:\/\/www.canal9.cl\/programas\/nuestra-casa\/2022\/01\/31\/investigadores-crean-metodo-para-pronosticar-olas-de-calor-en-chile-central.shtml\">Entrevista a Dr. Mart\u00edn Jacques: Investigadores crean m\u00e9todo para pronosticar olas de calor en Chile central<\/a><\/strong>, en Canal 9 Regional.<\/p>\n\n\n\n<p>(Enero 2022)<\/p>\n\n\n\n<p class=\"has-black-color has-text-color has-link-color wp-elements-7aaf52f38883c3d8d7979ed98b9f37a5\"><a href=\"https:\/\/www.canal9.cl\/programas\/nuestra-casa\/2021\/08\/05\/cambios-en-el-clima-que-provoca-la-falta-de-lluvias-y-las-altas-temperaturas-en-invierno.shtml\">En<strong>trevista a Dr. Mart\u00edn Jacques: Cambios en el clima: \u00bfqu\u00e9 provoca la falta de lluvias y las altas temperaturas en invierno?, en Canal 9 Regional<\/strong><\/a><\/p>\n\n\n\n<p class=\"has-black-color has-text-color has-link-color wp-elements-a4663e80087bb07571eacf3b5102deb7\">(Agosto 2021)<\/p>\n\n\n\n<p class=\"has-black-color has-text-color has-link-color wp-elements-e05e4625d27f53032ededf9fbdfbfb23\"><a href=\"https:\/\/open.spotify.com\/episode\/0XEun7JUZsWo7QdFksFs2n?t=0\">E<strong>ntrevista radial (podcast) en que participa el Dr. Marcos Moreno: Avances en instrumentaci\u00f3n s\u00edsmica y sistemas de monitoreo desarrollados tras el terremoto de 2010, en Radio U. de Concepci\u00f3n.<\/strong><\/a><\/p>\n\n\n\n<p class=\"has-black-color has-text-color has-link-color wp-elements-c95008e5475053fdc90e9092098affcf\">(Febrero 2020)<\/p>\n\n\n\n<p class=\"has-black-color has-text-color has-link-color wp-elements-e0ad8092e5423025c58bd8e6292d77b3\"><a href=\"https:\/\/www.youtube.com\/watch?v=t50eQNHL7r0\"><strong>Charla \u00abPron\u00f3stico para hoy: tormenta geomagn\u00e9tica\u00bb, de Dr. El\u00edas Ovalle Miranda, en el Museo de Historia Natural de Concepci\u00f3n<\/strong><\/a><\/p>\n\n\n\n<p class=\"has-black-color has-text-color has-link-color wp-elements-6a0e879e991f9168769b2719742b4e25\">(Noviembre 2019)<\/p>\n\n\n\n<p class=\"has-black-color has-text-color has-link-color wp-elements-b78c960d8d5de95b0c76bf8c16d7bd8a\"><strong><a href=\"https:\/\/www.canal9.cl\/programas\/noticias\/2019\/09\/20\/udec-podra-pronositcar-el-clima-del-espacio-tras-firmar-convenio-con-instituto-extranjero.shtml\">Entrevista a Dr. El\u00edas Ovalle: UdeC podr\u00e1 pronosticar el \u00abclima del espacio\u00bb tras firmar convenio con instituto extranjero, en Canal 9 Regional<\/a><\/strong><\/p>\n\n\n\n<p class=\"has-black-color has-text-color has-link-color wp-elements-4bcdab395be1568c12d4c0c0c05a3267\">(Septiembre 2019)<\/p>\n\n\n\n<p class=\"has-black-color has-text-color has-link-color wp-elements-a8393e8cb10375dcc203fa839402cfc9\"><strong><a href=\"https:\/\/www.canal9.cl\/programas\/frente-regional\/2019\/09\/30\/la-polemica-en-torno-al-plebiscito-del-humedal-los-batros.shtml\">Entrevista a Dr. Arturo Belmonte acerca de sismo 6,6 grados, ocurrido el domingo 29 de septiembre de 2019, en Canal 9 Regional.<\/a><\/strong><\/p>\n\n\n\n<p>(Septiembre 2019)<\/p>\n\n\n\n<h4 class=\"wp-block-heading has-black-color has-text-color has-link-color wp-elements-f6434c25aa66b8dd5aebbae1e06f0098\">Charla \u00abAgua y alimentos en el siglo 21: \u00bfnos quedaremos sin agua?\u00bb, del Dr. Rodrigo Abarca, en el Museo de Historia Natural (<a href=\"http:\/\/&quot;agua%20y%20alimentos%20en%20el%20siglo%2021:%20%C2%BFnos%20quedaremos%20sin%20agua\/?%22\">parte 1<\/a>) y (<a href=\"https:\/\/www.youtube.com\/watch?v=no6Rr5XfIMU\">parte 2<\/a>)<\/h4>\n\n\n\n<p>(Agosto 2019)<\/p>\n\n\n\n<p class=\"has-black-color has-text-color has-link-color wp-elements-812ec84cec2ba068a6e21114570377f4\"><strong><a href=\"https:\/\/www.podbean.com\/media\/share\/pb-35nuw-bd7042?utm_campaign=w_share_ep&amp;utm_medium=dlink&amp;utm_source=w_share\">Entrevista a Dr. Aldo Montecinos y geof\u00edsico Daniel Veloso acerca de la Megasequ\u00eda en Chile, en Radio U. de Concepci\u00f3n.<\/a><\/strong><\/p>\n\n\n\n<p class=\"has-black-color has-text-color has-link-color wp-elements-19df5f9f7961b904300932123452a6cd\">(Agosto 2019)<\/p>\n\n\n\n<p class=\"has-black-color has-text-color has-link-color wp-elements-895a86efc89e11a4fe0127e4c27638f3\"><strong><a href=\"https:\/\/www.13.cl\/programas\/bienvenidos\/tendencias\/megaterremoto-podria-azotar-a-la-region-de-valparaiso\/108143\">Reportaje con entrevistas a Dr. Marcos Moreno acerca de potencial terremoto que se espera ocurra entre regiones de Coquimbo y O\u00b4Higgins, en Canal 13.<\/a><\/strong>&nbsp;(<a href=\"https:\/\/www.t13.cl\/noticia\/nacional\/academico-area-potencial-terremoto-podemos-estimar-su-potencial-magnitud\">Segunda entrevista Canal 13<\/a>)<\/p>\n\n\n\n<p class=\"has-black-color has-text-color has-link-color wp-elements-41a705575199d389e18b56406b58defc\">(Julio 2019)<\/p>\n\n\n\n<p class=\"has-black-color has-text-color has-link-color wp-elements-5824e71ef9cffc76ef6469bb6ff4bbb7\"><strong>Charla \u00abTornados\u00bb del Dr. Juan Inzunza, en el Museo de Historia Natural de Concepci\u00f3n (<a href=\"https:\/\/www.youtube.com\/watch?v=zl3T4pDHgEk&amp;t=7s\">parte 1<\/a>) (<a href=\"https:\/\/www.youtube.com\/watch?v=hTk54wjCb0M\">parte 2<\/a>)<\/strong><\/p>\n\n\n\n<p class=\"has-black-color has-text-color has-link-color wp-elements-4b410dea063828c0f8ee6fa51e67ce3e\">(Junio 2019)<\/p>\n\n\n\n<p class=\"has-black-color has-text-color has-link-color wp-elements-95ff691df7a7c3869a0fe85cacb5516f\"><strong><a href=\"https:\/\/www.youtube.com\/watch?v=l36J48JqKdM&amp;t=41s\">Entrevista a Dr. Mart\u00edn Jacques en Canal Regional sobre frentes de \u00abmal tiempo\u00bb de junio 2019<\/a><\/strong><\/p>\n\n\n\n<p class=\"has-black-color has-text-color has-link-color wp-elements-4b410dea063828c0f8ee6fa51e67ce3e\">(Junio 2019)<\/p>\n\n\n\n<p><strong>Entrevistas a Dr. Juan Inzunza acerca de los tornados observados en la Regi\u00f3n del B\u00edo B\u00edo en mayo de 2019 (<a href=\"https:\/\/www.radioagricultura.cl\/podcasts\/2019\/05\/31\/rompecabezas-viernes-31-mayo-2019.html\">Radio Agricultura<\/a>) (<a href=\"https:\/\/www.24horas.cl\/regiones\/biobio\/un-solo-tornado-pero-con-dos-zonas-de-destruccion-3357387\">TVN<\/a>).<\/strong><\/p>\n\n\n\n<p>(Mayo 2019)<\/p>\n\n\n\n<h4 class=\"wp-block-heading has-black-color has-text-color has-link-color wp-elements-cdcdf673fb221026034a1cdf7a24d027\"><a href=\"https:\/\/www.youtube.com\/watch?v=l36J48JqKdM\">Entrevista a Dr. Mart\u00edn Jacques en Canal 9 Regional, sobre frentes de nubosidad y lluvia que preocuparon a la prensa en mayo de 2019<\/a><\/h4>\n\n\n\n<p class=\"has-black-color has-text-color has-link-color wp-elements-745ba17520b8a8353975491c7bbdbcc3\">(Mayo 2019)<\/p>\n\n\n\n<p class=\"has-black-color has-text-color has-link-color wp-elements-35c4087862fde049c9a3bdaaddf586e2\"><a href=\"https:\/\/www.youtube.com\/watch?v=29bQ4wjncmM&amp;t=1223s\"><strong>Charla \u00abSegmento de 1922: pasado, presente y futuro\u00bb, de Dra. Ignacia Calisto, acerca de terremoto de ese a\u00f1o en el norte de Chile.<\/strong><\/a><\/p>\n\n\n\n<p class=\"has-black-color has-text-color has-link-color wp-elements-2271dc2cde9c529b40b16ee6e6d76d7b\">(Marzo 2019)<\/p>\n\n\n\n<p class=\"has-black-color has-text-color has-link-color wp-elements-062005558bb325c6a1761b9f7d361f97\"><strong><a href=\"https:\/\/www.canal9.cl\/programas\/frente-regional\/2019\/03\/25\/el-cambio-climatico-y-su-impacto-sobre-el-deficit-hidrico-en-la-region-del-bio-bio.shtml\">Entrevista a Dr. Aldo Montecinos: El cambio clim\u00e1tico y su impacto sobre el d\u00e9ficit h\u00eddrico en la Regi\u00f3n del B\u00edo B\u00edo, en Canal 9 Regional.<\/a><\/strong><\/p>\n\n\n\n<p class=\"has-black-color has-text-color has-link-color wp-elements-2271dc2cde9c529b40b16ee6e6d76d7b\">(Marzo 2019)<\/p>\n\n\n\n<p class=\"has-black-color has-text-color has-link-color wp-elements-16411e8d4bde3a53e70fe1f19514a808\"><a href=\"https:\/\/www.youtube.com\/watch?v=7ShHmPLI-VE&amp;t=283s\"><strong>Entrevista a Dr. Arturo Belmonte Villanueva acerca de terremoto de 2019 en M\u00e9xico y la importancia de las construcciones antis\u00edsmicas, en Canal 9 Regional<\/strong><\/a><\/p>\n\n\n\n<p>(Marzo 2019)<\/p>\n\n\n\n<h3 class=\"wp-block-heading\">&nbsp;<\/h3>\n\n\n\n<p class=\"has-black-color has-text-color has-link-color wp-elements-4c43494f9bbde42c3bb506772ff1714b\"><strong><a href=\"https:\/\/www.youtube.com\/watch?v=5A_35h6O5nI&amp;fbclid=IwAR1644CGdzCVEQ_DGR5WnUOgT8IZLbuaHCE0wsYkZp7njTwnv7MBA1wXODU\">Charla de Dr. Andr\u00e9s Sep\u00falveda Allende en evento de difusi\u00f3n cient\u00edfica Ciencia sin Ficci\u00f3n: \u00abChonos: Informaci\u00f3n oceanogr\u00e1fica para todos\u00bb<\/a><\/strong><\/p>\n\n\n\n<p>(Octubre 2018)<\/p>\n\n\n\n<h3 class=\"wp-block-heading\">&nbsp;<\/h3>\n\n\n\n<p class=\"has-black-color has-text-color has-link-color wp-elements-601cc0e31cf4c1814a8805dc9ab0b3d9\"><strong><a href=\"https:\/\/www.youtube.com\/channel\/UCiTIWUCUvQ08XYcAHx0zH-A\/videos?disable_polymer=1\">Salida a Terreno \u00abGeof\u00edsica Observacional\u00bb (Tierra S\u00f3lida) y tesistas a Curacaut\u00edn<\/a><\/strong><\/p>\n\n\n\n<p>(Octubre 2018)<\/p>\n\n\n\n<p class=\"has-black-color has-text-color has-link-color wp-elements-c983e364ec4cc0617299f9b3b7ce73b3\"><a href=\"https:\/\/www.24horas.cl\/regiones\/biobio\/explosiones-de-madrugada-alertaron-a-vecinos-de-talcahuano-2846377\"><strong>Nota de prensa, con entrevista a Dr. Matt Miller, acerca de explosiones desconocidas en Talcahuano que fueron registradas en sism\u00f3grafos; en TVN.<\/strong><\/a><\/p>\n\n\n\n<p>(Octubre 2018)<\/p>\n\n\n\n<p class=\"has-black-color has-text-color has-link-color wp-elements-bcdbffb18b293d8fba4575afcaa2af51\"><strong><a href=\"https:\/\/www.youtube.com\/watch?v=mnsbXUNI1jU&amp;t=72s\">Charla \u201cInterferometr\u00eda de Radar\u2026 y detecci\u00f3n de deformaciones en la superficie terrestre\u00bb<\/a><\/strong><\/p>\n\n\n\n<p class=\"has-black-color has-text-color has-link-color wp-elements-932fed79c60e14567723223e26e374e9\">(Charla del doctor en Ciencias de la Naturaleza Marcos Moreno Switt, agosto de 2018)<\/p>\n\n\n\n<p class=\"has-black-color has-text-color has-link-color wp-elements-4ff16929235ebb8b1efe84867db17c61\"><a href=\"https:\/\/www.youtube.com\/watch?v=VJghnSKXcOA\">Video \u00abContra Viento y Marea\u00bb<\/a><\/p>\n\n\n\n<p class=\"has-black-color has-text-color has-link-color wp-elements-f1cf00b7b6a6b91521b2c1ea0e93cb4e\">(Primer lugar p\u00fablico general del Concurso Nacional Mujeres Chilenas en Ciencias; basado en la realizaci\u00f3n cient\u00edfica de la investigadora del Departamento de Geof\u00edsica Dra. Ignacia Calisto Burgos. 2017).<\/p>\n\n\n\n<p class=\"has-black-color has-text-color has-link-color wp-elements-e4c88c68d0dd57fbc423bbb2ef22bec5\"><strong><a href=\"https:\/\/www.youtube.com\/watch?v=-Uyq_ABwj6Q&amp;t=353s\">Charla \u201cModelaci\u00f3n num\u00e9rica aplicada a energ\u00edas marinas: los desaf\u00edos en Chile\u201d<\/a><\/strong><\/p>\n\n\n\n<p class=\"has-black-color has-text-color has-link-color wp-elements-9ec6ded9da699edfab864a544f484bdd\">(Charla del doctor en oceanograf\u00eda Andr\u00e9s Sep\u00falveda Allende, diciembre de 2017).<\/p>\n\n\n\n<h3 class=\"wp-block-heading\">&nbsp;<\/h3>\n\n\n\n<p><strong>Quinto Congreso de Oceanograf\u00eda F\u00edsica, Meteorolog\u00eda y Clima del Pac\u00edfico Sur Oriental<\/strong><\/p>\n\n\n\n<p class=\"has-black-color has-text-color has-link-color wp-elements-11a1e7dcda5ee26f280a10793a60ddfb\"><strong><a href=\"https:\/\/www.youtube.com\/watch?v=eIipKJT3ttc\">Video 1<\/a>,&nbsp;<a href=\"https:\/\/www.youtube.com\/watch?v=6uHTJLMC6jQ\">video 2<\/a>,&nbsp;<a href=\"https:\/\/www.youtube.com\/watch?v=WethmtGeD9s\">video 3<\/a><\/strong><\/p>\n\n\n\n<p class=\"has-black-color has-text-color has-link-color wp-elements-83f26ffd77f9ff6d0e8a361b6e88137f\">(Realizado en la Universidad de Concepci\u00f3n, en noviembre de 2017, con aportes a la organizaci\u00f3n por parte de acad\u00e9micos y funcionarios de Geof\u00edsica y alta participaci\u00f3n expositiva del mismo Departamento).<\/p>\n\n\n\n<p class=\"has-black-color has-text-color has-link-color wp-elements-0ce260930015e5b5f37976944d95f9d3\"><strong><a href=\"https:\/\/www.youtube.com\/watch?v=7H9q4U-zwF0&amp;t=530s\">Charla \u00abTerremotos en Chile: desaf\u00edos para comprender su mec\u00e1nica\u00bb<\/a><\/strong><\/p>\n\n\n\n<p class=\"has-black-color has-text-color has-link-color wp-elements-a9cac82200018dc17fbcc591f7fea27c\">(Charla del doctor en Ciencias de la Naturaleza Marcos Moreno Switt, 13 de noviembre de 2017)<\/p>\n\n\n\n<p class=\"has-black-color has-text-color has-link-color wp-elements-ca98cf707c6a4e643d567cb37e6ec3ef\"><strong><a href=\"https:\/\/www.youtube.com\/watch?v=R_Vg_D4ue3o\">Clase Magistral Dr. Dante Figueroa, Semana de la Geof\u00edsica 2017<\/a><\/strong><\/p>\n\n\n\n<p class=\"has-black-color has-text-color has-link-color wp-elements-95f76bd4ba652b313063c349376d0779\">(Noviembre de 2017)<\/p>\n\n\n\n<p class=\"has-black-color has-text-color has-link-color wp-elements-5efc820f7e40eaedccdcb799a4b1d5b2\"><strong><a href=\"https:\/\/www.youtube.com\/watch?v=7ShHmPLI-VE\">Entrevista a doctor en sismolog\u00eda Arturo Belmonte Villanueva<\/a><\/strong><\/p>\n\n\n\n<p>(Conversaci\u00f3n en Matinal de Canal B\u00edo B\u00edo TV, en octubre de 2017, respecto de qu\u00e9 dependen los efectos de un terremoto en la vida humana).<\/p>\n\n\n\n<h3 class=\"wp-block-heading\">&nbsp;<\/h3>\n\n\n\n<p><strong>Documental \u00abLa Fuerza del Aire: Vientos Locales\u00bb<\/strong><\/p>\n\n\n\n<p><em>Autor: Eureka Chile (2015)<\/em><\/p>\n\n\n\n<figure class=\"wp-block-embed is-type-rich is-provider-gestor-del-servicio wp-block-embed-gestor-del-servicio\"><div class=\"wp-block-embed__wrapper\">\nhttps:\/\/youtube.com\/watch?v=8TxfauQWJ1Q%3Ffeature%3Doembed\n<\/div><\/figure>\n\n\n\n<h2 class=\"wp-block-heading\">&nbsp;<\/h2>\n\n\n\n<p>Ganador concurso de cortos Semana de la Geof\u00edsica 2015<\/p>\n\n\n\n<p><em>Autor: Fernando Vidal (2015).<\/em><\/p>\n\n\n\n<figure class=\"wp-block-embed\"><div class=\"wp-block-embed__wrapper\">\nhttps:\/\/www.youtube.com\/watch?v=FLMyQSecwAk#action=share\n<\/div><\/figure>\n\n\n\n<h3 class=\"wp-block-heading\">&nbsp;<\/h3>\n\n\n\n<h3 class=\"wp-block-heading\">&nbsp;<\/h3>\n\n\n\n<p><strong>\u00bfQu\u00e9 es Geof\u00edsica?<\/strong><\/p>\n\n\n\n<p><em>Autor: Jorge Quiroz, Dise\u00f1ador Gr\u00e1fico (2013).<\/em><\/p>\n\n\n\n<p>Video de difusi\u00f3n cient\u00edfica de la disciplina, creado en Motion Graphics.<\/p>\n\n\n\n<figure class=\"wp-block-embed is-type-rich is-provider-gestor-del-servicio wp-block-embed-gestor-del-servicio\"><div class=\"wp-block-embed__wrapper\">\nhttps:\/\/youtube.com\/watch?v=PPoJ1H9USq4%3Ffeature%3Doembed\n<\/div><\/figure>\n\n\n\n<p><strong>Festival de cortos, Semana de la Geof\u00edsica 2014<\/strong><\/p>\n\n\n\n<p><em>Autor: Camilo M\u00e1rquez, Noviembre de 2014<\/em><\/p>\n","protected":false},"excerpt":{"rendered":"<p>VIDEO DE LA CARRERA DE GEOF\u00cdSICA VIDEO DE LA INVESTIGACI\u00d3N DESDE GEOF\u00cdSICA UdeC Presentaci\u00f3n de la profesora de Geof\u00edsica UdeC Dra. Ignacia Calisto Burgos en Congreso Futuro 2024 (Enero 2024) El profesor de Geof\u00edsica V\u00edctor Villagr\u00e1n explica qu\u00e9 hace el Laboratorio de Medici\u00f3n, Innovaci\u00f3n y Desarrollo Geof\u00edsico de nuestro Departamento. (Enero 2024) \u00abLa carrera de [&hellip;]<\/p>\n","protected":false},"author":7,"featured_media":0,"parent":0,"menu_order":0,"comment_status":"closed","ping_status":"closed","template":"","meta":{"footnotes":""},"class_list":["post-9697","page","type-page","status-publish","hentry"],"_links":{"self":[{"href":"https:\/\/www.dgeo.udec.cl\/dev\/wp-json\/wp\/v2\/pages\/9697","targetHints":{"allow":["GET"]}}],"collection":[{"href":"https:\/\/www.dgeo.udec.cl\/dev\/wp-json\/wp\/v2\/pages"}],"about":[{"href":"https:\/\/www.dgeo.udec.cl\/dev\/wp-json\/wp\/v2\/types\/page"}],"author":[{"embeddable":true,"href":"https:\/\/www.dgeo.udec.cl\/dev\/wp-json\/wp\/v2\/users\/7"}],"replies":[{"embeddable":true,"href":"https:\/\/www.dgeo.udec.cl\/dev\/wp-json\/wp\/v2\/comments?post=9697"}],"version-history":[{"count":2,"href":"https:\/\/www.dgeo.udec.cl\/dev\/wp-json\/wp\/v2\/pages\/9697\/revisions"}],"predecessor-version":[{"id":9704,"href":"https:\/\/www.dgeo.udec.cl\/dev\/wp-json\/wp\/v2\/pages\/9697\/revisions\/9704"}],"wp:attachment":[{"href":"https:\/\/www.dgeo.udec.cl\/dev\/wp-json\/wp\/v2\/media?parent=9697"}],"curies":[{"name":"wp","href":"https:\/\/api.w.org\/{rel}","templated":true}]}}