{"id":9622,"date":"2025-09-22T11:59:12","date_gmt":"2025-09-22T14:59:12","guid":{"rendered":"https:\/\/www.dgeo.udec.cl\/dev\/?page_id=9622"},"modified":"2025-09-22T14:10:48","modified_gmt":"2025-09-22T17:10:48","slug":"syllabus-2025-1","status":"publish","type":"page","link":"https:\/\/www.dgeo.udec.cl\/dev\/syllabus-2025-1\/","title":{"rendered":"Syllabus 2025-1"},"content":{"rendered":"\n<h3 class=\"wp-block-heading\">Asignaturas Obligatorias<\/h3>\n\n\n\n<figure class=\"wp-block-table\"><table class=\"has-fixed-layout\"><tbody><tr><td><strong>C\u00f3digo<\/strong><\/td><td><strong>Asignatura<\/strong><\/td><td><strong>Profesor(a)<\/strong><\/td><\/tr><tr><td><strong>513416<\/strong><\/td><td><strong><a href=\"https:\/\/www.geofisica.udec.cl\/wp-content\/uploads\/sites\/4\/2024\/03\/513416-S-Syllabus-Instrumentacion-Geofisica-2024-1.pdf\">Instrumentaci\u00f3n Geof\u00edsica<\/a><\/strong><\/td><td><strong><a href=\"http:\/\/www.dgeo.udec.cl\/nosotros\/integrantes\/academicos\/victor-villagran\/\" target=\"_blank\" rel=\"noreferrer noopener\">Victor Villagr\u00e1n<\/a><\/strong><\/td><\/tr><tr><td><strong>513446<\/strong><\/td><td><strong><a href=\"https:\/\/www.geofisica.udec.cl\/wp-content\/uploads\/sites\/4\/2024\/03\/Syllabus_IBO_2024_S1.pdf\">Introducci\u00f3n a la Biogeoqu\u00edmica<\/a><\/strong><\/td><td><strong><a href=\"https:\/\/www.dgeo.udec.cl\/nosotros\/integrantes\/academicos\/carolina-parada-2\/\">Carolina Parada<\/a><\/strong><\/td><\/tr><\/tbody><\/table><\/figure>\n\n\n\n<h3 class=\"wp-block-heading\">Asignaturas Electivas<\/h3>\n\n\n\n<figure class=\"wp-block-table\"><table class=\"has-fixed-layout\"><tbody><tr><td><strong>C\u00f3digo<\/strong><\/td><td><strong>Asignatura<\/strong><\/td><td><strong>Profesor(a)<\/strong><\/td><\/tr><tr><td><strong>513491<\/strong><\/td><td><strong><a href=\"https:\/\/www.geofisica.udec.cl\/wp-content\/uploads\/sites\/4\/2024\/05\/513491_Syllabus_ER_2024-1.pdf\">Energ\u00edas Renovables<\/a><\/strong><\/td><td><a href=\"https:\/\/www.dgeo.udec.cl\/francisco-lang-tasso\/\"><strong>Francisco Lang<\/strong><\/a><\/td><\/tr><tr><td><strong>513428<\/strong><\/td><td><strong><a href=\"https:\/\/www.geofisica.udec.cl\/wp-content\/uploads\/sites\/4\/2024\/05\/513428_Syllabus_AEC_2024-1.pdf\">An\u00e1lisis Estad\u00edstico en Climatolog\u00eda<\/a><\/strong><\/td><td><a href=\"https:\/\/www.dgeo.udec.cl\/francisco-lang-tasso\/\"><strong>Francisco Lang<\/strong><\/a><\/td><\/tr><\/tbody><\/table><\/figure>\n\n\n\n<h3 class=\"wp-block-heading\">&nbsp;Asignaturas Complementarias<\/h3>\n\n\n\n<figure class=\"wp-block-table\"><table class=\"has-fixed-layout\"><tbody><tr><td><strong>C\u00f3digo<\/strong><\/td><td><strong>Asignatura<\/strong><\/td><td><strong>Profesor(a)<\/strong><\/td><\/tr><tr><td><strong>513132<\/strong><\/td><td><a href=\"https:\/\/www.geofisica.udec.cl\/wp-content\/uploads\/sites\/4\/2024\/03\/Syllabus_ciclo_2024_S1.pdf\"><strong>Ciclo de Seminarios I y II<\/strong><\/a><\/td><td><strong><a href=\"https:\/\/www.dgeo.udec.cl\/nosotros\/integrantes\/academicos\/carolina-parada-2\/\">Carolina Parada<\/a><\/strong><\/td><\/tr><\/tbody><\/table><\/figure>\n\n\n\n<h3 class=\"wp-block-heading\">&nbsp;Asignaturas de Servicio<\/h3>\n\n\n\n<figure class=\"wp-block-table\"><table class=\"has-fixed-layout\"><tbody><tr><td><strong>C\u00f3digo<\/strong><\/td><td><strong>Asignatura<\/strong><\/td><td><strong>Profesor<\/strong><\/td><\/tr><tr><td>&nbsp;<\/td><td>&nbsp;<\/td><td>&nbsp;<\/td><\/tr><\/tbody><\/table><\/figure>\n","protected":false},"excerpt":{"rendered":"<p>Asignaturas Obligatorias C\u00f3digo Asignatura Profesor(a) 513416 Instrumentaci\u00f3n Geof\u00edsica Victor Villagr\u00e1n 513446 Introducci\u00f3n a la Biogeoqu\u00edmica Carolina Parada Asignaturas Electivas C\u00f3digo Asignatura Profesor(a) 513491 Energ\u00edas Renovables Francisco Lang 513428 An\u00e1lisis Estad\u00edstico en Climatolog\u00eda Francisco Lang &nbsp;Asignaturas Complementarias C\u00f3digo Asignatura Profesor(a) 513132 Ciclo de Seminarios I y II Carolina Parada &nbsp;Asignaturas de Servicio C\u00f3digo Asignatura Profesor &nbsp; [&hellip;]<\/p>\n","protected":false},"author":7,"featured_media":0,"parent":0,"menu_order":0,"comment_status":"closed","ping_status":"closed","template":"","meta":{"footnotes":""},"class_list":["post-9622","page","type-page","status-publish","hentry"],"_links":{"self":[{"href":"https:\/\/www.dgeo.udec.cl\/dev\/wp-json\/wp\/v2\/pages\/9622","targetHints":{"allow":["GET"]}}],"collection":[{"href":"https:\/\/www.dgeo.udec.cl\/dev\/wp-json\/wp\/v2\/pages"}],"about":[{"href":"https:\/\/www.dgeo.udec.cl\/dev\/wp-json\/wp\/v2\/types\/page"}],"author":[{"embeddable":true,"href":"https:\/\/www.dgeo.udec.cl\/dev\/wp-json\/wp\/v2\/users\/7"}],"replies":[{"embeddable":true,"href":"https:\/\/www.dgeo.udec.cl\/dev\/wp-json\/wp\/v2\/comments?post=9622"}],"version-history":[{"count":1,"href":"https:\/\/www.dgeo.udec.cl\/dev\/wp-json\/wp\/v2\/pages\/9622\/revisions"}],"predecessor-version":[{"id":9623,"href":"https:\/\/www.dgeo.udec.cl\/dev\/wp-json\/wp\/v2\/pages\/9622\/revisions\/9623"}],"wp:attachment":[{"href":"https:\/\/www.dgeo.udec.cl\/dev\/wp-json\/wp\/v2\/media?parent=9622"}],"curies":[{"name":"wp","href":"https:\/\/api.w.org\/{rel}","templated":true}]}}