{"id":9074,"date":"2025-09-09T10:32:44","date_gmt":"2025-09-09T13:32:44","guid":{"rendered":"https:\/\/www.dgeo.udec.cl\/dev\/?page_id=9074"},"modified":"2025-09-22T14:29:06","modified_gmt":"2025-09-22T17:29:06","slug":"opciones-de-charlas","status":"publish","type":"page","link":"https:\/\/www.dgeo.udec.cl\/dev\/opciones-de-charlas\/","title":{"rendered":"Opciones de charlas"},"content":{"rendered":"<div class=\"wp-block-image\">\n<figure class=\"alignleft\"><img decoding=\"async\" src=\"http:\/\/www.geofisicaentucolegio.cl\/wp-content\/uploads\/sites\/5\/2016\/05\/r13-Custom-1-420x313.jpg\" alt=\"\" class=\"wp-image-95\" \/><\/figure>\n<\/div>\n\n\n<p><\/p>\n\n\n\n<p><\/p>\n\n\n\n<p><\/p>\n\n\n\n<p><\/p>\n\n\n\n<p><\/p>\n\n\n\n<p><\/p>\n\n\n\n<h3 class=\"wp-block-heading\">Requerimientos para las charlas<\/h3>\n\n\n\n<p>Existen talleres relacionados con nuestra disciplina, los que se componen de una primera parte introductoria (charla did\u00e1ctica) y en ocasiones de una segunda parte donde se desarrolla un experimento pr\u00e1ctico y sencillo. Para su ejecuci\u00f3n se requiere de:<\/p>\n\n\n\n<ul class=\"wp-block-list\">\n<li>Espacio f\u00edsico acorde a la cantidad de ni\u00f1os o j\u00f3venes<\/li>\n\n\n\n<li>Proyector<\/li>\n\n\n\n<li>Computador<\/li>\n\n\n\n<li>Internet (opcional)<\/li>\n<\/ul>\n\n\n\n<p><\/p>\n\n\n\n<h3 class=\"wp-block-heading\">Las charlas<\/h3>\n\n\n\n<p>Las charlas para estudiantes de Ense\u00f1anza B\u00e1sica y Media son los siguientes:<\/p>\n\n\n\n<ul class=\"wp-block-list\">\n<li><strong>La verdad del cambio clim\u00e1tico<\/strong><\/li>\n\n\n\n<li><strong>La Tierra: un planeta inquieto<\/strong><\/li>\n\n\n\n<li><strong>Glaciares, visi\u00f3n a futuro y su importancia\u00a0<\/strong><\/li>\n\n\n\n<li><strong>Energ\u00edas renovables y eficiencia energ\u00e9tica<\/strong><\/li>\n\n\n\n<li><strong>El Planeta Azul: oc\u00e9anos<\/strong><\/li>\n\n\n\n<li><strong>Atm\u00f3sfera: meteorolog\u00eda y clima<\/strong><\/li>\n<\/ul>\n\n\n\n<p><\/p>\n","protected":false},"excerpt":{"rendered":"<p>Requerimientos para las charlas Existen talleres relacionados con nuestra disciplina, los que se componen de una primera parte introductoria (charla did\u00e1ctica) y en ocasiones de una segunda parte donde se desarrolla un experimento pr\u00e1ctico y sencillo. Para su ejecuci\u00f3n se requiere de: Las charlas Las charlas para estudiantes de Ense\u00f1anza B\u00e1sica y Media son los [&hellip;]<\/p>\n","protected":false},"author":7,"featured_media":0,"parent":0,"menu_order":0,"comment_status":"closed","ping_status":"closed","template":"","meta":{"footnotes":""},"class_list":["post-9074","page","type-page","status-publish","hentry"],"_links":{"self":[{"href":"https:\/\/www.dgeo.udec.cl\/dev\/wp-json\/wp\/v2\/pages\/9074","targetHints":{"allow":["GET"]}}],"collection":[{"href":"https:\/\/www.dgeo.udec.cl\/dev\/wp-json\/wp\/v2\/pages"}],"about":[{"href":"https:\/\/www.dgeo.udec.cl\/dev\/wp-json\/wp\/v2\/types\/page"}],"author":[{"embeddable":true,"href":"https:\/\/www.dgeo.udec.cl\/dev\/wp-json\/wp\/v2\/users\/7"}],"replies":[{"embeddable":true,"href":"https:\/\/www.dgeo.udec.cl\/dev\/wp-json\/wp\/v2\/comments?post=9074"}],"version-history":[{"count":3,"href":"https:\/\/www.dgeo.udec.cl\/dev\/wp-json\/wp\/v2\/pages\/9074\/revisions"}],"predecessor-version":[{"id":9080,"href":"https:\/\/www.dgeo.udec.cl\/dev\/wp-json\/wp\/v2\/pages\/9074\/revisions\/9080"}],"wp:attachment":[{"href":"https:\/\/www.dgeo.udec.cl\/dev\/wp-json\/wp\/v2\/media?parent=9074"}],"curies":[{"name":"wp","href":"https:\/\/api.w.org\/{rel}","templated":true}]}}