{"id":9072,"date":"2025-09-09T10:31:16","date_gmt":"2025-09-09T13:31:16","guid":{"rendered":"https:\/\/www.dgeo.udec.cl\/dev\/?page_id=9072"},"modified":"2025-09-22T14:26:12","modified_gmt":"2025-09-22T17:26:12","slug":"que-somos","status":"publish","type":"page","link":"https:\/\/www.dgeo.udec.cl\/dev\/que-somos\/","title":{"rendered":"\u00bfQu\u00e9 somos?"},"content":{"rendered":"\n<p>\u00abGeof\u00edsica en tu Colegio\u00bb es un programa de divulgaci\u00f3n de la ciencia dirigido a estudiantes de ense\u00f1anza media y b\u00e1sica.<\/p>\n\n\n\n<p>Se compone de charlas basadas en las \u00e1reas de estudio de la Geof\u00edsica: Atm\u00f3sfera, Oc\u00e9ano y Tierra S\u00f3lida (Terremotos y Tsunamis), adem\u00e1s de temas espec\u00edficos por su importancia o especificidad, como Cambio Clim\u00e1tico, Nieves y Glaciares, Energ\u00edas Renovables y Eficiencia Energ\u00e9tica.<\/p>\n\n\n\n<p>El objetivo del programa&nbsp;<strong>Geof\u00edsica en tu Colegio&nbsp;<\/strong>es llevar a las aulas ciencia entretenida y f\u00e1cil de entender, que muestre el funcionamiento de la Tierra a trav\u00e9s de la f\u00edsica y la matem\u00e1tica, de modo de:<\/p>\n\n\n\n<ul class=\"wp-block-list\">\n<li>Incentivar a los ni\u00f1os, ni\u00f1as y j\u00f3venes en el \u00e1rea cient\u00edfica<\/li>\n<\/ul>\n\n\n\n<ul class=\"wp-block-list\">\n<li>Colaborar con los profesores y profesoras en el proceso de ense\u00f1anza\/aprendizaje de los estudiantes, ya que nuestras charlas repasan temas y contenidos exigidos por los programas del Ministerio de Educaci\u00f3n.<\/li>\n\n\n\n<li>Apoyar el trabajo de los clubes o talleres de ciencia de los colegios a trav\u00e9s de la invitaci\u00f3n o realizaci\u00f3n conjunta de iniciativas.<\/li>\n<\/ul>\n\n\n\n<p><\/p>\n\n\n\n<h2 class=\"wp-block-heading\">Inv\u00edtanos<\/h2>\n\n\n<div class=\"wp-block-image\">\n<figure class=\"alignleft\"><img decoding=\"async\" src=\"http:\/\/www.geofisicaentucolegio.cl\/wp-content\/uploads\/sites\/5\/2016\/09\/DSC_2083-Custom.jpg\" alt=\"\" class=\"wp-image-469\" \/><\/figure>\n<\/div>\n\n\n<p><\/p>\n\n\n\n<p>Si eres profesora, profesor o estudiante de entre quinto b\u00e1sico a cuarto medio, y quieres que visitemos tu colegio o liceo, s\u00f3lo debes contactarte con nosotros para coordinar la charla que deseas desarrollar.<\/p>\n\n\n\n<p>Complementariamente, puedes informarnos de la existencia de un club o taller de ciencias en tu colegio o del inter\u00e9s de crearlos, para lo cual podemos apoyarlos con actividades conjuntas.<\/p>\n\n\n\n<p>Por \u00faltimo, tambi\u00e9n puedes contactarnos si deseas recibir m\u00e1s informaci\u00f3n de la carrera de Geof\u00edsica.<\/p>\n\n\n\n<p>Contacto:<br><strong>Alejandro Ba\u00f1o Oyarce.<\/strong><br><strong>Coordinador Programa Geof\u00edsica en tu Colegio<\/strong><br><strong>Departamento de Geof\u00edsica Universidad de Concepci\u00f3n<\/strong><br>Tel. (56 41) 220 31 00<br>Mail:&nbsp;<a href=\";\" target=\"_blank\" rel=\"noreferrer noopener\">abano@udec.cl<\/a><\/p>\n\n\n\n<p><\/p>\n\n\n\n<h2 class=\"wp-block-heading\">Monitores<\/h2>\n\n\n\n<p>Los monitores y monitoras de nuestras actividades son estudiantes de la carrera de Geof\u00edsica de la Universidad de Concepci\u00f3n, de distintos a\u00f1os y especialidades.<\/p>\n\n\n\n<p>Cada tema tiene determinados monitores y monitoras, quienes se han preparado para realizar las exposiciones.<\/p>\n\n\n\n<figure class=\"wp-block-image is-resized\"><a href=\"https:\/\/www.geofisicaentucolegio.cl\/2022\/10\/11\/monitors-participan-en-primera-feria-tras-la-pandemia\/dscn0392\/\"><img decoding=\"async\" src=\"https:\/\/www.geofisicaentucolegio.cl\/wp-content\/uploads\/sites\/5\/2022\/10\/DSCN0392-420x315.jpg\" alt=\"\" style=\"width:424px;height:auto\" \/><\/a><\/figure>\n\n\n\n<figure class=\"wp-block-image\"><a href=\"https:\/\/www.geofisicaentucolegio.cl\/quienes-somos\/monitores\/5-2\/\"><img decoding=\"async\" src=\"https:\/\/www.geofisicaentucolegio.cl\/wp-content\/uploads\/sites\/5\/2023\/03\/5-420x294.jpg\" alt=\"\" \/><\/a><\/figure>\n\n\n\n<figure class=\"wp-block-image\"><a href=\"https:\/\/www.geofisicaentucolegio.cl\/2022\/10\/11\/monitors-participan-en-primera-feria-tras-la-pandemia\/dscn0413\/\"><img decoding=\"async\" src=\"https:\/\/www.geofisicaentucolegio.cl\/wp-content\/uploads\/sites\/5\/2022\/10\/DSCN0413-420x315.jpg\" alt=\"\" \/><\/a><\/figure>\n","protected":false},"excerpt":{"rendered":"<p>\u00abGeof\u00edsica en tu Colegio\u00bb es un programa de divulgaci\u00f3n de la ciencia dirigido a estudiantes de ense\u00f1anza media y b\u00e1sica. Se compone de charlas basadas en las \u00e1reas de estudio de la Geof\u00edsica: Atm\u00f3sfera, Oc\u00e9ano y Tierra S\u00f3lida (Terremotos y Tsunamis), adem\u00e1s de temas espec\u00edficos por su importancia o especificidad, como Cambio Clim\u00e1tico, Nieves y [&hellip;]<\/p>\n","protected":false},"author":7,"featured_media":0,"parent":0,"menu_order":0,"comment_status":"closed","ping_status":"closed","template":"","meta":{"footnotes":""},"class_list":["post-9072","page","type-page","status-publish","hentry"],"_links":{"self":[{"href":"https:\/\/www.dgeo.udec.cl\/dev\/wp-json\/wp\/v2\/pages\/9072","targetHints":{"allow":["GET"]}}],"collection":[{"href":"https:\/\/www.dgeo.udec.cl\/dev\/wp-json\/wp\/v2\/pages"}],"about":[{"href":"https:\/\/www.dgeo.udec.cl\/dev\/wp-json\/wp\/v2\/types\/page"}],"author":[{"embeddable":true,"href":"https:\/\/www.dgeo.udec.cl\/dev\/wp-json\/wp\/v2\/users\/7"}],"replies":[{"embeddable":true,"href":"https:\/\/www.dgeo.udec.cl\/dev\/wp-json\/wp\/v2\/comments?post=9072"}],"version-history":[{"count":2,"href":"https:\/\/www.dgeo.udec.cl\/dev\/wp-json\/wp\/v2\/pages\/9072\/revisions"}],"predecessor-version":[{"id":9077,"href":"https:\/\/www.dgeo.udec.cl\/dev\/wp-json\/wp\/v2\/pages\/9072\/revisions\/9077"}],"wp:attachment":[{"href":"https:\/\/www.dgeo.udec.cl\/dev\/wp-json\/wp\/v2\/media?parent=9072"}],"curies":[{"name":"wp","href":"https:\/\/api.w.org\/{rel}","templated":true}]}}