{"id":9055,"date":"2025-09-04T13:10:45","date_gmt":"2025-09-04T16:10:45","guid":{"rendered":"https:\/\/www.dgeo.udec.cl\/dev\/?page_id=9055"},"modified":"2025-09-22T14:13:58","modified_gmt":"2025-09-22T17:13:58","slug":"titulads","status":"publish","type":"page","link":"https:\/\/www.dgeo.udec.cl\/dev\/titulads\/","title":{"rendered":"Titulados"},"content":{"rendered":"\n<p class=\"has-vivid-cyan-blue-background-color has-background\"><strong>Rodrigo Cifuentes Lobos<\/strong>, titulado en septiembre de 2022. (<a href=\"http:\/\/repositorio.udec.cl\/jspui\/handle\/11594\/10096\">Tesis de mag\u00edster<\/a>)<\/p>\n\n\n\n<p class=\"has-luminous-vivid-amber-background-color has-background\"><strong>Carlos Tassara Guti\u00e9rrez<\/strong>, titulado en enero de 2023. (<a href=\"http:\/\/repositorio.udec.cl\/jspui\/handle\/11594\/10571\">Tesis de mag\u00edster<\/a>)<\/p>\n\n\n\n<p class=\"has-vivid-cyan-blue-background-color has-background\"><strong>Javiera San Mart\u00edn Parra,&nbsp;<\/strong>titulado en mayo de 2023. (<a href=\"http:\/\/repositorio.udec.cl\/jspui\/handle\/11594\/10801\">Tesis de mag\u00edster<\/a>)<\/p>\n\n\n\n<p class=\"has-luminous-vivid-amber-background-color has-background\"><strong>Pablo Urra Tapia,<\/strong>&nbsp;titulado en junio de 2023. (<a href=\"http:\/\/repositorio.udec.cl\/jspui\/handle\/11594\/10837\">Tesis de mag\u00edster<\/a>)<\/p>\n\n\n\n<p class=\"has-vivid-cyan-blue-background-color has-background\"><strong>Iv\u00e1n Almendra Gajardo,&nbsp;<\/strong>titulado en septiembre de 2023. (<a href=\"http:\/\/repositorio.udec.cl\/jspui\/handle\/11594\/11193\">Tesis de mag\u00edster<\/a>)<\/p>\n\n\n\n<p class=\"has-luminous-vivid-amber-background-color has-background\"><strong>Sebasti\u00e1n Barra Cisterna,<\/strong>&nbsp;titulado en septiembre de 2023. (<a href=\"http:\/\/repositorio.udec.cl\/jspui\/handle\/11594\/11203\">Tesis de mag\u00edster<\/a>)<\/p>\n\n\n\n<p class=\"has-vivid-cyan-blue-background-color has-background\"><strong>Abel Gonz\u00e1lez Estay<\/strong>, titulado en noviembre de 2023. (<a href=\"http:\/\/repositorio.udec.cl\/jspui\/handle\/11594\/11472\">Tesis de mag\u00edster<\/a>)<\/p>\n\n\n\n<p class=\"has-luminous-vivid-amber-background-color has-background\"><strong>Sebasti\u00e1n N\u00fa\u00f1ez Jara<\/strong>, titulado en marzo de 2024. (<a href=\"http:\/\/repositorio.udec.cl\/jspui\/handle\/11594\/11925\">Tesis de mag\u00edster<\/a>)<\/p>\n\n\n\n<p class=\"has-vivid-cyan-blue-background-color has-background\"><strong>Lucas Crisosto Urrutia<\/strong>, titulado en abril de 2024. (<a href=\"http:\/\/repositorio.udec.cl\/jspui\/handle\/11594\/12002\">Tesis de mag\u00edster<\/a>)<\/p>\n\n\n\n<p class=\"has-luminous-vivid-amber-background-color has-background\"><strong>Valentina Mundaca Armijo<\/strong>, titulada en junio de 2024. (<a href=\"https:\/\/magister.dgeo.udec.cl\/wp-content\/uploads\/sites\/8\/2024\/11\/Mundaca_a_v_2024_MAG.pdf\">Tesis de mag\u00edster<\/a>)<\/p>\n\n\n\n<p class=\"has-vivid-cyan-blue-background-color has-background\"><strong>Constanza Amaya C\u00e1rcamo<\/strong>, titulada en octubre de 2024. (<a href=\"https:\/\/magister.dgeo.udec.cl\/wp-content\/uploads\/sites\/8\/2024\/11\/amaya_c_c_2024_MGGEOF.pdf\">Tesis de mag\u00edster<\/a>)<\/p>\n\n\n\n<p class=\"has-luminous-vivid-amber-background-color has-background\"><strong>Noem\u00ed Alarc\u00f3n<\/strong>&nbsp;<strong>M\u00e1rquez<\/strong>, titulada en noviembre de 2024. (<a href=\"https:\/\/magister.dgeo.udec.cl\/wp-content\/uploads\/sites\/8\/2024\/12\/Alarcon_m_n_2024_MAG.pdf\">Tesis de mag\u00edster<\/a>)<\/p>\n\n\n\n<p class=\"has-vivid-cyan-blue-background-color has-background\"><strong>Valentina Inzunza Garc\u00eda<\/strong>, titulada en enero de 2025. (<a href=\"https:\/\/magister.dgeo.udec.cl\/wp-content\/uploads\/sites\/8\/2025\/06\/VInzunza_Tesis_MagisterEnGeofisica.pdf\">Tesis de mag\u00edster<\/a>)<\/p>\n\n\n\n<p class=\"has-luminous-vivid-amber-background-color has-background\"><strong>Camila Quijada Meza<\/strong>, titulada en enero de 2025. (<a href=\"https:\/\/magister.dgeo.udec.cl\/wp-content\/uploads\/sites\/8\/2025\/07\/Tesis.Mg.CQuijada.UdeC2.pdf\">Tesis de mag\u00edster<\/a>)<\/p>\n\n\n\n<p class=\"has-vivid-cyan-blue-background-color has-background\"><strong>Leonardo Y\u00e9venes Vega<\/strong>, titulado en junio de 2025. (<a href=\"https:\/\/magister.dgeo.udec.cl\/wp-content\/uploads\/sites\/8\/2025\/06\/Tesis_LYevenes_2025_Magister.pdf\">Tesis de mag\u00edster<\/a>)<\/p>\n\n\n\n<p class=\"has-luminous-vivid-amber-background-color has-background\"><strong>Javiera \u00c1lvarez Vargas<\/strong>, titulada en junio de 2025.<\/p>\n","protected":false},"excerpt":{"rendered":"<p>Rodrigo Cifuentes Lobos, titulado en septiembre de 2022. (Tesis de mag\u00edster) Carlos Tassara Guti\u00e9rrez, titulado en enero de 2023. (Tesis de mag\u00edster) Javiera San Mart\u00edn Parra,&nbsp;titulado en mayo de 2023. (Tesis de mag\u00edster) Pablo Urra Tapia,&nbsp;titulado en junio de 2023. (Tesis de mag\u00edster) Iv\u00e1n Almendra Gajardo,&nbsp;titulado en septiembre de 2023. (Tesis de mag\u00edster) Sebasti\u00e1n Barra [&hellip;]<\/p>\n","protected":false},"author":7,"featured_media":0,"parent":0,"menu_order":0,"comment_status":"closed","ping_status":"closed","template":"","meta":{"footnotes":""},"class_list":["post-9055","page","type-page","status-publish","hentry"],"_links":{"self":[{"href":"https:\/\/www.dgeo.udec.cl\/dev\/wp-json\/wp\/v2\/pages\/9055","targetHints":{"allow":["GET"]}}],"collection":[{"href":"https:\/\/www.dgeo.udec.cl\/dev\/wp-json\/wp\/v2\/pages"}],"about":[{"href":"https:\/\/www.dgeo.udec.cl\/dev\/wp-json\/wp\/v2\/types\/page"}],"author":[{"embeddable":true,"href":"https:\/\/www.dgeo.udec.cl\/dev\/wp-json\/wp\/v2\/users\/7"}],"replies":[{"embeddable":true,"href":"https:\/\/www.dgeo.udec.cl\/dev\/wp-json\/wp\/v2\/comments?post=9055"}],"version-history":[{"count":2,"href":"https:\/\/www.dgeo.udec.cl\/dev\/wp-json\/wp\/v2\/pages\/9055\/revisions"}],"predecessor-version":[{"id":9640,"href":"https:\/\/www.dgeo.udec.cl\/dev\/wp-json\/wp\/v2\/pages\/9055\/revisions\/9640"}],"wp:attachment":[{"href":"https:\/\/www.dgeo.udec.cl\/dev\/wp-json\/wp\/v2\/media?parent=9055"}],"curies":[{"name":"wp","href":"https:\/\/api.w.org\/{rel}","templated":true}]}}