{"id":9053,"date":"2025-09-04T13:08:07","date_gmt":"2025-09-04T16:08:07","guid":{"rendered":"https:\/\/www.dgeo.udec.cl\/dev\/?page_id=9053"},"modified":"2025-09-30T16:49:44","modified_gmt":"2025-09-30T19:49:44","slug":"estudiantes-tesistas","status":"publish","type":"page","link":"https:\/\/www.dgeo.udec.cl\/dev\/estudiantes-tesistas\/","title":{"rendered":"Estudiantes tesistas"},"content":{"rendered":"\n<p class=\"has-text-align-center has-luminous-vivid-amber-background-color has-background has-medium-font-size\"><strong>Nataly Antipil Huenchum\u00e1n<\/strong>    <img decoding=\"async\" class=\"wp-image-1111\" style=\"width: 200px\" src=\"https:\/\/magister.dgeo.udec.cl\/wp-content\/uploads\/sites\/8\/2025\/07\/Nataly-Antipil.jpg\" alt=\"\"><\/p>\n\n\n\n<p class=\"has-text-align-center has-vivid-cyan-blue-background-color has-background has-medium-font-size\"><strong>Sergio Baham\u00f3ndez Palza    <\/strong><img decoding=\"async\" class=\"wp-image-970\" style=\"width: 240px\" src=\"https:\/\/magister.dgeo.udec.cl\/wp-content\/uploads\/sites\/8\/2024\/09\/Sergio-Bahamondez-scaled-e1725464662553.jpg\" alt=\"\"><\/p>\n\n\n\n<p class=\"has-text-align-center has-luminous-vivid-amber-background-color has-background has-medium-font-size\"><strong>Javier Campos N\u00fa\u00f1ez    <\/strong><img decoding=\"async\" class=\"wp-image-1118\" style=\"width: 240px\" src=\"https:\/\/magister.dgeo.udec.cl\/wp-content\/uploads\/sites\/8\/2025\/07\/Javier-Campos-y-rector.jpg\" alt=\"\"><\/p>\n\n\n\n<p class=\"has-text-align-center has-vivid-cyan-blue-background-color has-background has-medium-font-size\"><strong>Oscar Cartes Esquivel <\/strong>   <img decoding=\"async\" class=\"wp-image-785\" style=\"width: 270px\" src=\"https:\/\/magister.dgeo.udec.cl\/wp-content\/uploads\/sites\/8\/2024\/06\/20240530-Proyecto-de-tesis-Oscar-Cartes-Esquivel.jpg\" alt=\"\"><\/p>\n\n\n\n<p class=\"has-text-align-center has-luminous-vivid-amber-background-color has-background has-medium-font-size\"><strong>Francisca Chirino Garrido <\/strong>  <img decoding=\"async\" class=\"wp-image-1071\" style=\"width: 280px\" src=\"https:\/\/magister.dgeo.udec.cl\/wp-content\/uploads\/sites\/8\/2025\/04\/Francisca-Chirino-scaled.jpeg\" alt=\"\"><\/p>\n\n\n\n<p class=\"has-text-align-center has-vivid-cyan-blue-background-color has-background has-medium-font-size\"><strong>Hayleen Cid Arias<\/strong>   <img decoding=\"async\" class=\"wp-image-1102\" style=\"width: 240px\" src=\"https:\/\/magister.dgeo.udec.cl\/wp-content\/uploads\/sites\/8\/2025\/07\/DSCN0017.jpg\" alt=\"\"><\/p>\n\n\n\n<p class=\"has-text-align-center has-luminous-vivid-amber-background-color has-background has-medium-font-size\"><strong>Mat\u00edas Fern\u00e1ndez Palma<\/strong>   <img decoding=\"async\" class=\"wp-image-793\" style=\"width: 240px\" src=\"https:\/\/magister.dgeo.udec.cl\/wp-content\/uploads\/sites\/8\/2024\/06\/20220503-Matias-Fernandez-2.png\" alt=\"\"><\/p>\n\n\n\n<p class=\"has-text-align-center has-vivid-cyan-blue-background-color has-background has-medium-font-size\"><strong>Ernesto Gonz\u00e1lez Pinilla<\/strong>   <img decoding=\"async\" class=\"wp-image-828\" style=\"width: 260px\" src=\"https:\/\/magister.dgeo.udec.cl\/wp-content\/uploads\/sites\/8\/2024\/06\/Ernesto-Gonzalez-1.jpg\" alt=\"\"><\/p>\n\n\n\n<p class=\"has-text-align-center has-luminous-vivid-amber-background-color has-background has-medium-font-size\"><strong>Catalina Llancaleo Araya<\/strong>   <img decoding=\"async\" class=\"wp-image-1105\" style=\"width: 200px\" src=\"https:\/\/magister.dgeo.udec.cl\/wp-content\/uploads\/sites\/8\/2025\/07\/20240619-HP-y-tesis-m-Catalina-Llancaleo.jpg\" alt=\"\"><\/p>\n\n\n\n<p class=\"has-text-align-center has-vivid-cyan-blue-background-color has-background has-medium-font-size\"><strong>Luz Monsalves Riquelme <\/strong>   <img decoding=\"async\" class=\"wp-image-989\" style=\"width: 240px\" src=\"https:\/\/magister.dgeo.udec.cl\/wp-content\/uploads\/sites\/8\/2024\/10\/DSCN0221-copia.jpg\" alt=\"\"><\/p>\n\n\n\n<p class=\"has-text-align-center has-luminous-vivid-amber-background-color has-background has-medium-font-size\"><strong>Jos\u00e9 Olivares Mu\u00f1oz<\/strong>   <img decoding=\"async\" class=\"wp-image-798\" style=\"width: 270px\" src=\"https:\/\/magister.dgeo.udec.cl\/wp-content\/uploads\/sites\/8\/2024\/06\/20240510-Defensa-magister-Jose-Olivares.jpg\" alt=\"\"><\/p>\n\n\n\n<p class=\"has-text-align-center has-vivid-cyan-blue-background-color has-background has-medium-font-size\"><strong>Sof\u00eda Palacios Riveros<\/strong>   <img decoding=\"async\" class=\"wp-image-829\" style=\"width: 240px\" src=\"https:\/\/magister.dgeo.udec.cl\/wp-content\/uploads\/sites\/8\/2024\/06\/Sofia-Palacios-1.jpeg\" alt=\"\"><\/p>\n\n\n\n<p class=\"has-text-align-center has-luminous-vivid-amber-background-color has-background has-medium-font-size\"><strong> Ignacio Partarrieu Andrade<\/strong>   <img decoding=\"async\" class=\"wp-image-973\" style=\"width: 240px\" src=\"https:\/\/magister.dgeo.udec.cl\/wp-content\/uploads\/sites\/8\/2024\/09\/FullSizeRender-scaled.jpeg\" alt=\"\"><\/p>\n\n\n\n<p class=\"has-text-align-center has-vivid-cyan-blue-background-color has-background has-medium-font-size\"><strong>Camila Pincheira Uribe<\/strong>   <img decoding=\"async\" class=\"wp-image-990\" style=\"width: 320px\" src=\"https:\/\/magister.dgeo.udec.cl\/wp-content\/uploads\/sites\/8\/2024\/10\/DSCN0194-scaled.jpg\" alt=\"\"><\/p>\n\n\n\n<p class=\"has-text-align-center has-luminous-vivid-amber-background-color has-background has-medium-font-size\"><strong>Juan Rojas Castro<\/strong>   <img decoding=\"async\" class=\"wp-image-991\" style=\"width: 350px\" src=\"https:\/\/magister.dgeo.udec.cl\/wp-content\/uploads\/sites\/8\/2024\/10\/DSCN0227-scaled.jpg\" alt=\"\"><\/p>\n\n\n\n<p class=\"has-text-align-center has-vivid-cyan-blue-background-color has-background has-medium-font-size\"><strong>Natalia Ruiz Zenteno  <\/strong> <img decoding=\"async\" class=\"wp-image-831\" style=\"width: 240px\" src=\"https:\/\/magister.dgeo.udec.cl\/wp-content\/uploads\/sites\/8\/2024\/06\/Natalia-Ruiz.jpg\" alt=\"\"><\/p>\n\n\n\n<p class=\"has-text-align-center has-luminous-vivid-amber-background-color has-background has-medium-font-size\"><strong>Karen Sanhueza Manr\u00edquez <\/strong>  <img decoding=\"async\" class=\"wp-image-830\" style=\"width: 260px\" src=\"https:\/\/magister.dgeo.udec.cl\/wp-content\/uploads\/sites\/8\/2024\/06\/Karen-Sanhueza-1.jpg\" alt=\"\"><\/p>\n\n\n\n<p class=\"has-text-align-center has-vivid-cyan-blue-background-color has-background has-medium-font-size\"><strong>Danae Sep\u00falveda Mart\u00ednez<\/strong>   <img decoding=\"async\" class=\"wp-image-993\" style=\"width: 330px\" src=\"https:\/\/magister.dgeo.udec.cl\/wp-content\/uploads\/sites\/8\/2024\/10\/DSCN0251-scaled.jpg\" alt=\"\"><\/p>\n\n\n\n<p class=\"has-text-align-center has-luminous-vivid-amber-background-color has-background has-medium-font-size\"><strong>Luis Tapia Arroyo <\/strong>  <img decoding=\"async\" class=\"wp-image-1107\" style=\"width: 280px\" src=\"https:\/\/magister.dgeo.udec.cl\/wp-content\/uploads\/sites\/8\/2025\/07\/DSCN0155.jpg\" alt=\"\"><\/p>\n\n\n\n<p class=\"has-text-align-center has-vivid-cyan-blue-background-color has-background has-medium-font-size\"><strong>Tom\u00e1s Valderrama<\/strong> <strong>Platz <\/strong>  <img decoding=\"async\" class=\"wp-image-1109\" style=\"width: 280px\" src=\"https:\/\/magister.dgeo.udec.cl\/wp-content\/uploads\/sites\/8\/2025\/07\/Tomas-Valderrama-PLatz-scaled.jpg\" alt=\"\"><\/p>\n\n\n\n<p class=\"has-text-align-center has-luminous-vivid-amber-background-color has-background has-medium-font-size\"><strong>Noelia Vejar Ulloa<\/strong>   <img decoding=\"async\" class=\"wp-image-1113\" style=\"width: 200px\" src=\"https:\/\/magister.dgeo.udec.cl\/wp-content\/uploads\/sites\/8\/2025\/07\/20250707-HP-y-proy-M.-Noelia-Vejar-Ulloa.jpg\" alt=\"\"><\/p>\n\n\n\n<p class=\"has-text-align-center has-vivid-cyan-blue-background-color has-background has-medium-font-size\"><strong>Alex Villarroel Carrasco<\/strong>   <img decoding=\"async\" class=\"wp-image-827\" style=\"width: 280px\" src=\"https:\/\/magister.dgeo.udec.cl\/wp-content\/uploads\/sites\/8\/2024\/06\/Alex-Villarroel-1.jpeg\" alt=\"\"><\/p>\n\n\n\n<p><\/p>\n","protected":false},"excerpt":{"rendered":"<p>Nataly Antipil Huenchum\u00e1n Sergio Baham\u00f3ndez Palza Javier Campos N\u00fa\u00f1ez Oscar Cartes Esquivel Francisca Chirino Garrido Hayleen Cid Arias Mat\u00edas Fern\u00e1ndez Palma Ernesto Gonz\u00e1lez Pinilla Catalina Llancaleo Araya Luz Monsalves Riquelme Jos\u00e9 Olivares Mu\u00f1oz Sof\u00eda Palacios Riveros Ignacio Partarrieu Andrade Camila Pincheira Uribe Juan Rojas Castro Natalia Ruiz Zenteno Karen Sanhueza Manr\u00edquez Danae Sep\u00falveda Mart\u00ednez Luis [&hellip;]<\/p>\n","protected":false},"author":7,"featured_media":0,"parent":0,"menu_order":0,"comment_status":"closed","ping_status":"closed","template":"","meta":{"footnotes":""},"class_list":["post-9053","page","type-page","status-publish","hentry"],"_links":{"self":[{"href":"https:\/\/www.dgeo.udec.cl\/dev\/wp-json\/wp\/v2\/pages\/9053","targetHints":{"allow":["GET"]}}],"collection":[{"href":"https:\/\/www.dgeo.udec.cl\/dev\/wp-json\/wp\/v2\/pages"}],"about":[{"href":"https:\/\/www.dgeo.udec.cl\/dev\/wp-json\/wp\/v2\/types\/page"}],"author":[{"embeddable":true,"href":"https:\/\/www.dgeo.udec.cl\/dev\/wp-json\/wp\/v2\/users\/7"}],"replies":[{"embeddable":true,"href":"https:\/\/www.dgeo.udec.cl\/dev\/wp-json\/wp\/v2\/comments?post=9053"}],"version-history":[{"count":3,"href":"https:\/\/www.dgeo.udec.cl\/dev\/wp-json\/wp\/v2\/pages\/9053\/revisions"}],"predecessor-version":[{"id":9734,"href":"https:\/\/www.dgeo.udec.cl\/dev\/wp-json\/wp\/v2\/pages\/9053\/revisions\/9734"}],"wp:attachment":[{"href":"https:\/\/www.dgeo.udec.cl\/dev\/wp-json\/wp\/v2\/media?parent=9053"}],"curies":[{"name":"wp","href":"https:\/\/api.w.org\/{rel}","templated":true}]}}