{"id":9051,"date":"2025-09-04T12:40:14","date_gmt":"2025-09-04T15:40:14","guid":{"rendered":"https:\/\/www.dgeo.udec.cl\/dev\/?page_id=9051"},"modified":"2025-09-24T10:27:56","modified_gmt":"2025-09-24T13:27:56","slug":"requisitos-becas-y-postulacion","status":"publish","type":"page","link":"https:\/\/www.dgeo.udec.cl\/dev\/requisitos-becas-y-postulacion\/","title":{"rendered":"Requisitos, Becas y Postulaci\u00f3n"},"content":{"rendered":"\n<h2 class=\"wp-block-heading\">Requisitos de Admisi\u00f3n<\/h2>\n\n\n\n<p>1. Formulario de postulaci\u00f3n con fundamentaci\u00f3n de su ingreso al<br>&nbsp;&nbsp;&nbsp;&nbsp;&nbsp;programa.<\/p>\n\n\n\n<p><strong><a href=\"https:\/\/magister.dgeo.udec.cl\/postulacion-en-la-web-udec\/\" target=\"_blank\" rel=\"noreferrer noopener\">(C\u00f3mo postular en la web, paso a paso)<\/a><\/strong><\/p>\n\n\n\n<p>&nbsp;2. Fotocopia legalizada del grado de Licenciado o T\u00edtulo Profesional.<\/p>\n\n\n\n<p><br>&nbsp;3. Fotocopia legalizada de las calificaciones, incluyendo informaci\u00f3n<br>&nbsp;&nbsp;&nbsp;sobre&nbsp;el&nbsp;sistema&nbsp;de&nbsp;calificaci\u00f3n.<\/p>\n\n\n\n<p>&nbsp;4. Certificado de nacimiento.<\/p>\n\n\n\n<p>&nbsp;5. Fotocopia c\u00e9dula de identidad.<\/p>\n\n\n\n<p>&nbsp;6. Certificado m\u00e9dico de salud compatible.<\/p>\n\n\n\n<p>&nbsp;7. Certificado de afiliaci\u00f3n a un sistema previsional de<br>&nbsp;&nbsp;&nbsp;salud (FONASA, ISAPRE u otro). Postulantes extranjeros: seguro de<br>&nbsp;&nbsp;&nbsp;salud y de&nbsp; accidentes v\u00e1lido en Chile.<\/p>\n\n\n\n<p><br>8. Certificado del Fondo de Cr\u00e9dito Solidario, s\u00f3lo para titulados de<br>&nbsp;&nbsp;&nbsp;la&nbsp;Universidad&nbsp;de&nbsp;Concepci\u00f3n.<\/p>\n\n\n\n<p>&nbsp;9.&nbsp;Una&nbsp;fotograf\u00eda&nbsp;tama\u00f1o&nbsp;carnet&nbsp;(con&nbsp;nombre&nbsp;y&nbsp;N\u00ba&nbsp;RUN).<\/p>\n\n\n\n<p>10. Patrocinio o autorizaci\u00f3n de la instituci\u00f3n a la cual pertenece,<br>&nbsp;&nbsp;&nbsp;cuando&nbsp;corresponda.<\/p>\n\n\n\n<p>Documentaci\u00f3n complementaria, seg\u00fan requerimientos del programa correspondiente<\/p>\n\n\n\n<p>a)&nbsp;Fotocopia&nbsp;legalizada&nbsp;de&nbsp;concentraci\u00f3n&nbsp;de&nbsp;notas&nbsp;o&nbsp;informe<br>&nbsp;&nbsp;&nbsp;curricular&nbsp;&nbsp;y ranking de la promoci\u00f3n (si la instituci\u00f3n lo otorga).<br>&nbsp;&nbsp;&nbsp;<\/p>\n\n\n\n<p>d)&nbsp;Carta&nbsp;de&nbsp;patrocinio&nbsp;de&nbsp;alg\u00fan&nbsp;profesor&nbsp;del&nbsp;programa,&nbsp;ya&nbsp;sea&nbsp;como<br>&nbsp;&nbsp;&nbsp;profesor gu\u00eda o apoyando la postulaci\u00f3n<\/p>\n\n\n\n<p><a href=\"https:\/\/magister.dgeo.udec.cl\/wp-content\/uploads\/sites\/8\/2021\/12\/CARTA-DE-PATROCINIO.pdf\">CARTA DE PATROCINIO<\/a><a href=\"https:\/\/magister.dgeo.udec.cl\/wp-content\/uploads\/sites\/8\/2021\/12\/CARTA-DE-PATROCINIO.pdf\">Descarga<\/a><\/p>\n\n\n\n<p>b)&nbsp;Certificado&nbsp;de&nbsp;alumno&nbsp;regular&nbsp;(en&nbsp;caso&nbsp;de&nbsp;articulaci\u00f3n&nbsp;con&nbsp;pregrado).<br>&nbsp;&nbsp;<\/p>\n\n\n\n<p>e)&nbsp;Carta&nbsp;de&nbsp;intenci\u00f3n&nbsp;que&nbsp;debe&nbsp;incorporar:&nbsp;breve&nbsp;descripci\u00f3n&nbsp;de&nbsp;su<br>&nbsp;&nbsp;&nbsp;experiencia, planes de desarrollo durante los dos a\u00f1os que dura<br>&nbsp;&nbsp;&nbsp;el&nbsp;programa&nbsp;de&nbsp;Mag\u00edster,&nbsp;justificaci\u00f3n&nbsp;de&nbsp;la&nbsp;postulaci\u00f3n&nbsp;al&nbsp;programa<br>&nbsp;&nbsp;&nbsp;de Mag\u00edster en Geof\u00edsica y, en lo posible, la l\u00ednea de desarrollo, incluyendo metodol\u00f3gica como \u00e1rea de inter\u00e9s.<\/p>\n\n\n\n<p><br>f) El Comit\u00e9 de Postgrado entrevistar\u00e1 a los y las postulantes en<br>&nbsp;&nbsp;&nbsp;los casos en que sea necesario aclarar dudas.<\/p>\n\n\n\n<p><br>g)&nbsp;Acreditar&nbsp;dominio&nbsp;de&nbsp;ingl\u00e9s&nbsp;con&nbsp;un&nbsp;certificado&nbsp;B1+&nbsp;o&nbsp;equivalente.<\/p>\n\n\n\n<p><br>h) Hasta tres cartas de recomendaciones. Idealmente una de su lugar de<br>&nbsp;&nbsp;&nbsp;pregrado.<\/p>\n\n\n\n<p><a href=\"https:\/\/magister.dgeo.udec.cl\/wp-content\/uploads\/sites\/8\/2021\/12\/INFORME-RECOMENDADOR.pdf\">INFORME RECOMENDADOR<\/a><a href=\"https:\/\/magister.dgeo.udec.cl\/wp-content\/uploads\/sites\/8\/2021\/12\/INFORME-RECOMENDADOR.pdf\">Descarga<\/a><\/p>\n\n\n\n<p>La documentaci\u00f3n debe ser enviada al correo&nbsp;<a href=\"https:\/\/magister.dgeo.udec.cl\/requisitos\/smae_decode('cG9zdHVsYWNpb25tYWdpc3RlcmVuZ2VvZmlzaWNhQGRnZW8udWRlYy5jbA==');\">postulacionmagisterengeofisica@dgeo.udec.cl<\/a><\/p>\n\n\n\n<h4 class=\"wp-block-heading\"><\/h4>\n\n\n\n<h2 class=\"wp-block-heading\">Requisitos de Graduaci\u00f3n<\/h2>\n\n\n\n<p>Para obtener el grado de Mag\u00edster en Geof\u00edsica, el candidato deber\u00e1 aprobar el plan de estudios establecido: Asignaturas B\u00e1sicas, 10 cr\u00e9ditos; Especialidad, 9 cr\u00e9ditos; y Tesis.<\/p>\n\n\n\n<p>Documentar el env\u00edo a revisi\u00f3n de un manuscrito a una revista ISI o equivalente.<\/p>\n\n\n\n<p><\/p>\n\n\n\n<h1 class=\"wp-block-heading\">Becas<\/h1>\n\n\n\n<p><a href=\"https:\/\/anid.cl\/capital-humano-2\/magister-nacional\/\">Magister Nacional<\/a>&nbsp;(Agencia Nacional de Investigaci\u00f3n y Desarrollo)<\/p>\n\n\n\n<p><a href=\"https:\/\/anid.cl\/capital-humano-2\/magister-para-funcionarios-publicos\/\">Mag\u00edster para Funcionarios y Funcionarias del sector P\u00fablico<\/a>&nbsp;(Agencia Nacional de Investigaci\u00f3n y Desarrollo)<\/p>\n\n\n\n<p><a href=\"https:\/\/becas.alianzapacifico.net\/\">Alianza del Pac\u00edfico<\/a><\/p>\n\n\n\n<p><a href=\"https:\/\/www.agci.cl\/becas\/becas-para-chilenos\">Agencia de Cooperaci\u00f3n Internacional de Chile para el Desarrollo&nbsp;<\/a><\/p>\n\n\n\n<p><a href=\"https:\/\/postgrado.udec.cl\/es\/becas\">Otras becas<\/a><\/p>\n\n\n\n<p><\/p>\n\n\n\n<h1 class=\"wp-block-heading\">Postula aqu\u00ed<\/h1>\n\n\n\n<p><a href=\"https:\/\/postgrado.udec.cl\/programas\/programa\/magister\/4319\">https:\/\/postgrado.udec.cl\/programas\/programa\/magister\/4319<\/a><\/p>\n","protected":false},"excerpt":{"rendered":"<p>Requisitos de Admisi\u00f3n 1. Formulario de postulaci\u00f3n con fundamentaci\u00f3n de su ingreso al&nbsp;&nbsp;&nbsp;&nbsp;&nbsp;programa. (C\u00f3mo postular en la web, paso a paso) &nbsp;2. Fotocopia legalizada del grado de Licenciado o T\u00edtulo Profesional. &nbsp;3. Fotocopia legalizada de las calificaciones, incluyendo informaci\u00f3n&nbsp;&nbsp;&nbsp;sobre&nbsp;el&nbsp;sistema&nbsp;de&nbsp;calificaci\u00f3n. &nbsp;4. Certificado de nacimiento. &nbsp;5. Fotocopia c\u00e9dula de identidad. &nbsp;6. Certificado m\u00e9dico de salud compatible. &nbsp;7. [&hellip;]<\/p>\n","protected":false},"author":7,"featured_media":0,"parent":0,"menu_order":0,"comment_status":"closed","ping_status":"closed","template":"","meta":{"footnotes":""},"class_list":["post-9051","page","type-page","status-publish","hentry"],"_links":{"self":[{"href":"https:\/\/www.dgeo.udec.cl\/dev\/wp-json\/wp\/v2\/pages\/9051","targetHints":{"allow":["GET"]}}],"collection":[{"href":"https:\/\/www.dgeo.udec.cl\/dev\/wp-json\/wp\/v2\/pages"}],"about":[{"href":"https:\/\/www.dgeo.udec.cl\/dev\/wp-json\/wp\/v2\/types\/page"}],"author":[{"embeddable":true,"href":"https:\/\/www.dgeo.udec.cl\/dev\/wp-json\/wp\/v2\/users\/7"}],"replies":[{"embeddable":true,"href":"https:\/\/www.dgeo.udec.cl\/dev\/wp-json\/wp\/v2\/comments?post=9051"}],"version-history":[{"count":2,"href":"https:\/\/www.dgeo.udec.cl\/dev\/wp-json\/wp\/v2\/pages\/9051\/revisions"}],"predecessor-version":[{"id":9696,"href":"https:\/\/www.dgeo.udec.cl\/dev\/wp-json\/wp\/v2\/pages\/9051\/revisions\/9696"}],"wp:attachment":[{"href":"https:\/\/www.dgeo.udec.cl\/dev\/wp-json\/wp\/v2\/media?parent=9051"}],"curies":[{"name":"wp","href":"https:\/\/api.w.org\/{rel}","templated":true}]}}