{"id":9049,"date":"2025-09-04T12:37:00","date_gmt":"2025-09-04T15:37:00","guid":{"rendered":"https:\/\/www.dgeo.udec.cl\/dev\/?page_id=9049"},"modified":"2025-09-24T10:27:24","modified_gmt":"2025-09-24T13:27:24","slug":"docentes","status":"publish","type":"page","link":"https:\/\/www.dgeo.udec.cl\/dev\/docentes\/","title":{"rendered":"Docentes"},"content":{"rendered":"\n<h5 class=\"wp-block-heading\"><a href=\"https:\/\/www.dgeo.udec.cl\/nosotros\/integrantes\/academicos\/rodrigo-abarca\/\">Rodrigo Abarca del R\u00edo<\/a><\/h5>\n\n\n\n<h5 class=\"wp-block-heading\"><a href=\"https:\/\/investigadores.conicyt.cl\/es\/public_search\/researcher?id=8351\">Rodolfo Araya Dur\u00e1n<\/a><\/h5>\n\n\n\n<h5 class=\"wp-block-heading\"><a href=\"https:\/\/scholar.google.com\/citations?user=68nvIQkAAAAJ&amp;hl=es&amp;oi=ao\/\">Ignacia Calisto Burgos<\/a><\/h5>\n\n\n\n<h5 class=\"wp-block-heading\"><a href=\"https:\/\/scholar.google.com\/citations?user=iAnJLBsAAAAJ&amp;hl=es&amp;oi=ao\">Mart\u00edn Jacques Coper<\/a><\/h5>\n\n\n\n<h5 class=\"wp-block-heading\"><a href=\"https:\/\/www.dgeo.udec.cl\/nosotros\/integrantes\/academicos\/matthew-robert-miller\/\">Matthew Miller<\/a><\/h5>\n\n\n\n<h5 class=\"wp-block-heading\"><a href=\"https:\/\/scholar.google.com\/citations?user=8flfTOMAAAAJ&amp;hl=es&amp;oi=ao\">Gonzalo Montalva Alvarado<\/a><\/h5>\n\n\n\n<h5 class=\"wp-block-heading\"><a href=\"https:\/\/scholar.google.ca\/citations?hl=en&amp;user=UQyEoToAAAAJ&amp;view_op=list_works&amp;sortby=pubdate\">Luc\u00eda Scaff Fuenzalida&nbsp;<\/a><\/h5>\n\n\n\n<h5 class=\"wp-block-heading\"><a href=\"https:\/\/scholar.google.com\/citations?user=rjr5R3kAAAAJ&amp;hl=es&amp;oi=ao\">Carolina Parada V\u00e9liz<\/a><\/h5>\n\n\n\n<h5 class=\"wp-block-heading\"><a href=\"https:\/\/scholar.google.com\/citations?user=Bb8bLeEAAAAJ&amp;hl=es&amp;oi=ao\">Oscar Pizarro Arriagada<\/a><\/h5>\n\n\n\n<h5 class=\"wp-block-heading\"><a href=\"https:\/\/scholar.google.com\/citations?user=L8DETrwAAAAJ&amp;hl=es&amp;oi=ao\">Andr\u00e9s Sep\u00falveda Allende<\/a><\/h5>\n\n\n\n<h5 class=\"wp-block-heading\"><a href=\"https:\/\/scholar.google.com\/citations?user=i9ttSQQAAAAJ&amp;hl=es&amp;oi=ao\">Andr\u00e9s Tassara Oddo<\/a><\/h5>\n\n\n\n<h5 class=\"wp-block-heading\"><a href=\"https:\/\/scholar.google.com\/citations?user=ksxtS88AAAAJ&amp;hl=es&amp;oi=ao\">Ver\u00f3nica Oliveros Clavijo<\/a><\/h5>\n\n\n\n<h5 class=\"wp-block-heading\"><a href=\"https:\/\/scholar.google.ca\/citations?user=7muzax4AAAAJ&amp;hl=en&amp;oi=ao\">Santiago Y\u00e9pez Figueroa<\/a><\/h5>\n\n\n\n<h5 class=\"wp-block-heading\"><a href=\"https:\/\/scholar.google.com\/citations?user=CUIXRq0AAAAJ&amp;hl=es&amp;oi=ao\">Ver\u00e1 Oerder Gautron<\/a><\/h5>\n\n\n\n<h2 class=\"wp-block-heading\">&nbsp;<\/h2>\n\n\n\n<h2 class=\"wp-block-heading\"><strong>Profesores Visitantes<\/strong><\/h2>\n\n\n\n<h5 class=\"wp-block-heading\"><a href=\"https:\/\/scholar.google.com\/citations?user=82f1hx0AAAAJ&amp;hl=es&amp;oi=ao\">Boris Dewitte<\/a><\/h5>\n\n\n\n<h5 class=\"wp-block-heading\"><a href=\"https:\/\/scholar.google.com\/citations?user=7rMU8bMAAAAJ&amp;hl=es&amp;oi=ao\">Praxedes Mu\u00f1oz Parra<\/a><\/h5>\n\n\n\n<p><\/p>\n","protected":false},"excerpt":{"rendered":"<p>Rodrigo Abarca del R\u00edo Rodolfo Araya Dur\u00e1n Ignacia Calisto Burgos Mart\u00edn Jacques Coper Matthew Miller Gonzalo Montalva Alvarado Luc\u00eda Scaff Fuenzalida&nbsp; Carolina Parada V\u00e9liz Oscar Pizarro Arriagada Andr\u00e9s Sep\u00falveda Allende Andr\u00e9s Tassara Oddo Ver\u00f3nica Oliveros Clavijo Santiago Y\u00e9pez Figueroa Ver\u00e1 Oerder Gautron &nbsp; Profesores Visitantes Boris Dewitte Praxedes Mu\u00f1oz Parra<\/p>\n","protected":false},"author":7,"featured_media":0,"parent":0,"menu_order":0,"comment_status":"closed","ping_status":"closed","template":"","meta":{"footnotes":""},"class_list":["post-9049","page","type-page","status-publish","hentry"],"_links":{"self":[{"href":"https:\/\/www.dgeo.udec.cl\/dev\/wp-json\/wp\/v2\/pages\/9049","targetHints":{"allow":["GET"]}}],"collection":[{"href":"https:\/\/www.dgeo.udec.cl\/dev\/wp-json\/wp\/v2\/pages"}],"about":[{"href":"https:\/\/www.dgeo.udec.cl\/dev\/wp-json\/wp\/v2\/types\/page"}],"author":[{"embeddable":true,"href":"https:\/\/www.dgeo.udec.cl\/dev\/wp-json\/wp\/v2\/users\/7"}],"replies":[{"embeddable":true,"href":"https:\/\/www.dgeo.udec.cl\/dev\/wp-json\/wp\/v2\/comments?post=9049"}],"version-history":[{"count":2,"href":"https:\/\/www.dgeo.udec.cl\/dev\/wp-json\/wp\/v2\/pages\/9049\/revisions"}],"predecessor-version":[{"id":9695,"href":"https:\/\/www.dgeo.udec.cl\/dev\/wp-json\/wp\/v2\/pages\/9049\/revisions\/9695"}],"wp:attachment":[{"href":"https:\/\/www.dgeo.udec.cl\/dev\/wp-json\/wp\/v2\/media?parent=9049"}],"curies":[{"name":"wp","href":"https:\/\/api.w.org\/{rel}","templated":true}]}}