{"id":9042,"date":"2025-09-04T12:34:27","date_gmt":"2025-09-04T15:34:27","guid":{"rendered":"https:\/\/www.dgeo.udec.cl\/dev\/?page_id=9042"},"modified":"2025-09-24T10:11:38","modified_gmt":"2025-09-24T13:11:38","slug":"planes-de-estudio","status":"publish","type":"page","link":"https:\/\/www.dgeo.udec.cl\/dev\/planes-de-estudio\/","title":{"rendered":"Mag\u00edster en Geof\u00edsica"},"content":{"rendered":"\n<p class=\"has-medium-font-size\"><strong>Planes de Estudio<\/strong><\/p>\n\n\n\n<p>El programa de Mag\u00edster en Geof\u00edsica tiene por misi\u00f3n formar graduados con una visi\u00f3n integrada e interdisciplinaria del sistema Tierra, sustentada en el manejo, procesamiento y an\u00e1lisis de observaciones o de resultados de modelos geof\u00edsicos. Esta formaci\u00f3n aporta las competencias anal\u00edticas necesarias para la adquisici\u00f3n de nuevo conocimiento y la comprensi\u00f3n y resoluci\u00f3n de problem\u00e1ticas asociadas al estudio del oc\u00e9ano, la atm\u00f3sfera, la tierra s\u00f3lida, las energ\u00edas renovables y los peligros naturales.<\/p>\n\n\n\n<p><\/p>\n\n\n\n<h3 class=\"wp-block-heading\"><\/h3>\n\n\n\n<figure class=\"wp-block-image\"><img decoding=\"async\" src=\"https:\/\/magister.dgeo.udec.cl\/wp-content\/uploads\/sites\/8\/2023\/08\/Diapositiva1-1-1024x576.jpg\" alt=\"\" class=\"wp-image-697\" \/><\/figure>\n\n\n\n<h3 class=\"wp-block-heading\"><\/h3>\n\n\n\n<figure class=\"wp-block-image\"><img decoding=\"async\" src=\"https:\/\/magister.dgeo.udec.cl\/wp-content\/uploads\/sites\/8\/2023\/08\/Diapositiva2-1-1024x576.jpg\" alt=\"\" class=\"wp-image-698\" \/><\/figure>\n\n\n\n<h4 class=\"wp-block-heading\"><strong>Asignaturas de tipo B\u00e1sica<\/strong><\/h4>\n\n\n\n<p>F<strong>UNDAMENTOS Y SEMINARIO DE INVESTIGACI\u00d3N<\/strong>. Cr\u00e9ditos: 3.<br><strong>GEOF\u00cdSICA OBSERVACIONAL AVANZADA<\/strong>. Cr\u00e9ditos: 3.<br><strong>M\u00c9TODOS MATEM\u00c1TICOS PARA GEOF\u00cdSICOS<\/strong>. Cr\u00e9ditos: 3.<br><strong>PROYECTO DE TESIS<\/strong>. Cr\u00e9ditos: 1.<br><strong>SERIES DE TIEMPO Y AN\u00e1LISIS ESPACIAL DE DATOS GEOF\u00edSICOS<\/strong>: Cr\u00e9ditos: 3.<\/p>\n\n\n\n<h4 class=\"wp-block-heading\"><strong>Asignaturas de tipo Especialidad<\/strong><\/h4>\n\n\n\n<p><strong>AN\u00c1LISIS DE DATOS SISMOL\u00d3GICOS.<\/strong>&nbsp;Cr\u00e9ditos: 3.<br><strong>AN\u00c1LISIS ESTAD\u00cdSTICO EN CLIMATOLOG\u00cdA.<\/strong>&nbsp;Cr\u00e9ditos: 3.<br><strong>BIOGEOQU\u00cdMICA DEL OC\u00c9ANO.<\/strong>&nbsp;Cr\u00e9ditos: 3.<br><strong>CLIMATOLOG\u00cdA DEL HEMISFERIO SUR.<\/strong>&nbsp;Cr\u00e9ditos: 3.<br><strong>CLIMATOLOG\u00cdA F\u00cdSICA GLOBAL.<\/strong>&nbsp;Cr\u00e9ditos: 3.<br><strong>DIN\u00c1MICA DE FLUIDOS<\/strong>. Cr\u00e9ditos: 3.<br><strong>DIN\u00c1MICA DEL OC\u00c9ANO.<\/strong>&nbsp;Cr\u00e9ditos: 3.<br><strong>GEODIN\u00c1MICA ANDINA.<\/strong>&nbsp;Cr\u00e9ditos: 4.<br><strong>GEOTECT\u00d3NICA S\u00cdSMICA<\/strong>. Cr\u00e9ditos: 4.<br><strong>MODELACI\u00d3N APLICADA DEL OC\u00c9ANO.<\/strong>&nbsp;Cr\u00e9ditos: 3.<br><strong>MODELACI\u00d3N DE PROCESOS ACOPLADOS AL OC\u00c9ANO.<\/strong>&nbsp;Cr\u00e9ditos: 3.<br><strong>MODELACI\u00d3N NUM\u00c9RICA DE LA ATM\u00d3SFERA.<\/strong>&nbsp;Cr\u00e9ditos: 3.<br><strong>OCEANOGRAF\u00cdA DEL PAC\u00cdFICO SUR ORIENTAL.<\/strong>&nbsp;Cr\u00e9ditos: 3.<br><strong>PERCEPCI\u00d3N REMOTA Y SIG.<\/strong>&nbsp;Cr\u00e9ditos: 3.<br><strong>SISMOLOG\u00cdA APLICADA Y DE EXPLORACI\u00d3N.<\/strong>&nbsp;Cr\u00e9ditos: 4.<br><strong>SISTEMAS DE OBSERVACI\u00d3N INTEGRADOS AL OC\u00c9ANO.<\/strong>&nbsp;Cr\u00e9ditos: 3.<br><strong>TSUNAMI: TEOR\u00cdA Y MODELACI\u00d3N.<\/strong>&nbsp;Cr\u00e9ditos: 3.<br><strong>VARIABILIDAD Y CAMBIO CLIM\u00c1TICO.<\/strong>&nbsp;Cr\u00e9ditos: 3.<a href=\"http:\/\/magister.dgeo.udec.cl\/feed\/rss\/\" target=\"_blank\" rel=\"noreferrer noopener\"><\/a><\/p>\n\n\n\n<p><\/p>\n","protected":false},"excerpt":{"rendered":"<p>Planes de Estudio El programa de Mag\u00edster en Geof\u00edsica tiene por misi\u00f3n formar graduados con una visi\u00f3n integrada e interdisciplinaria del sistema Tierra, sustentada en el manejo, procesamiento y an\u00e1lisis de observaciones o de resultados de modelos geof\u00edsicos. Esta formaci\u00f3n aporta las competencias anal\u00edticas necesarias para la adquisici\u00f3n de nuevo conocimiento y la comprensi\u00f3n y [&hellip;]<\/p>\n","protected":false},"author":7,"featured_media":9584,"parent":0,"menu_order":0,"comment_status":"closed","ping_status":"closed","template":"","meta":{"footnotes":""},"class_list":["post-9042","page","type-page","status-publish","has-post-thumbnail","hentry"],"_links":{"self":[{"href":"https:\/\/www.dgeo.udec.cl\/dev\/wp-json\/wp\/v2\/pages\/9042","targetHints":{"allow":["GET"]}}],"collection":[{"href":"https:\/\/www.dgeo.udec.cl\/dev\/wp-json\/wp\/v2\/pages"}],"about":[{"href":"https:\/\/www.dgeo.udec.cl\/dev\/wp-json\/wp\/v2\/types\/page"}],"author":[{"embeddable":true,"href":"https:\/\/www.dgeo.udec.cl\/dev\/wp-json\/wp\/v2\/users\/7"}],"replies":[{"embeddable":true,"href":"https:\/\/www.dgeo.udec.cl\/dev\/wp-json\/wp\/v2\/comments?post=9042"}],"version-history":[{"count":3,"href":"https:\/\/www.dgeo.udec.cl\/dev\/wp-json\/wp\/v2\/pages\/9042\/revisions"}],"predecessor-version":[{"id":9686,"href":"https:\/\/www.dgeo.udec.cl\/dev\/wp-json\/wp\/v2\/pages\/9042\/revisions\/9686"}],"wp:featuredmedia":[{"embeddable":true,"href":"https:\/\/www.dgeo.udec.cl\/dev\/wp-json\/wp\/v2\/media\/9584"}],"wp:attachment":[{"href":"https:\/\/www.dgeo.udec.cl\/dev\/wp-json\/wp\/v2\/media?parent=9042"}],"curies":[{"name":"wp","href":"https:\/\/api.w.org\/{rel}","templated":true}]}}