{"id":9037,"date":"2025-08-28T16:18:56","date_gmt":"2025-08-28T19:18:56","guid":{"rendered":"https:\/\/www.dgeo.udec.cl\/dev\/?page_id=9037"},"modified":"2025-09-22T14:10:02","modified_gmt":"2025-09-22T17:10:02","slug":"syllabus-por-asignatura","status":"publish","type":"page","link":"https:\/\/www.dgeo.udec.cl\/dev\/syllabus-por-asignatura\/","title":{"rendered":"Syllabus por asignatura"},"content":{"rendered":"\n<p>En esta secci\u00f3n los alumnos y alumnas encontrar\u00e1n los Syllabus de las asignaturas. En estos documentos se especifican aspectos acad\u00e9micos, como temas, lecturas complementarias, actividades, tareas y objetivos; as\u00ed como la explicaci\u00f3n del sistema de evaluaci\u00f3n que ser\u00e1 aplicado.<\/p>\n\n\n\n<ul class=\"wp-block-list\">\n<li><strong><a href=\"http:\/\/www.geofisica.udec.cl\/syllabi\/2017-1\/\" target=\"_blank\" rel=\"noreferrer noopener\">Syllabus cursos primer semestre 2025<\/a><\/strong><\/li>\n\n\n\n<li><strong><a href=\"http:\/\/www.geofisica.udec.cl\/syllabus-2017-2\/\" target=\"_blank\" rel=\"noreferrer noopener\">Syllabus cursos segundo semestre 2025<\/a><\/strong><\/li>\n<\/ul>\n\n\n\n<p><\/p>\n","protected":false},"excerpt":{"rendered":"<p>En esta secci\u00f3n los alumnos y alumnas encontrar\u00e1n los Syllabus de las asignaturas. En estos documentos se especifican aspectos acad\u00e9micos, como temas, lecturas complementarias, actividades, tareas y objetivos; as\u00ed como la explicaci\u00f3n del sistema de evaluaci\u00f3n que ser\u00e1 aplicado.<\/p>\n","protected":false},"author":7,"featured_media":0,"parent":0,"menu_order":0,"comment_status":"closed","ping_status":"closed","template":"","meta":{"footnotes":""},"class_list":["post-9037","page","type-page","status-publish","hentry"],"_links":{"self":[{"href":"https:\/\/www.dgeo.udec.cl\/dev\/wp-json\/wp\/v2\/pages\/9037","targetHints":{"allow":["GET"]}}],"collection":[{"href":"https:\/\/www.dgeo.udec.cl\/dev\/wp-json\/wp\/v2\/pages"}],"about":[{"href":"https:\/\/www.dgeo.udec.cl\/dev\/wp-json\/wp\/v2\/types\/page"}],"author":[{"embeddable":true,"href":"https:\/\/www.dgeo.udec.cl\/dev\/wp-json\/wp\/v2\/users\/7"}],"replies":[{"embeddable":true,"href":"https:\/\/www.dgeo.udec.cl\/dev\/wp-json\/wp\/v2\/comments?post=9037"}],"version-history":[{"count":1,"href":"https:\/\/www.dgeo.udec.cl\/dev\/wp-json\/wp\/v2\/pages\/9037\/revisions"}],"predecessor-version":[{"id":9039,"href":"https:\/\/www.dgeo.udec.cl\/dev\/wp-json\/wp\/v2\/pages\/9037\/revisions\/9039"}],"wp:attachment":[{"href":"https:\/\/www.dgeo.udec.cl\/dev\/wp-json\/wp\/v2\/media?parent=9037"}],"curies":[{"name":"wp","href":"https:\/\/api.w.org\/{rel}","templated":true}]}}