{"id":9033,"date":"2025-08-28T16:16:40","date_gmt":"2025-08-28T19:16:40","guid":{"rendered":"https:\/\/www.dgeo.udec.cl\/dev\/?page_id=9033"},"modified":"2025-09-22T14:04:36","modified_gmt":"2025-09-22T17:04:36","slug":"inscripcion-de-asignaturas-tutorias-terrenos-y-practicas","status":"publish","type":"page","link":"https:\/\/www.dgeo.udec.cl\/dev\/inscripcion-de-asignaturas-tutorias-terrenos-y-practicas\/","title":{"rendered":"Inscripci\u00f3n de asignaturas, tutor\u00edas, terrenos y pr\u00e1cticas"},"content":{"rendered":"\n<h3 class=\"wp-block-heading\">Proceso de inscripci\u00f3n de asignaturas<\/h3>\n\n\n\n<p>Para todos los alumnos y alumnas que ingresan a primer a\u00f1o, o que llevan su carga acad\u00e9mica al d\u00eda, la inscripci\u00f3n de asignaturas es autom\u00e1tica. En caso contrario, deben seguir el siguiente procedimiento:<\/p>\n\n\n\n<ol class=\"wp-block-list\">\n<li>El(La) alumno(a) deber\u00e1 imprimir desde su p\u00e1gina personal de&nbsp;<em>\u201cInfoalumno\u201d<\/em>&nbsp; la oferta acad\u00e9mica que el sistema le arroja.<\/li>\n\n\n\n<li>Luego deber\u00e1 concertar una reuni\u00f3n con su tutor, reuni\u00f3n en la que debe presentarse con dos documentos: 1) la oferta de asignaturas impresas desde \u201cInfoalumno\u201d y 2) el formulario de Pre Inscripci\u00f3n de asignaturas que puede descargar desde&nbsp;<a href=\"https:\/\/www.geofisica.udec.cl\/wp-content\/uploads\/sites\/4\/2014\/07\/FORMULARIO-PRE-INSCRIPCION-2014.pdf\" target=\"_blank\" rel=\"noreferrer noopener\">AQU\u00cd<\/a>.<\/li>\n\n\n\n<li>En la reuni\u00f3n con su tutor, el(la) alumno o alumna discutir\u00e1 y recibir\u00e1 la orientaci\u00f3n necesaria para llevar a cabo un \u00f3ptimo proceso de inscripci\u00f3n de asignaturas, el cual se concretar\u00e1 cuando complete el formulario de Pre Inscripci\u00f3n y \u00e9ste sea aprobado y firmado por su respectivo tutor o tutora.<\/li>\n\n\n\n<li>Posteriormente, el(la) estudiante deber\u00e1 entregar el Formulario de Inscripci\u00f3n de Asignatura firmado por el tutor o tutora al Jefe de Carrera, quien lo visar\u00e1 y proceder\u00e1 a la inscripci\u00f3n formal en el sistema.<\/li>\n\n\n\n<li>En el caso de que la o el estudiante requiera inscribir una asignatura de car\u00e1cter Complementario (ramos de formaci\u00f3n general), puede hacerlo directamente con la secretaria de la carrera.<\/li>\n<\/ol>\n\n\n\n<p><strong>Recomendaciones:<\/strong><\/p>\n\n\n\n<p>ANTES DE CONCURRIR CON EL TUTOR o TUTORA: averiguar y conocer cada uno de los horarios de las clases que desea tomar, junto con los prerrequisitos de las asignaturas, ya que esto no necesariamente ser\u00e1 de conocimiento del profesor o profesora, pero constituye informaci\u00f3n esencial para la discusi\u00f3n.<\/p>\n\n\n\n<ul class=\"wp-block-list\">\n<li><strong>Comisiones de asignaturas<\/strong><\/li>\n<\/ul>\n\n\n\n<p>Listado de asignaturas con sus comisiones&nbsp;<a href=\"http:\/\/www.geofisica.udec.cl\/wp-content\/uploads\/sites\/4\/2018\/05\/ComisionesDGEOAbril2018.pdf\">aqu\u00ed<\/a><\/p>\n\n\n\n<h3 class=\"wp-block-heading\">Sistema de Tutor\u00edas<\/h3>\n\n\n\n<p>La tutor\u00eda es un mecanismo estrat\u00e9gico de apoyo al proceso formativo de los y las estudiantes, que tiene como objetivo mejorar la calidad educativa impartida en la carrera. Todo a trav\u00e9s de la colaboraci\u00f3n para su integraci\u00f3n, mediante el consejo y la orientaci\u00f3n peri\u00f3dicas.<\/p>\n\n\n\n<p>Los profesores y las profesoras del Departamento de Geof\u00edsica son quienes tendr\u00e1n el desaf\u00edo de ejercer el rol de tutor o tutora ante los alumnos y alumnas de la carrera y, para ello, cada acad\u00e9mico o acad\u00e9mica tendr\u00e1 asignada una lista de alumnos(as) al azar, la cual es proporcionada por el jefe de Carrera. Cada&nbsp;<em>tutor o tutora<\/em>&nbsp;velar\u00e1 por que sus alumnos(as) asignados(as) consigan una adecuada formaci\u00f3n que los conduzca al t\u00e9rmino de su carrera con \u00e9xito y dentro de los plazos previstos.<\/p>\n\n\n\n<h3 class=\"wp-block-heading\">Pr\u00e1cticas profesionales y salidas a terreno:<\/h3>\n\n\n\n<p>Recomendamos a los(las) alumnos(as) que realizar\u00e1n su pr\u00e1ctica profesional y\/o salida a terreno, leer con detenci\u00f3n el documento&nbsp;<a href=\"https:\/\/www.geofisica.udec.cl\/wp-content\/uploads\/sites\/4\/2025\/06\/PROTOCOLO-PRACTICAS-PROFESIONALES-Y-SALIDAS-A-TERRENO.pdf\">\u00abProtocolo de Pr\u00e1cticas Profesionales y Salidas a Terreno\u00bb<\/a>.<\/p>\n\n\n\n<p>A continuaci\u00f3n ponemos a su disposici\u00f3n los documentos referentes al proceso de pr\u00e1cticas profesionales:<\/p>\n\n\n\n<p>\u2013 ANEXO l: Certificado del Curso de Actitud Laboral, Riesgos y Prevenci\u00f3n durante practicas profesionales y actividades de terreno . Ver&nbsp;<a href=\"https:\/\/www.geofisica.udec.cl\/wp-content\/uploads\/sites\/4\/2025\/06\/ANEXO-I.pdf\">AQU\u00cd<\/a><\/p>\n\n\n\n<p>\u2013 ANEXO II: Informaci\u00f3n general de pr\u00e1ctica o actividad de terreno. Ver&nbsp;<a href=\"https:\/\/www.geofisica.udec.cl\/wp-content\/uploads\/sites\/4\/2025\/06\/ANEXO-II.pdf\">AQU\u00cd<\/a><\/p>\n\n\n\n<p>\u2013 Anexo III: Formulario de evaluaci\u00f3n de pr\u00e1cticas profesionales. Ver&nbsp;<a href=\"https:\/\/www.geofisica.udec.cl\/wp-content\/uploads\/sites\/4\/2025\/06\/ANEXO-III-Pauta-Evaluacion-Practica-geofisica.pdf\">AQU\u00cd<\/a><\/p>\n\n\n\n<p>-ANEXO IV: Informe de pr\u00e1ctica profesional. Ver&nbsp;<a href=\"https:\/\/www.geofisica.udec.cl\/wp-content\/uploads\/sites\/4\/2025\/06\/ANEXO-IV.pdf\">AQU\u00cd<\/a><\/p>\n\n\n\n<p>-Formulario de declaraci\u00f3n de accidente escolar. Ver&nbsp;<a href=\"https:\/\/www.geofisica.udec.cl\/wp-content\/uploads\/sites\/4\/2025\/06\/2Declaracion_Individual_de_Accidente_Escolar-MINEDUC.pdf\">AQU\u00cd<\/a><\/p>\n","protected":false},"excerpt":{"rendered":"<p>Proceso de inscripci\u00f3n de asignaturas Para todos los alumnos y alumnas que ingresan a primer a\u00f1o, o que llevan su carga acad\u00e9mica al d\u00eda, la inscripci\u00f3n de asignaturas es autom\u00e1tica. En caso contrario, deben seguir el siguiente procedimiento: Recomendaciones: ANTES DE CONCURRIR CON EL TUTOR o TUTORA: averiguar y conocer cada uno de los horarios [&hellip;]<\/p>\n","protected":false},"author":7,"featured_media":0,"parent":0,"menu_order":0,"comment_status":"closed","ping_status":"closed","template":"","meta":{"footnotes":""},"class_list":["post-9033","page","type-page","status-publish","hentry"],"_links":{"self":[{"href":"https:\/\/www.dgeo.udec.cl\/dev\/wp-json\/wp\/v2\/pages\/9033","targetHints":{"allow":["GET"]}}],"collection":[{"href":"https:\/\/www.dgeo.udec.cl\/dev\/wp-json\/wp\/v2\/pages"}],"about":[{"href":"https:\/\/www.dgeo.udec.cl\/dev\/wp-json\/wp\/v2\/types\/page"}],"author":[{"embeddable":true,"href":"https:\/\/www.dgeo.udec.cl\/dev\/wp-json\/wp\/v2\/users\/7"}],"replies":[{"embeddable":true,"href":"https:\/\/www.dgeo.udec.cl\/dev\/wp-json\/wp\/v2\/comments?post=9033"}],"version-history":[{"count":1,"href":"https:\/\/www.dgeo.udec.cl\/dev\/wp-json\/wp\/v2\/pages\/9033\/revisions"}],"predecessor-version":[{"id":9034,"href":"https:\/\/www.dgeo.udec.cl\/dev\/wp-json\/wp\/v2\/pages\/9033\/revisions\/9034"}],"wp:attachment":[{"href":"https:\/\/www.dgeo.udec.cl\/dev\/wp-json\/wp\/v2\/media?parent=9033"}],"curies":[{"name":"wp","href":"https:\/\/api.w.org\/{rel}","templated":true}]}}