{"id":9029,"date":"2025-08-28T16:12:39","date_gmt":"2025-08-28T19:12:39","guid":{"rendered":"https:\/\/www.dgeo.udec.cl\/dev\/?page_id=9029"},"modified":"2025-09-22T14:06:05","modified_gmt":"2025-09-22T17:06:05","slug":"reglamentos-protocolo-hp-licencias-y-guia-del-estudiante","status":"publish","type":"page","link":"https:\/\/www.dgeo.udec.cl\/dev\/reglamentos-protocolo-hp-licencias-y-guia-del-estudiante\/","title":{"rendered":"Reglamentos, protocolo HP, licencias y gu\u00eda del estudiante"},"content":{"rendered":"\n<ul class=\"wp-block-list\">\n<li><strong>Reglamentos de Facultad<\/strong><\/li>\n<\/ul>\n\n\n\n<p>\u2013&nbsp;<strong>Reglamento General de Docencia de Pregrado<\/strong>. Ver&nbsp;<a href=\"http:\/\/www.geofisica.udec.cl\/wp-content\/uploads\/sites\/4\/2018\/06\/decreto-2018-017.pdf\">aqu\u00ed.<\/a><\/p>\n\n\n\n<p>\u2013&nbsp;<strong>Reglamento de Docencia de Pregrado de la Facultad<\/strong>, complementa el Reglamento General anterior. Ver&nbsp;<a href=\"http:\/\/www.geofisica.udec.cl\/wp-content\/uploads\/sites\/4\/2018\/06\/decreto-2018-003.pdf\">aqu\u00ed.<\/a><\/p>\n\n\n\n<p>\u2013&nbsp;<strong>Protocolo de Solicitudes de Continuaci\u00f3n de Estudios<\/strong>&nbsp;de la Facultad de Ciencias F\u00edsicas y Matem\u00e1ticas. Ver&nbsp;<a href=\"http:\/\/www.geofisica.udec.cl\/wp-content\/uploads\/sites\/4\/2014\/07\/1-Protocolo_continuacion-estudios-FCFM-1.pdf\" target=\"_blank\" rel=\"noreferrer noopener\">aqu\u00ed<\/a>.<\/p>\n\n\n\n<ul class=\"wp-block-list\">\n<li><strong>Protocolo para Habilitaci\u00f3n Profesional<\/strong><\/li>\n<\/ul>\n\n\n\n<p>Documento define los procedimientos para realizar la Habilitaci\u00f3n Profesional de Geof\u00edsica. Obtener&nbsp;<a href=\"https:\/\/www.geofisica.udec.cl\/wp-content\/uploads\/sites\/4\/2025\/07\/Protocolo-de-Habilitacion-Profesional-y-Titulacion-DGEO-2025_version01marzo2025.pdf\">aqu\u00ed<\/a>.<\/p>\n\n\n\n<ul class=\"wp-block-list\">\n<li>\u00a0<strong>Licencias M\u00e9dicas<\/strong><\/li>\n<\/ul>\n\n\n\n<p>Validaci\u00f3n de documentos y certificados en la Unidad de Salud de la Direcci\u00f3n de Servicios Estudiantiles. Ver&nbsp;<a href=\"https:\/\/dise.udec.cl\/node\/14\" target=\"_blank\" rel=\"noreferrer noopener\">aqu\u00ed<\/a><\/p>\n\n\n\n<ul class=\"wp-block-list\">\n<li><strong>Gu\u00eda del y la Estudiante<\/strong><\/li>\n<\/ul>\n\n\n\n<p>Descarga la Gu\u00eda del y la Estudiante desde&nbsp;<a href=\"https:\/\/www.geofisica.udec.cl\/wp-content\/uploads\/sites\/4\/2014\/07\/GUIAESTUDIANTE_2015.pdf\" target=\"_blank\" rel=\"noreferrer noopener\">aqu\u00ed<\/a><\/p>\n\n\n\n<ul class=\"wp-block-list\">\n<li><strong>Reglamento del Mediador Universitario<\/strong><\/li>\n<\/ul>\n\n\n\n<p>Acad\u00e9mico(a) de la Universidad cuya funci\u00f3n es contribuir a una buena convivencia, basada en el respeto pleno de todas las personas que conforman la comunidad de la U. de Concepci\u00f3n, mediando entre ellas en caso de producirse un conflicto. Ver su reglamento&nbsp;<a href=\"http:\/\/www.geofisica.udec.cl\/wp-content\/uploads\/sites\/4\/2018\/09\/DecretoUdeC060_2018Mediadorysusfunciones.pdf\">aqu\u00ed.<\/a><\/p>\n\n\n\n<p><strong>Manual del Estudiante<\/strong><\/p>\n\n\n\n<p><object data=\"https:\/\/www.dgeo.udec.cl\/dev\/wp-content\/uploads\/sites\/12\/2025\/08\/Manual-de-estudiantes-UdeC.pdf\" type=\"application\/pdf\"><\/object><a href=\"https:\/\/www.dgeo.udec.cl\/dev\/wp-content\/uploads\/sites\/12\/2025\/08\/Manual-de-estudiantes-UdeC.pdf\">Manual-de-estudiantes-UdeC<\/a><a href=\"https:\/\/www.dgeo.udec.cl\/dev\/wp-content\/uploads\/sites\/12\/2025\/08\/Manual-de-estudiantes-UdeC.pdf\">Descarga<\/a><\/p>\n\n\n\n<p><strong>Direcci\u00f3n de Servicios Estudiantiles<\/strong><\/p>\n\n\n\n<p><object data=\"https:\/\/www.dgeo.udec.cl\/dev\/wp-content\/uploads\/sites\/12\/2025\/08\/Servicios-Direccion-de-Servicios-Estudiantiles.pdf\" type=\"application\/pdf\"><\/object><a href=\"https:\/\/www.dgeo.udec.cl\/dev\/wp-content\/uploads\/sites\/12\/2025\/08\/Servicios-Direccion-de-Servicios-Estudiantiles.pdf\">Servicios-Direccion-de-Servicios-Estudiantiles<\/a><a href=\"https:\/\/www.dgeo.udec.cl\/dev\/wp-content\/uploads\/sites\/12\/2025\/08\/Servicios-Direccion-de-Servicios-Estudiantiles.pdf\">Descarga<\/a><\/p>\n","protected":false},"excerpt":{"rendered":"<p>\u2013&nbsp;Reglamento General de Docencia de Pregrado. Ver&nbsp;aqu\u00ed. \u2013&nbsp;Reglamento de Docencia de Pregrado de la Facultad, complementa el Reglamento General anterior. Ver&nbsp;aqu\u00ed. \u2013&nbsp;Protocolo de Solicitudes de Continuaci\u00f3n de Estudios&nbsp;de la Facultad de Ciencias F\u00edsicas y Matem\u00e1ticas. Ver&nbsp;aqu\u00ed. Documento define los procedimientos para realizar la Habilitaci\u00f3n Profesional de Geof\u00edsica. Obtener&nbsp;aqu\u00ed. Validaci\u00f3n de documentos y certificados en la [&hellip;]<\/p>\n","protected":false},"author":7,"featured_media":0,"parent":0,"menu_order":0,"comment_status":"closed","ping_status":"closed","template":"","meta":{"footnotes":""},"class_list":["post-9029","page","type-page","status-publish","hentry"],"_links":{"self":[{"href":"https:\/\/www.dgeo.udec.cl\/dev\/wp-json\/wp\/v2\/pages\/9029","targetHints":{"allow":["GET"]}}],"collection":[{"href":"https:\/\/www.dgeo.udec.cl\/dev\/wp-json\/wp\/v2\/pages"}],"about":[{"href":"https:\/\/www.dgeo.udec.cl\/dev\/wp-json\/wp\/v2\/types\/page"}],"author":[{"embeddable":true,"href":"https:\/\/www.dgeo.udec.cl\/dev\/wp-json\/wp\/v2\/users\/7"}],"replies":[{"embeddable":true,"href":"https:\/\/www.dgeo.udec.cl\/dev\/wp-json\/wp\/v2\/comments?post=9029"}],"version-history":[{"count":1,"href":"https:\/\/www.dgeo.udec.cl\/dev\/wp-json\/wp\/v2\/pages\/9029\/revisions"}],"predecessor-version":[{"id":9031,"href":"https:\/\/www.dgeo.udec.cl\/dev\/wp-json\/wp\/v2\/pages\/9029\/revisions\/9031"}],"wp:attachment":[{"href":"https:\/\/www.dgeo.udec.cl\/dev\/wp-json\/wp\/v2\/media?parent=9029"}],"curies":[{"name":"wp","href":"https:\/\/api.w.org\/{rel}","templated":true}]}}