{"id":9025,"date":"2025-08-28T16:04:45","date_gmt":"2025-08-28T19:04:45","guid":{"rendered":"https:\/\/www.dgeo.udec.cl\/dev\/?page_id=9025"},"modified":"2025-09-22T14:05:31","modified_gmt":"2025-09-22T17:05:31","slug":"becas","status":"publish","type":"page","link":"https:\/\/www.dgeo.udec.cl\/dev\/becas\/","title":{"rendered":"Becas"},"content":{"rendered":"\n<h4 class=\"wp-block-heading\">Existen opciones para financiar la carrera y algunos beneficios internos.<\/h4>\n\n\n\n<ul class=\"wp-block-list\">\n<li><strong>Becas de la Universidad de Concepci\u00f3n:<\/strong><\/li>\n<\/ul>\n\n\n\n<p>La Universidad de Concepci\u00f3n, entre los programas de beneficios a sus estudiantes, otorga las becas que a continuaci\u00f3n se indican:<\/p>\n\n\n\n<p>\u2013 Beca Puntaje Nacional PSU<br>\u2013 Beca para alumnos y alumnas de la carrera Ciencias F\u00edsicas<br>\u2013 Beca Deportiva<br>\u2013 Beca de Residencia Doctor Virginio G\u00f3mez<br>\u2013 Beca Ernesto Mahuzier<br>\u2013 Beca Enrique Molina Garmendia<br>\u2013 Beca Filidor Gaete Monsalve<br>\u2013 Beca Laura Lagos Pagueguy, Adriana Pagueguy de Lagos, Kemy Manr\u00edquez de Lagos y Luis del Villar Zarco<br>\u2013 Beca para alumnos y alumnas de la carrera Ingenier\u00eda Civil Matem\u00e1tica<br>\u2013 Beca para alumnos y alumnas de la carrera Licenciatura en Matem\u00e1tica<br>\u2013 Beca para alumnos y alumnas de la carrera Licenciatura en Qu\u00edmica<br>\u2013 Beca de Excelencia Musical Wilfried Junge<\/p>\n\n\n\n<p><a href=\"https:\/\/admision.udec.cl\/beneficios\/\" target=\"_blank\" rel=\"noreferrer noopener\">+ M\u00e1s Informaci\u00f3n\u2026<\/a><\/p>\n\n\n\n<ul class=\"wp-block-list\">\n<li><strong>Becas de Alimentaci\u00f3n:<\/strong><\/li>\n<\/ul>\n\n\n\n<p>\u2013 Beca Almuerzo. Entregado en Casino \u00abLos Patos\u00bb de la universidad, de lunes a viernes, conforme a calendario acad\u00e9mico.<\/p>\n\n\n\n<p><a href=\"https:\/\/dise.udec.cl\/node\/28\" target=\"_blank\" rel=\"noreferrer noopener\">+ M\u00e1s Informaci\u00f3n\u2026<\/a><\/p>\n\n\n\n<ul class=\"wp-block-list\">\n<li><strong>Pr\u00e9stamos Estudiantiles:<\/strong><\/li>\n<\/ul>\n\n\n\n<p><strong>\u2013 Pr\u00e9stamo de largo plazo:<\/strong>&nbsp;para alimentaci\u00f3n y residencia, destinados a estudiantes de cursos superiores con buen rendimiento acad\u00e9mico y una situaci\u00f3n socioecon\u00f3mica que justifique su asignaci\u00f3n.<\/p>\n\n\n\n<p><strong>\u2013 Pr\u00e9stamo de corto plazo:<\/strong>&nbsp;otorgados por una sola vez y destinados a solucionar problemas inmediatos y eventuales, debiendo ser devueltos dentro del a\u00f1o acad\u00e9mico. Estos pr\u00e9stamos tienen un monto m\u00e1ximo anual y se conceden a estudiantes de cursos superiores para los siguientes objetivos: \u2013 Compra de material did\u00e1ctico de bajo costo y, excepcionalmente, de libros, apuntes y\/o instrumental menor que la unidad acad\u00e9mica exija. \u2013 Pago de pasaje a su lugar de residencia por enfermedad grave o fallecimiento de alg\u00fan familiar directo (padres o hermanos\/hermanas). \u2013 Gastos de memoria y\/o de titulaci\u00f3n. \u2013 Compra de vestuario por necesidad inmediata y en situaciones de emergencia. \u2013 Atenciones m\u00e9dicas y dentales.<\/p>\n\n\n\n<p><a href=\"https:\/\/www.udec.cl\/dafe\/node\/22\" target=\"_blank\" rel=\"noreferrer noopener\">+ M\u00e1s Informaci\u00f3n\u2026<\/a><\/p>\n\n\n\n<ul class=\"wp-block-list\">\n<li><strong>Becas y cr\u00e9ditos del Estado:<\/strong><\/li>\n<\/ul>\n\n\n\n<p>Tambi\u00e9n recomendamos revisar las becas ofrecidas por el Estado.<\/p>\n\n\n\n<p><a href=\"https:\/\/portal.beneficiosestudiantiles.cl\/becas\/becas-de-arancel\" target=\"_blank\" rel=\"noreferrer noopener\">&nbsp;+ M\u00e1s Informaci\u00f3n\u2026<\/a><\/p>\n","protected":false},"excerpt":{"rendered":"<p>Existen opciones para financiar la carrera y algunos beneficios internos. La Universidad de Concepci\u00f3n, entre los programas de beneficios a sus estudiantes, otorga las becas que a continuaci\u00f3n se indican: \u2013 Beca Puntaje Nacional PSU\u2013 Beca para alumnos y alumnas de la carrera Ciencias F\u00edsicas\u2013 Beca Deportiva\u2013 Beca de Residencia Doctor Virginio G\u00f3mez\u2013 Beca Ernesto [&hellip;]<\/p>\n","protected":false},"author":7,"featured_media":0,"parent":0,"menu_order":0,"comment_status":"closed","ping_status":"closed","template":"","meta":{"footnotes":""},"class_list":["post-9025","page","type-page","status-publish","hentry"],"_links":{"self":[{"href":"https:\/\/www.dgeo.udec.cl\/dev\/wp-json\/wp\/v2\/pages\/9025","targetHints":{"allow":["GET"]}}],"collection":[{"href":"https:\/\/www.dgeo.udec.cl\/dev\/wp-json\/wp\/v2\/pages"}],"about":[{"href":"https:\/\/www.dgeo.udec.cl\/dev\/wp-json\/wp\/v2\/types\/page"}],"author":[{"embeddable":true,"href":"https:\/\/www.dgeo.udec.cl\/dev\/wp-json\/wp\/v2\/users\/7"}],"replies":[{"embeddable":true,"href":"https:\/\/www.dgeo.udec.cl\/dev\/wp-json\/wp\/v2\/comments?post=9025"}],"version-history":[{"count":1,"href":"https:\/\/www.dgeo.udec.cl\/dev\/wp-json\/wp\/v2\/pages\/9025\/revisions"}],"predecessor-version":[{"id":9026,"href":"https:\/\/www.dgeo.udec.cl\/dev\/wp-json\/wp\/v2\/pages\/9025\/revisions\/9026"}],"wp:attachment":[{"href":"https:\/\/www.dgeo.udec.cl\/dev\/wp-json\/wp\/v2\/media?parent=9025"}],"curies":[{"name":"wp","href":"https:\/\/api.w.org\/{rel}","templated":true}]}}