{"id":9018,"date":"2025-08-28T15:37:43","date_gmt":"2025-08-28T18:37:43","guid":{"rendered":"https:\/\/www.dgeo.udec.cl\/dev\/?page_id=9018"},"modified":"2025-09-22T14:10:54","modified_gmt":"2025-09-22T17:10:54","slug":"syllabus-2025-2","status":"publish","type":"page","link":"https:\/\/www.dgeo.udec.cl\/dev\/syllabus-2025-2\/","title":{"rendered":"Syllabus 2025-2"},"content":{"rendered":"\n<p><strong>Asignaturas Obligatorias<\/strong><\/p>\n\n\n\n<figure class=\"wp-block-table\"><table class=\"has-fixed-layout\"><tbody><tr><td><strong>C\u00f3digo<\/strong><\/td><td><strong>Asignatura<\/strong><\/td><td><strong>Profesor<\/strong><\/td><\/tr><tr><td>513112<\/td><td><a href=\"https:\/\/www.geofisica.udec.cl\/wp-content\/uploads\/sites\/4\/2023\/08\/513112-Sistema-dinamico-de-la-Tierra.-Javiera-Gonzalez-2023.pdf\">Sistema Din\u00e1mico de la Tierra<\/a><\/td><td>Javiera Gonz\u00e1lez Alarc\u00f3n<\/td><\/tr><tr><td>513214<\/td><td><a href=\"https:\/\/www.geofisica.udec.cl\/wp-content\/uploads\/sites\/4\/2024\/08\/Syllabus-Fisica-III-Electromagnetismo-2024.pdf\">F\u00edsica III: Electromagnetismo<\/a><\/td><td><a href=\"http:\/\/www.dgeo.udec.cl\/nosotros\/integrantes\/academicos\/ignacia-calisto\/\" target=\"_blank\" rel=\"noreferrer noopener\">Ignacia Calisto Burgos<\/a><\/td><\/tr><tr><td>513321<\/td><td><a href=\"https:\/\/www.geofisica.udec.cl\/wp-content\/uploads\/sites\/4\/2023\/08\/Syllabus_513_336_Din_Fluidos_Geo_2023.pdf\">Din\u00e1mica de Fluidos Geof\u00edsicos<\/a><\/td><td><a href=\"http:\/\/www.dgeo.udec.cl\/nosotros\/integrantes\/academicos\/oscar-pizarro-arriagada\/\" target=\"_blank\" rel=\"noreferrer noopener\">Oscar Pizarro Arriagada<\/a><\/td><\/tr><tr><td>513224<\/td><td><a href=\"https:\/\/www.geofisica.udec.cl\/wp-content\/uploads\/sites\/4\/2023\/08\/Syllabus_OyO_513224.pdf\">Oscilaciones y Ondas<\/a><\/td><td>Cristian Salas<\/td><\/tr><tr><td>513221<\/td><td><a href=\"https:\/\/www.geofisica.udec.cl\/wp-content\/uploads\/sites\/4\/2023\/08\/SYLLABUS-TEM.-Constanza-Quijada.pdf\">Teor\u00eda Electromagn\u00e9tica<\/a><\/td><td>Constanza Quijada Barrera<\/td><\/tr><tr><td>513498<\/td><td><a href=\"https:\/\/www.geofisica.udec.cl\/wp-content\/uploads\/sites\/4\/2023\/08\/Syllabus_practicas_2023_S2.pdf\">Pr\u00e1cticas Preprofesionales<\/a><\/td><td>Carolina Parada V\u00e9liz<\/td><\/tr><tr><td>513338<\/td><td><a href=\"https:\/\/www.geofisica.udec.cl\/wp-content\/uploads\/sites\/4\/2025\/08\/b8e1cac3-fe3e-4672-aea3-40f0f520075b.pdf\">Fundamentos de la Geodesia y la Topograf\u00eda<\/a><\/td><td><a href=\"https:\/\/www.dgeo.udec.cl\/nosotros\/integrantes\/academicos\/catalina-morales-yanez\/\">Catalina Morales Y\u00e1\u00f1ez<\/a><\/td><\/tr><\/tbody><\/table><\/figure>\n\n\n\n<p><strong>Asignaturas Electivas<\/strong><\/p>\n\n\n\n<figure class=\"wp-block-table\"><table class=\"has-fixed-layout\"><tbody><tr><td><strong>C\u00f3digo<\/strong><\/td><td><strong>Asignaturas<\/strong><\/td><td><strong>Profesor<\/strong><\/td><\/tr><tr><td>513454<\/td><td><a href=\"https:\/\/www.geofisica.udec.cl\/wp-content\/uploads\/sites\/4\/2025\/07\/Syllabus-Metodos-Numericos-con-Python-Ilaria-Tabone.pdf\">M\u00e9todos Num\u00e9ricos con Python<\/a><\/td><td><a href=\"https:\/\/www.dgeo.udec.cl\/ilaria-tabone\/\">Ilaria Tabone<\/a><\/td><\/tr><tr><td>513374<\/td><td><a href=\"https:\/\/www.geofisica.udec.cl\/wp-content\/uploads\/sites\/4\/2024\/08\/Syllabus2024_Climatologia_Fisica_Global.pdf\">Climatolog\u00eda F\u00edsica Global<\/a><\/td><td>Piero Mardones \/ Ilaria Tabone<\/td><\/tr><tr><td>513513<\/td><td><a href=\"https:\/\/www.geofisica.udec.cl\/wp-content\/uploads\/sites\/4\/2024\/08\/Syllabus-Analisis-de-Datos-Sismologicos-2024.pdf\">An\u00e1lisis de Datos Sismol\u00f3gicos<\/a><\/td><td><a href=\"http:\/\/www.dgeo.udec.cl\/nosotros\/integrantes\/academicos\/ignacia-calisto\/\" target=\"_blank\" rel=\"noreferrer noopener\">Ignacia Calisto Burgos<\/a><\/td><\/tr><tr><td>513503<\/td><td><a href=\"https:\/\/www.geofisica.udec.cl\/wp-content\/uploads\/sites\/4\/2024\/09\/Syllabus-Problemas-Inversos-en-Geofisica-2024-2.pdf\">Problemas Inversos en Geof\u00edsica<\/a><\/td><td><a href=\"http:\/\/www.dgeo.udec.cl\/nosotros\/integrantes\/academicos\/andres-sepulveda-allende-2\/\" target=\"_blank\" rel=\"noreferrer noopener\">Andr\u00e9s Sep\u00falveda Allende<\/a><\/td><\/tr><tr><td>513466<\/td><td><a href=\"https:\/\/www.geofisica.udec.cl\/wp-content\/uploads\/sites\/4\/2023\/08\/Syllabus_513468_GeofisicaObservacional_2023-2.pdf\">Geof\u00edsica Observacional (Atm\u00f3sfera)<\/a><\/td><td>Fernanda Pino Delgado<\/td><\/tr><tr><td>513480<\/td><td><a href=\"https:\/\/www.geofisica.udec.cl\/wp-content\/uploads\/sites\/4\/2023\/08\/Syllabus_MDS_513480.pdf\">Meteorolog\u00eda Din\u00e1mica y Sin\u00f3ptica<\/a><\/td><td><a href=\"https:\/\/www.dgeo.udec.cl\/lucia-scaff-fuenzalida\/\">Luc\u00eda Scaff Fuenzalida<\/a><\/td><\/tr><tr><td>513352<\/td><td><a href=\"https:\/\/www.geofisica.udec.cl\/wp-content\/uploads\/sites\/4\/2023\/08\/syllabus-de-asignatura_513352_hidrometeorologia.pdf\">Hidrometeorolog\u00eda de Monta\u00f1a<\/a><\/td><td><a href=\"https:\/\/www.dgeo.udec.cl\/lucia-scaff-fuenzalida\/\">Luc\u00eda Scaff Fuenzalida<\/a><\/td><\/tr><tr><td>513302<\/td><td><a href=\"https:\/\/www.geofisica.udec.cl\/wp-content\/uploads\/sites\/4\/2023\/08\/0.-Programa-y-syllabus-Meteorologia-Sinoptica.pdf\">Meteorolog\u00eda Sin\u00f3ptica<\/a><\/td><td>Camila Quijada Meza<\/td><\/tr><\/tbody><\/table><\/figure>\n\n\n\n<p><strong>Asignaturas Complementarias<\/strong><\/p>\n\n\n\n<figure class=\"wp-block-table\"><table class=\"has-fixed-layout\"><tbody><tr><td><strong>C\u00f3digo<\/strong><\/td><td><strong>&nbsp;Asignatura<\/strong><\/td><td><strong>Docente<\/strong><\/td><\/tr><tr><td>513131-2<\/td><td><a href=\"https:\/\/www.geofisica.udec.cl\/wp-content\/uploads\/sites\/4\/2023\/08\/Syllabus_ciclo_2023_S2-1.pdf\">Ciclo de seminarios de Geof\u00edsica I y II<\/a><\/td><td><a href=\"http:\/\/www.dgeo.udec.cl\/nosotros\/integrantes\/academicos\/carolina-parada-2\/\" target=\"_blank\" rel=\"noreferrer noopener\">Carolina Parada V\u00e9liz<\/a><\/td><\/tr><tr><td>513476<\/td><td><a href=\"https:\/\/www.geofisica.udec.cl\/wp-content\/uploads\/sites\/4\/2024\/09\/Syllabus-Perfil-Profesional-en-Geofisica-2024-2.pdf\">Preparaci\u00f3n Profesional del Geof\u00edsico<\/a><\/td><td><a href=\"http:\/\/www.dgeo.udec.cl\/nosotros\/integrantes\/academicos\/andres-sepulveda-allende-2\/\" target=\"_blank\" rel=\"noreferrer noopener\">Andr\u00e9s Sep\u00falveda Allende<\/a><\/td><\/tr><\/tbody><\/table><\/figure>\n\n\n\n<p><strong>Asignaturas de Servicio<\/strong><\/p>\n\n\n\n<figure class=\"wp-block-table\"><table class=\"has-fixed-layout\"><tbody><tr><td><strong>C\u00f3digo<\/strong><\/td><td><strong>Asignatura<\/strong><\/td><td><strong>Docente<\/strong><\/td><\/tr><tr><td>513134<\/td><td><a href=\"https:\/\/www.geofisica.udec.cl\/wp-content\/uploads\/sites\/4\/2023\/08\/Syllabus_Fisica_I_Katherine-Munoz.pdf\">F\u00edsica I<\/a><\/td><td>Katherine Mu\u00f1oz Mellado<\/td><\/tr><tr><td>513204<\/td><td><a href=\"https:\/\/www.geofisica.udec.cl\/wp-content\/uploads\/sites\/4\/2023\/08\/Syllabus_513204_FisicaAmbiental_2023-2.pdf\">F\u00edsica Ambiental<\/a><\/td><td>Fernanda Pino Delgado<\/td><\/tr><tr><td>513103<\/td><td><a href=\"https:\/\/www.geofisica.udec.cl\/wp-content\/uploads\/sites\/4\/2023\/08\/0.-Programa-y-Syllabus-513103-Fisica.pdf\">F\u00edsica General<\/a><\/td><td>Camila Quijada Meza<\/td><\/tr><\/tbody><\/table><\/figure>\n","protected":false},"excerpt":{"rendered":"<p>Asignaturas Obligatorias C\u00f3digo Asignatura Profesor 513112 Sistema Din\u00e1mico de la Tierra Javiera Gonz\u00e1lez Alarc\u00f3n 513214 F\u00edsica III: Electromagnetismo Ignacia Calisto Burgos 513321 Din\u00e1mica de Fluidos Geof\u00edsicos Oscar Pizarro Arriagada 513224 Oscilaciones y Ondas Cristian Salas 513221 Teor\u00eda Electromagn\u00e9tica Constanza Quijada Barrera 513498 Pr\u00e1cticas Preprofesionales Carolina Parada V\u00e9liz 513338 Fundamentos de la Geodesia y la Topograf\u00eda [&hellip;]<\/p>\n","protected":false},"author":7,"featured_media":0,"parent":0,"menu_order":0,"comment_status":"closed","ping_status":"closed","template":"","meta":{"footnotes":""},"class_list":["post-9018","page","type-page","status-publish","hentry"],"_links":{"self":[{"href":"https:\/\/www.dgeo.udec.cl\/dev\/wp-json\/wp\/v2\/pages\/9018","targetHints":{"allow":["GET"]}}],"collection":[{"href":"https:\/\/www.dgeo.udec.cl\/dev\/wp-json\/wp\/v2\/pages"}],"about":[{"href":"https:\/\/www.dgeo.udec.cl\/dev\/wp-json\/wp\/v2\/types\/page"}],"author":[{"embeddable":true,"href":"https:\/\/www.dgeo.udec.cl\/dev\/wp-json\/wp\/v2\/users\/7"}],"replies":[{"embeddable":true,"href":"https:\/\/www.dgeo.udec.cl\/dev\/wp-json\/wp\/v2\/comments?post=9018"}],"version-history":[{"count":1,"href":"https:\/\/www.dgeo.udec.cl\/dev\/wp-json\/wp\/v2\/pages\/9018\/revisions"}],"predecessor-version":[{"id":9019,"href":"https:\/\/www.dgeo.udec.cl\/dev\/wp-json\/wp\/v2\/pages\/9018\/revisions\/9019"}],"wp:attachment":[{"href":"https:\/\/www.dgeo.udec.cl\/dev\/wp-json\/wp\/v2\/media?parent=9018"}],"curies":[{"name":"wp","href":"https:\/\/api.w.org\/{rel}","templated":true}]}}