{"id":9,"date":"2012-09-04T17:02:34","date_gmt":"2012-09-04T17:02:34","guid":{"rendered":"\/?page_id=9"},"modified":"2025-09-23T10:14:59","modified_gmt":"2025-09-23T13:14:59","slug":"vision","status":"publish","type":"page","link":"https:\/\/www.dgeo.udec.cl\/dev\/vision\/","title":{"rendered":"Misi\u00f3n e Historia"},"content":{"rendered":"\n<p class=\"has-large-font-size\"><strong>Misi\u00f3n<\/strong><\/p>\n\n\n<p>\u00a0<\/p>\n<p style=\"text-align: justify\">Durante las \u00faltimas d\u00e9cadas, el desarrollo de nuevas tecnolog\u00edas de observaci\u00f3n y de modelaci\u00f3n ha generado una verdadera revoluci\u00f3n en las ciencias geof\u00edsicas, cambiando la visi\u00f3n sobre nuestro planeta y sobre nuestra responsabilidad por su futuro. De esta manera, la investigaci\u00f3n en variabilidad clim\u00e1tica, atmosf\u00e9rica y geodin\u00e1mica ha pasado de un enfoque particular y local a uno global.<\/p>\n<p style=\"text-align: justify\">Este nuevo enfoque modifica la forma de hacer investigaci\u00f3n en las diferentes ramas de las Ciencias de la Tierra y plantea nuevos desaf\u00edos en el \u00e1mbito docente y de extensi\u00f3n. En este sentido, ya no se requiere s\u00f3lo la formaci\u00f3n de profesionales altamente calificados, sino que adem\u00e1s se necesita que estos nuevos y nuevas profesionales comprendan que estamos en una constante interacci\u00f3n con nuestro planeta y que \u00e9ste se ve afectado por las decisiones que se puedan tomar.<\/p>\n<p style=\"text-align: justify\">Ello tambi\u00e9n implica que nuestra labor en extensi\u00f3n se dirija hacia la comunidad en su conjunto, pero sobre todo y especialmente, hacia las autoridades responsables de la toma de decisiones, espec\u00edficamente a aquellas relacionadas con aspectos ambientales y cambio global.<\/p>\n<p style=\"text-align: justify\">En este contexto, el Departamento de Geof\u00edsica tiene como misi\u00f3n:<\/p>\n<h5 style=\"text-align: justify\">\u201cCrear las condiciones adecuadas para el desarrollo y fortalecimiento de las ciencias geof\u00edsicas a trav\u00e9s de la investigaci\u00f3n cient\u00edfica, la docencia y la extensi\u00f3n hacia los y las estudiantes, profesionales y la sociedad en su conjunto. De esta forma el Departamento de Geof\u00edsica contribuye al desarrollo econ\u00f3mico y social del pa\u00eds y a la preservaci\u00f3n de la vida y el medio ambiente de nuestro planeta\u201d.<\/h5>\n\n\n<p><\/p>\n\n\n\n<h3 class=\"wp-block-heading\"><strong>Plan Estrat\u00e9gico Facultad de Ciencias F\u00edsicas y Matem\u00e1ticas<\/strong><\/h3>\n\n\n\n<p>La misi\u00f3n del Departamento de Geof\u00edsica se enmarca en la Misi\u00f3n, Visi\u00f3n y Valores de la Facultad de Ciencias F\u00edsicas y Matem\u00e1ticas, de la que es parte; cuyo desarrollo y objetivos se pueden conocer en el Plan Estrat\u00e9gico de la Facultad, aprobado en enero de 2019.<\/p>\n\n\n\n<div class=\"wp-block-file\"><a id=\"wp-block-file--media-3f094e2b-7306-4f06-9952-b67bc44be22a\" href=\"http:\/\/www.dgeo.udec.cl\/dev\/wp-content\/uploads\/sites\/12\/2019\/04\/Plan-Estrat\u00e9gico-FCFM_Aprobado.pdf\">Plan Estrat\u00e9gico Facultad de Ciencias F\u00edsicas y Matem\u00e1ticas<\/a><a href=\"http:\/\/www.dgeo.udec.cl\/dev\/wp-content\/uploads\/sites\/12\/2019\/04\/Plan-Estrat\u00e9gico-FCFM_Aprobado.pdf\" class=\"wp-block-file__button wp-element-button\" download aria-describedby=\"wp-block-file--media-3f094e2b-7306-4f06-9952-b67bc44be22a\">Descargar<\/a><\/div>\n\n\n\n<p><\/p>\n\n\n\n<h3 class=\"wp-block-heading\"><strong>Plan Estrat\u00e9gico Universidad de Concepci\u00f3n<\/strong><\/h3>\n\n\n\n<p>Gracias al trabajo y participaci\u00f3n de la comunidad universitaria el Plan Estrat\u00e9gico Institucional 2021-2030 fue aprobado el 17 de diciembre 2020 por el Consejo Acad\u00e9mico y el 23 de diciembre de 2020 en sesi\u00f3n extraordinaria por el Directorio.<\/p>\n\n\n\n<p>Para ver el Plan 2021 &#8211; 2030 haz<a href=\"http:\/\/pei.udec.cl\/pei-2021-2030\/\"> clic aqu\u00ed<\/a>.<\/p>\n\n\n\n<p><\/p>\n\n\n\n<h1 class=\"wp-block-heading\">Historia<\/h1>\n\n\n<div class=\"wp-block-image\">\n<figure class=\"alignleft\"><img loading=\"lazy\" decoding=\"async\" width=\"720\" height=\"501\" src=\"https:\/\/www.dgeo.udec.cl\/wp-content\/uploads\/2012\/09\/udec_antigua.jpg\" alt=\"\" class=\"wp-image-208\" title=\"udec_antigua\" \/><\/figure>\n<\/div>\n\n\n<p>Los or\u00edgenes del Departamento de Geof\u00edsica se remontan a 1960, a\u00f1o en que se crean los Institutos Centrales de F\u00edsica, Qu\u00edmica, Biolog\u00eda y Matem\u00e1tica en la Universidad de Concepci\u00f3n. En ese tiempo se trataba de crear espacios para que la educaci\u00f3n, adem\u00e1s de formar profesionales, potenciara la generaci\u00f3n de cient\u00edficos y cient\u00edficas.<\/p>\n\n\n\n<p>Es as\u00ed como al alero del Instituto Central de F\u00edsica nace el Departamento de Geof\u00edsica junto con los Departamentos de F\u00edsica General y F\u00edsica de los Estados S\u00f3lidos. A lo largo de su historia este Departamento sufri\u00f3 cambios administrativos, incluyendo reducciones selectivas y muy significativas de su personal acad\u00e9mico.<\/p>\n\n\n\n<p>Destaca desde sus inicios la dedicaci\u00f3n a la investigaci\u00f3n en las disciplinas F\u00edsica de la Alta Atm\u00f3sfera, Meteorolog\u00eda y Climatolog\u00eda, Oceanograf\u00eda y Sismolog\u00eda, adem\u00e1s de las actividades docentes comunes a otros Departamentos.<\/p>\n\n\n\n<p>Un hecho importante de destacar, por la incidencia que tuvo en el trabajo de los primeros a\u00f1os del Departamento de Geof\u00edsica, fue la llegada en 1957 de un radar de incidencia vertical para estaciones ionosf\u00e9ricas. El uso de los datos de este instrumento dio origen a la secci\u00f3n de F\u00edsica de la Alta Atm\u00f3sfera, cre\u00e1ndose as\u00ed el grupo de investigadores e investigadoras m\u00e1s antiguo al interior del Departamento. Este grupo, liderado por los profesores Ph\u00e9nix Ram\u00edrez Pardo y Harald Saguer Henzie, dio un importante impulso al desarrollo del Departamento, al lograr la construcci\u00f3n de un edificio de 400 metros cuadrados en el Fundo Bellavista. (<em>Fotograf\u00eda: La Universidad de Concepci\u00f3n en sus inicios. Vista del Arco de Medicina<\/em>).<\/p>\n\n\n\n<h3 class=\"wp-block-heading\">&nbsp;<\/h3>\n\n\n\n<h2 class=\"wp-block-heading\"><strong>Climatolog\u00eda<\/strong><\/h2>\n\n\n\n<p>En 1967, la contrataci\u00f3n del doctor en Meteorolog\u00eda Jean-Luc Devynck potenci\u00f3 la investigaci\u00f3n cient\u00edfica del Departamento e hizo un importante aporte a la Climatolog\u00eda, realizando la primera descripci\u00f3n de la Climatolog\u00eda de la Regi\u00f3n del B\u00edo B\u00edo y del r\u00e9gimen pluviom\u00e9trico del pa\u00eds.<\/p>\n\n\n\n<h3 class=\"wp-block-heading\">&nbsp;<\/h3>\n\n\n\n<h2 class=\"wp-block-heading\"><strong>Oceanograf\u00eda F\u00edsica<\/strong><\/h2>\n\n\n\n<p>A principios de los a\u00f1os setenta se abri\u00f3 el \u00e1rea Oceanograf\u00eda F\u00edsica con la llegada de H\u00e9ctor Inostroza, m\u00e1ster en dicha disciplina, quien adem\u00e1s contribuy\u00f3 a la gesti\u00f3n y realizaci\u00f3n de una importante iniciativa, el Plan Oceanogr\u00e1fico Nacional, destinado a orientar las observaciones oceanogr\u00e1ficas por un decenio.<\/p>\n\n\n\n<p>Por estas mismas fechas llegan al Departamento Fernando Valderrama y Nelson Saavedra, dos cient\u00edficos doctorados en Francia. Estos profesionales formaron, junto a Devynch, un fuerte grupo de investigaci\u00f3n, que entre otras cosas estableci\u00f3 un Convenio de Cooperaci\u00f3n con la Universidad de Par\u00eds VI, permitiendo la llegada del Doctor en Meteorolog\u00eda De Felices.<\/p>\n\n\n\n<h3 class=\"wp-block-heading\">&nbsp;<\/h3>\n\n\n\n<h2 class=\"wp-block-heading\"><strong>Sismolog\u00eda<\/strong><\/h2>\n\n\n\n<p>En el \u00e1rea de la Sismolog\u00eda hubo inicios promisorios en el estudio de mecanismos de fallas con la contrataci\u00f3n, a fines de los a\u00f1os sesenta, de un licenciado en F\u00edsica, Luis da Silva. Aunque este f\u00edsico desarroll\u00f3 su tesis de grado en sismolog\u00eda, la disciplina no se desarroll\u00f3 posteriormente.<\/p>\n\n\n\n<h3 class=\"wp-block-heading\">&nbsp;<\/h3>\n\n\n\n<h3 class=\"wp-block-heading\"><strong>Duro golpe a las ciencias<\/strong><\/h3>\n\n\n\n<p>Todas estas iniciativas fueron bruscamente sacudidas con el Golpe de Estado de 1973. El personal del Departamento se redujo pr\u00e1cticamente a la mitad y varios de sus destacados cient\u00edficos y cient\u00edficas tuvieron que partir al exilio. De todos los Departamentos del Instituto Central de F\u00edsica, el de Geof\u00edsica fue el m\u00e1s afectado. A pesar de ello y como consecuencia de la labor y gestiones realizadas por Jean-Luc Devynck, lleg\u00f3 en 1976 un equipo de radiosondeo meteorol\u00f3gico, con el cual el profesor Nelson Saavedra inici\u00f3 las Campa\u00f1as Meteorol\u00f3gicas con el prop\u00f3sito de estudiar las condiciones de la zona.<\/p>\n\n\n\n<p>En 1977 llega a Chile el Dr. Alberto Foppiano, doctorado en el Imperial College of Science and Technology de Londres, Inglaterra. Tambi\u00e9n se integr\u00f3 en 1989 la Sra. Erna M\u00fcller, Ingeniero Civil Qu\u00edmico de la Universidad de Concepci\u00f3n y Licenciada en F\u00edsica de la Universidad de Concepci\u00f3n en 1985. En 1980 es contratado el Dr. Dante Figueroa, quien obtiene su doctorado en la Universidad de G\u00f6ttingen, Alemania, en 1988.<\/p>\n\n\n\n<p>En 1983 se integra el Dr. Juan Inzunza, que se doctora en Ciencias Meteorol\u00f3gicas en la Universidad de Buenos Aires, Argentina, en 1993. Su especialidad es Meteorolog\u00eda con \u00e9nfasis en procesos de mesoescala.<\/p>\n\n\n\n<p>En los a\u00f1os ochenta la Universidad de Concepci\u00f3n se reestructura en Facultades, con lo cual el Departamento de Geof\u00edsica desaparece como tal, quedando como secci\u00f3n del Departamento de F\u00edsica. M\u00e1s tarde, con la creaci\u00f3n de la Facultad de Ciencias F\u00edsicas y Matem\u00e1ticas, se estructura el Departamento de F\u00edsica de la Atm\u00f3sfera y del Oc\u00e9ano en 1993.<\/p>\n\n\n\n<h3 class=\"wp-block-heading\">&nbsp;<\/h3>\n\n\n\n<h3 class=\"wp-block-heading\"><strong>La reestructuraci\u00f3n<\/strong><\/h3>\n\n\n\n<p>A&nbsp; partir de 1995, y como resultado de un proceso de autoevaluaci\u00f3n, el Departamento ha llevado adelante un importante programa de reestructuraci\u00f3n y renovaci\u00f3n de personal, incluyendo contrataciones: en 2000 se incorporaron al Departamento el Dr. Michael Kursgansky, doctorado en Geof\u00edsica en la Universidad de Mosc\u00fa, en 1977; cuya principal \u00e1rea de investigaci\u00f3n es Din\u00e1mica de la Atm\u00f3sfera y Climatolog\u00eda. Y el Dr. Oscar Pizarro, doctorado en Oceanograf\u00eda en 1999 en la Universidad de Gotenburgo, Suecia; cuya principal \u00e1rea de investigaci\u00f3n es din\u00e1mica del oc\u00e9ano.<\/p>\n\n\n\n<p>En 2001 lleg\u00f3 el Dr. Rodrigo Abarca del R\u00edo, doctorado en Geof\u00edsica y Clima en el Centre National d\u2019Etudes Spatiales y Universidad Paul Sabatier de Toulouse, Francia. Su \u00e1rea principal de investigaci\u00f3n es Geodesia y Climatolog\u00eda. En 2003 se incorpor\u00f3 el Dr. Samuel Hormaz\u00e1bal, doctorado en Oceanograf\u00eda F\u00edsica en la Universidad de Copenhague, Dinamarca; cuya especialidad es Oceanograf\u00eda F\u00edsica. Ese mismo a\u00f1o se contrat\u00f3 como Senior Scientist al Dr. Gary Shaffer, doctorado en Oceanograf\u00eda en 1974 en la Universidad de Kiel, Alemania. En 2004 se incorpor\u00f3 el Dr. Ole Leth, doctorado en 2000 en Oceanograf\u00eda F\u00edsica, en la Universidad de Copenhague; su \u00e1rea de investigaci\u00f3n es Modelamiento Num\u00e9rico del Oc\u00e9ano.<\/p>\n\n\n\n<p>En 2005 se contrat\u00f3 al Dr. Aldo Montecinos Gula, doctorado en Oceanograf\u00eda en la Universidad de Concepci\u00f3n, a\u00f1o 2005; y Mag\u00edster en Meteorolog\u00eda en la Universidad de Chile, a\u00f1o 1998. Su especialidad es Climatolog\u00eda. Este mismo a\u00f1o se contrat\u00f3 al Dr. Andr\u00e9s Sep\u00falveda, doctorado en Oceanograf\u00eda en Old Dominion University, Estados Unidos, a\u00f1o 2004. Su \u00e1rea de investigaci\u00f3n es la Oceanograf\u00eda Costera.<\/p>\n\n\n\n<p>Durante 2005 el Departamento de F\u00edsica de la Atm\u00f3sfera y del Oc\u00e9ano volvi\u00f3 a llamarse Departamento de Geof\u00edsica. Actualmente lo conforman 14 acad\u00e9micos y acad\u00e9micas en jornada completa y uno en jornada parcial. Ver cuerpo docente y de investigaci\u00f3n&nbsp;<a href=\"http:\/\/www.dgeo.udec.cl\/nosotros\/integrantes\/academicos\/\" target=\"_blank\" rel=\"noreferrer noopener\">AQU\u00cd<\/a>.<\/p>\n\n\n\n<p><\/p>\n\n\n\n<h2 class=\"wp-block-heading\">Carrera y Mag\u00edster en Geof\u00edsica<\/h2>\n\n\n\n<p>El desaf\u00edo que se ha planteado el Departamento de Geof\u00edsica de la Universidad de Concepci\u00f3n es contribuir de manera decisiva a la formaci\u00f3n de profesionales altamente calificados, que permita asegurar una capacidad nacional para dar respuesta a los impactos de los fen\u00f3menos naturales en la sociedad.<\/p>\n\n\n\n<p>En ese marco, en 2006 se abre la carrera de Geof\u00edsica del Departamento, la que ha realizado sus actividades acad\u00e9micas en forma ininterrumpida, habi\u00e9ndose desarrollado de manera remota o en l\u00ednea en 2020 y 2021 debido a la pandemia mundial del coronavirus Sars Covid-2. A la fecha han egresado m\u00e1s de 100 estudiantes, quienes obtienen su pregardo con relevantes fortalezas en investigaci\u00f3n y modelaci\u00f3n matem\u00e1tica.<\/p>\n\n\n\n<p>En el intertanto, en 2018, se integra al cuerpo docente e investigador el doctor en ciencias del clima por la Universidad de Berna Mart\u00edn Jacques Coper; para luego, en 2019, sumarse el doctor en ciencias naturales por la Universidad Tecnol\u00f3gica de Berl\u00edn Marcos Moreno Switt.<\/p>\n\n\n\n<p>M\u00e1s adelante, en marzo de 2020 comienza sus actividades el Mag\u00edster en Geof\u00edsica del Departamento, con sus l\u00edneas de investigaci\u00f3n Geof\u00edsica Observacional y Modelaci\u00f3n Geof\u00edsica. Al mag\u00edster se puede acceder a trav\u00e9s de una postulaci\u00f3n para carreras de las geociencias o de manera especial a trav\u00e9s de una vinculaci\u00f3n con la carrera de Geof\u00edsica de la U. de Concepci\u00f3n.<\/p>\n\n\n\n<p>M\u00e1s adelante, dejan el Departamento los acad\u00e9micos Juan Inzunza, Marcos Moreno, El\u00edas Ovalle y, tras su inesperado y sensible fallecimiento, el Dr. Aldo Montecinos.<\/p>\n\n\n\n<p>Durante 2023 es contratada la investigadora en ciencias del clima Dra. Luc\u00eda Scaff Fuenzalida. Y al a\u00f1o siguiente se suman las acad\u00e9micas Catalina Morales e Ilaria Tabone. La primera para contribuir al \u00e1rea de Tierra S\u00f3lida, mientras que Tabone enriquece la especializaci\u00f3n en glaciares.<\/p>\n\n\n\n<p><\/p>\n\n\n\n<h2 class=\"wp-block-heading\">Directores de Departamento<\/h2>\n\n\n\n<h3 class=\"wp-block-heading\">&nbsp;<\/h3>\n\n\n\n<figure class=\"wp-block-table\"><table class=\"has-fixed-layout\"><tbody><tr><th>Nombre<\/th><th>Per\u00edodo<\/th><\/tr><tr><td>Mart\u00edn Jacques Coper<\/td><td>Julio 2024 \u2013<\/td><\/tr><tr><td>Ignacia Calisto Burgos<\/td><td>Mayo de 2022 \u2013 Junio 2024<\/td><\/tr><tr><td>Arturo Belmonte Villanueva<\/td><td>Mayo de 2020 \u2013 abril de 2022<\/td><\/tr><tr><td>Matthew Miller<\/td><td>Mayo de 2018 \u2013 abril de 2020<\/td><\/tr><tr><td>Andr\u00e9s Sep\u00falveda Allende<\/td><td>Mayo de 2016 \u2013 abril de 2018<\/td><\/tr><tr><td>Oscar Pizarro Arriagada<\/td><td>Mayo de 2014 \u2013 abril de 2016<\/td><\/tr><tr><td>Rodrigo Abarca del R\u00edo<\/td><td>Mayo de 2012 \u2013 abril de 2014<\/td><\/tr><tr><td>Aldo Montecinos Gula<\/td><td>Noviembre de 2011 \u2013 abril de 2012<\/td><\/tr><tr><td>Samuel Hormazabal Fritz<\/td><td>Mayo de 2011 \u2013 octubre de 2011<\/td><\/tr><tr><td>Samuel Hormazabal Fritz<\/td><td>Mayo de 2009 \u2013 abril de 2011<\/td><\/tr><tr><td>Aldo Montecinos Gula<\/td><td>Mayo de 2007 \u2013 abril de 2009<\/td><\/tr><tr><td>Samuel Hormazabal Fritz<\/td><td>Mayo de 2005 \u2013 abril de 2007<\/td><\/tr><\/tbody><\/table><\/figure>\n","protected":false},"excerpt":{"rendered":"<p>Misi\u00f3n \u00a0 Durante las \u00faltimas d\u00e9cadas, el desarrollo de nuevas tecnolog\u00edas de observaci\u00f3n y de modelaci\u00f3n ha generado una verdadera revoluci\u00f3n en las ciencias geof\u00edsicas, cambiando la visi\u00f3n sobre nuestro planeta y sobre nuestra responsabilidad por su futuro. De esta manera, la investigaci\u00f3n en variabilidad clim\u00e1tica, atmosf\u00e9rica y geodin\u00e1mica ha pasado de un enfoque particular [&hellip;]<\/p>\n","protected":false},"author":1,"featured_media":0,"parent":0,"menu_order":0,"comment_status":"closed","ping_status":"closed","template":"","meta":{"footnotes":""},"class_list":["post-9","page","type-page","status-publish","hentry"],"_links":{"self":[{"href":"https:\/\/www.dgeo.udec.cl\/dev\/wp-json\/wp\/v2\/pages\/9","targetHints":{"allow":["GET"]}}],"collection":[{"href":"https:\/\/www.dgeo.udec.cl\/dev\/wp-json\/wp\/v2\/pages"}],"about":[{"href":"https:\/\/www.dgeo.udec.cl\/dev\/wp-json\/wp\/v2\/types\/page"}],"author":[{"embeddable":true,"href":"https:\/\/www.dgeo.udec.cl\/dev\/wp-json\/wp\/v2\/users\/1"}],"replies":[{"embeddable":true,"href":"https:\/\/www.dgeo.udec.cl\/dev\/wp-json\/wp\/v2\/comments?post=9"}],"version-history":[{"count":13,"href":"https:\/\/www.dgeo.udec.cl\/dev\/wp-json\/wp\/v2\/pages\/9\/revisions"}],"predecessor-version":[{"id":9667,"href":"https:\/\/www.dgeo.udec.cl\/dev\/wp-json\/wp\/v2\/pages\/9\/revisions\/9667"}],"wp:attachment":[{"href":"https:\/\/www.dgeo.udec.cl\/dev\/wp-json\/wp\/v2\/media?parent=9"}],"curies":[{"name":"wp","href":"https:\/\/api.w.org\/{rel}","templated":true}]}}