{"id":8858,"date":"2024-09-03T12:18:25","date_gmt":"2024-09-03T15:18:25","guid":{"rendered":"https:\/\/www.dgeo.udec.cl\/dev\/?page_id=8858"},"modified":"2024-09-26T09:39:44","modified_gmt":"2024-09-26T12:39:44","slug":"ilaria-tabone","status":"publish","type":"page","link":"https:\/\/www.dgeo.udec.cl\/dev\/ilaria-tabone\/","title":{"rendered":"Ilaria Tabone"},"content":{"rendered":"\n<figure class=\"wp-block-table\"><table class=\"has-fixed-layout\"><tbody><tr><td rowspan=\"8\"><img loading=\"lazy\" decoding=\"async\" width=\"1275\" height=\"1715\" class=\"wp-image-8418\" style=\"width: 300px\" src=\"http:\/\/www.dgeo.udec.cl\/dev\/wp-content\/uploads\/sites\/12\/2024\/05\/Ilaria-1-scaled-e1725376632757.jpg\" alt=\"\" srcset=\"https:\/\/www.dgeo.udec.cl\/dev\/wp-content\/uploads\/sites\/12\/2024\/05\/Ilaria-1-scaled-e1725376632757.jpg 1275w, https:\/\/www.dgeo.udec.cl\/dev\/wp-content\/uploads\/sites\/12\/2024\/05\/Ilaria-1-scaled-e1725376632757-744x1001.jpg 744w, https:\/\/www.dgeo.udec.cl\/dev\/wp-content\/uploads\/sites\/12\/2024\/05\/Ilaria-1-scaled-e1725376632757-1200x1614.jpg 1200w, https:\/\/www.dgeo.udec.cl\/dev\/wp-content\/uploads\/sites\/12\/2024\/05\/Ilaria-1-scaled-e1725376632757-420x565.jpg 420w, https:\/\/www.dgeo.udec.cl\/dev\/wp-content\/uploads\/sites\/12\/2024\/05\/Ilaria-1-scaled-e1725376632757-768x1033.jpg 768w, https:\/\/www.dgeo.udec.cl\/dev\/wp-content\/uploads\/sites\/12\/2024\/05\/Ilaria-1-scaled-e1725376632757-1142x1536.jpg 1142w\" sizes=\"auto, (max-width: 1275px) 100vw, 1275px\" \/><\/td><\/tr><tr><td><strong>Cargo:<\/strong>&nbsp;Profesora Asistente <br><strong>Tel\u00e9fono:<\/strong>&nbsp;2203360 <br><strong>Mail:<\/strong>&nbsp;<a href=\";\">itabone@udec.cl<\/a><\/td><\/tr><tr><td><strong>Estudios:<\/strong> <br>&#8211; PhD&nbsp;en F\u00edsica, Grupo de Modelaci\u00f3n y An\u00e1lisis Paleoclimatica (PalMA), Departamento de F\u00edsica de la Tierra y Astrof\u00edsica, Universidad Complutense de Madrid, Espa\u00f1a, 2016-2019.<br>&#8211; Magister en F\u00edsica con especializaci\u00f3n en F\u00edsica del medio ambiente y de las tecnolog\u00edas avanzadas, Universidad de Torino, Italia.<br>&#8211; Licenciatura en F\u00edsica, Universidad de Torino, Italia.&nbsp;<\/td><\/tr><tr><td><strong>L\u00edneas de Investigaci\u00f3n:<\/strong><br>Modelaci\u00f3n num\u00e9rica de din\u00e1mica y evoluci\u00f3n de cuerpos de hielo terrestres en diferentes escalas&nbsp;temporales y espaciales,&nbsp;interacciones hielo-oc\u00e9ano, hielo-atm\u00f3sfera, hielo-tierra solida, hidrolog\u00eda glaciar, paleoclimatolog\u00eda, cambio clim\u00e1tico, Glacial Lake Outburst Floods (GLOFs) y tipping points en el sistema tierra.&nbsp;<\/td><\/tr><tr><td><strong>Docencia:&nbsp;<\/strong>Climatolog\u00eda F\u00edsica Global<br><\/td><\/tr><\/tbody><\/table><\/figure>\n\n\n\n<p><\/p>\n\n\n\n<p><strong>Publicaciones<\/strong>:<\/p>\n\n\n\n<p>Blasco, J., Tabone, I., Moreno-Parada, D., Robinson, A., Alvarez-Solas, J., Pattyn, F., and Montoya, M.: Antarctic tipping points triggered by the mid-Pliocene warm climate, Clim. Past, 20, 1919\u20131938, <a href=\"https:\/\/doi.org\/10.5194\/cp-20-1919-2024\">https:\/\/doi.org\/10.5194\/cp-20-1919-2024<\/a>, 2024.<br><\/p>\n\n\n\n<p><strong>Tabone, I.<\/strong>, Robinson A., Montoya M., \u00c1lvarez-Solas, J.: Holocene thinning in central Greenland controlled by the Northeast Greenland Ice Stream, Nat Commun, 15, 6434 (2024). <a href=\"https:\/\/doi.org\/10.1038\/s41467-024-50772-5\">https:\/\/doi.org\/10.1038\/s41467-024-50772-5<\/a>.<\/p>\n\n\n\n<p>Blasco, J.,<strong> Tabone I.<\/strong>, Moreno-Parada D., Robinson A., \u00c1lvarez-Solas, J., Pattyn F.,&nbsp; Montoya M. (2023): Antarctic Tipping points triggered by the mid-Pliocene warm climate, <em>Climate of the Past Discussions<\/em>, doi: 10.5194\/cp-2023-76.&nbsp;<\/p>\n\n\n\n<p>Adams Jr, J. H., Ahmad, S., Allard, D., Anzalone, A., Bacholle, S., Barrillon, P., Bayer, J., Bertaina, M., Bisconti, F., Blaksley, C., Blin-Bondil, S., Bob\u00edk, P., Cafagna, F., Campana, D.,&nbsp; Capel, F., Casolino, M., Cassardo, C., Catalano, C., Cremonini R., Dagoret-Campagne, S., Danto, P., del Peral, L., de la Taille, C., D\u00edaz Damian, A., Dupieux, M., Ebersoldt, A., Ebisuzaki, T., Eser, J., Evrard, J., Fenu F., Ferrarese S., Fornaro, C., Fouka, M., Gorodetzky, P., Guarino, F., Guzman, A., Hachisu Y., Haungs, A., Judd, E., Jung, A., Karczmarczyk, J., Kawasaki, Y., Klimov, P.A., Kuznetsov, E., Mackovjak, S., Manfrin, M., Marcelli, L., Medina-Tanco, G., Mercier, K., Merino, A., Mernik, T., Miyamoto, H., Morales de los R\u00edos, J.A., Moretto, C., Mot, B., Neronov, A., Ohmori, H., Olinto, A.V., Osteria, G., Panico, B., Parizot, E., Paul, T., Picozza, P., Piotrowski, L.W., Plebaniak, Z., Pliego, S., Prat, P., Pr\u00e9v\u00f4t, G., Prieto, H., Putis, M., Rabanal, J., Ricci, M., Rojas, J., Rodr\u00edguez Fr\u00edas, M.D., Roudil, G., S\u00e1ez Cano, G., Sahnoun, Z., Sakaki, N., Sanchez, J.C., Santangelo, A., Sarazin, F., Scotti, V., Shinozaki, K., Silva, H., Soriano, J.F., Suino, G., Szabelski, Toscano, S.,<strong> Tabone I., <\/strong>Takizawa, Y., von Ballmoos, P., Wiencke, L., Wille, M., and Zotov, M. (2022). A Review of the EUSO-Balloon Pathfinder for the JEM-EUSO Program. <em>Space Science Reviews<\/em>, <em>218<\/em>(1), 3.<\/p>\n\n\n\n<p>\u00c1lvarez-Solas, J., Blasco, J., Gabarr\u00f3, C., Montoya, M., Robinson, A., <strong>Tabone, I.<\/strong> (2021), <em>Criosfera: el hielo polar y su papel en el clima terrestre<\/em>, chapter of <em>Observando los polos: Una visi\u00f3n integral del conocimiento de las zonas polares y sobre las alteraciones que est\u00e1n sufriendo debido al cambio global <\/em>(2021) ,Versi\u00f3n del editor: <a href=\"http:\/\/editorial\">http:\/\/editorial<\/a>. csic. es\/publicaciones\/libros\/13561\/0\/observando-los-polos. html URI: <a href=\"http:\/\/hdl\">http:\/\/hdl<\/a>. handle. net\/10261\/261503 ISBN: 978-84-00-10865-6.<\/p>\n\n\n\n<p><strong>Tabone, I.<\/strong>, Robinson, A., Alvarez-Solas, J., Montoya, M. (2019): Submarine melt as a potential trigger for the North East Greenland Ice Stream margin retreat during Marine-Isotope Stage 3, <em>The Cryosphere<\/em>, 13, 1911-1923, doi: 10.5194\/tc-13-1911-2019.<\/p>\n\n\n\n<p><strong>Tabone, I.<\/strong>, Robinson, A., Alvarez-Solas, J., Montoya, M. (2019): Impact of millennial-scale oceanic variability on the Greenland ice-sheet evolution throughout the last glacial period, <em>Climate of the Past<\/em>. 15, 593-609, doi: 10.5194\/cp-15-593-2019.<\/p>\n\n\n\n<p>Blasco, J., <strong>Tabone, I.<\/strong>, Robinson, A., \u00c1lvarez-Solas, J. and Montoya, M. (2019): The Antarctic Ice Sheet response to glacial millennial-scale variability, <em>Climate of the Past<\/em>, 15, 121-133, doi: 10.5194\/cp-15-121-2019.<\/p>\n\n\n\n<p>Anzalone, A., Bertaina, M. E., Briz, S., Cassardo, C., Cremonini, R., de Castro, A. J., Ferrarese, S., Isgr\u00f3, F., Lopez F., <strong>Tabone, I. <\/strong>(2018): Methods to Retrieve the Cloud-Top Height in the Frame of the JEM-EUSO Mission.<em> IEEE Transactions on Geoscience and Remote Sensing<\/em>, 99, 1-15, doi: 10.1109\/TGRS.2018.2854296.<\/p>\n\n\n\n<p><strong>Tabone, I.<\/strong>, Blasco, J., Robinson, A., Alvarez-Solas, J., Montoya, M. (2018): The sensitivity of the Greenland Ice Sheet to glacial-interglacial oceanic forcing, <em>Climate of the Past,<\/em> 14, 455-472, doi: 10.5194\/cp-14-455-2018.<\/p>\n\n\n\n<p><strong>Tabone, I.<\/strong>, Briz, S., Anzalone, A., De Castro, AJ, Lopez, F., Ferrarese, S., Isgr\u00f2, F., Cassardo, C., Cremonini, R., Bertaina, M., Comparing different methods to retrieve cloud top height from Meteosat satellite data, <em>Proc. SPIE 9640, Remote Sensing of Clouds and the Atmosphere XX<\/em>, 96400C (16 October 2015); <a href=\"https:\/\/doi.org\/10.1117\/12.21950\">https:\/\/doi.org\/10.1117\/12.21950<\/a><\/p>\n","protected":false},"excerpt":{"rendered":"<p>Cargo:&nbsp;Profesora Asistente Tel\u00e9fono:&nbsp;2203360 Mail:&nbsp;itabone@udec.cl Estudios: &#8211; PhD&nbsp;en F\u00edsica, Grupo de Modelaci\u00f3n y An\u00e1lisis Paleoclimatica (PalMA), Departamento de F\u00edsica de la Tierra y Astrof\u00edsica, Universidad Complutense de Madrid, Espa\u00f1a, 2016-2019.&#8211; Magister en F\u00edsica con especializaci\u00f3n en F\u00edsica del medio ambiente y de las tecnolog\u00edas avanzadas, Universidad de Torino, Italia.&#8211; Licenciatura en F\u00edsica, Universidad de Torino, Italia.&nbsp; [&hellip;]<\/p>\n","protected":false},"author":7,"featured_media":0,"parent":0,"menu_order":0,"comment_status":"closed","ping_status":"closed","template":"","meta":{"footnotes":""},"class_list":["post-8858","page","type-page","status-publish","hentry"],"_links":{"self":[{"href":"https:\/\/www.dgeo.udec.cl\/dev\/wp-json\/wp\/v2\/pages\/8858","targetHints":{"allow":["GET"]}}],"collection":[{"href":"https:\/\/www.dgeo.udec.cl\/dev\/wp-json\/wp\/v2\/pages"}],"about":[{"href":"https:\/\/www.dgeo.udec.cl\/dev\/wp-json\/wp\/v2\/types\/page"}],"author":[{"embeddable":true,"href":"https:\/\/www.dgeo.udec.cl\/dev\/wp-json\/wp\/v2\/users\/7"}],"replies":[{"embeddable":true,"href":"https:\/\/www.dgeo.udec.cl\/dev\/wp-json\/wp\/v2\/comments?post=8858"}],"version-history":[{"count":2,"href":"https:\/\/www.dgeo.udec.cl\/dev\/wp-json\/wp\/v2\/pages\/8858\/revisions"}],"predecessor-version":[{"id":8883,"href":"https:\/\/www.dgeo.udec.cl\/dev\/wp-json\/wp\/v2\/pages\/8858\/revisions\/8883"}],"wp:attachment":[{"href":"https:\/\/www.dgeo.udec.cl\/dev\/wp-json\/wp\/v2\/media?parent=8858"}],"curies":[{"name":"wp","href":"https:\/\/api.w.org\/{rel}","templated":true}]}}