{"id":8435,"date":"2024-06-04T10:27:14","date_gmt":"2024-06-04T13:27:14","guid":{"rendered":"https:\/\/www.dgeo.udec.cl\/dev\/?page_id=8435"},"modified":"2024-08-13T16:12:38","modified_gmt":"2024-08-13T19:12:38","slug":"catalina-morales-yanez","status":"publish","type":"page","link":"https:\/\/www.dgeo.udec.cl\/dev\/nosotros\/integrantes\/academicos\/catalina-morales-yanez\/","title":{"rendered":"Catalina Morales Y\u00e1\u00f1ez"},"content":{"rendered":"\n<p><a href=\"https:\/\/www.dgeo.udec.cl\/dev\/wp-admin\/post.php?post=8319&amp;action=edit\" target=\"_blank\" rel=\"noreferrer noopener\">EDITAR<\/a><\/p>\n\n\n<div class=\"wp-block-image\">\n<figure class=\"alignleft size-full is-resized\"><a href=\"https:\/\/www.dgeo.udec.cl\/dev\/wp-content\/uploads\/sites\/12\/2024\/06\/Catalina1.jpg\"><img loading=\"lazy\" decoding=\"async\" width=\"697\" height=\"686\" src=\"https:\/\/www.dgeo.udec.cl\/dev\/wp-content\/uploads\/sites\/12\/2024\/06\/Catalina1.jpg\" alt=\"\" class=\"wp-image-8438\" style=\"width:389px;height:auto\" srcset=\"https:\/\/www.dgeo.udec.cl\/dev\/wp-content\/uploads\/sites\/12\/2024\/06\/Catalina1.jpg 697w, https:\/\/www.dgeo.udec.cl\/dev\/wp-content\/uploads\/sites\/12\/2024\/06\/Catalina1-420x413.jpg 420w\" sizes=\"auto, (max-width: 697px) 100vw, 697px\" \/><\/a><\/figure>\n<\/div>\n\n\n<figure class=\"wp-block-table\"><table><tbody><tr><td><strong>Cargo:\u00a0<\/strong>Profesora \u00a0 \/\u00a0\u00a0\u00a0\u00a0<strong>Tel\u00e9fono:<\/strong>\u00a0\u00a0<strong>Oficina:<\/strong>\u00a0 \u00a0 \/\u00a0\u00a0\u00a0<strong>Mail:<\/strong><\/td><\/tr><tr><td><strong>Estudios:<\/strong><br>Geof\u00edsica de la Universidad de Concepci\u00f3n.<br>M\u00e1ster en Geof\u00edsica en la Universidad de Chile.<br>Doctorado del Instituto de F\u00edsica del Globo de la Universidad de Estrasburgo, Francia.<\/td><\/tr><tr><td><strong>L\u00edneas de Investigaci\u00f3n:\u00a0<\/strong>Sismolog\u00eda &#8211; An\u00e1lisis s\u00edsmico &#8211; An\u00e1lisis geod\u00e9sico &#8211; Procesos de las ciencias de la tierra &#8211; Terremotos<\/td><\/tr><tr><td><strong>Curr\u00edculum (pdf)<\/strong><\/td><\/tr><tr><td><strong>Docencia:&nbsp;<\/strong><\/td><\/tr><tr><td><strong>P\u00e1gina Personal<\/strong>:\u00a0<a href=\"https:\/\/scholar.google.fr\/citations?user=55g_dQcAAAAJ&amp;hl=es\" data-type=\"link\" data-id=\"https:\/\/scholar.google.fr\/citations?user=55g_dQcAAAAJ&amp;hl=es\">Catalina Morales Y\u00e1\u00f1ez, en Scholar<\/a><\/td><\/tr><\/tbody><\/table><\/figure>\n\n\n\n<p><strong>Publicaciones<\/strong><\/p>\n\n\n\n<figure class=\"wp-block-table\"><table><tbody><tr><td><a href=\"https:\/\/scholar.google.fr\/citations?view_op=view_citation&amp;hl=es&amp;user=55g_dQcAAAAJ&amp;sortby=pubdate&amp;citation_for_view=55g_dQcAAAAJ:ULOm3_A8WrAC\">Plate interface geometry complexity and persistent heterogenous coupling revealed by a high-resolution earthquake focal mechanism catalog in Mentawai, Sumatra<\/a>X Wang, S Wei, C Morales-Y\u00e1\u00f1ez, Z Duputel, L Chen, T Hao, L Zhao<br>Earth and Planetary Science Letters 637, 118726<br><a href=\"https:\/\/scholar.google.fr\/citations?hl=es&amp;user=55g_dQcAAAAJ&amp;view_op=list_works&amp;sortby=pubdate\"><\/a><br>2024<br><a href=\"https:\/\/scholar.google.fr\/citations?view_op=view_citation&amp;hl=es&amp;user=55g_dQcAAAAJ&amp;sortby=pubdate&amp;citation_for_view=55g_dQcAAAAJ:KlAtU1dfN6UC\">Relation between oceanic plate structure, patterns of interplate locking and microseismicity in the 1922 Atacama Seismic Gap<\/a>D Gonz\u00e1lez\u2010Vidal, M Moreno, C Sippl, JC Baez, F Ortega\u2010Culaciati, &#8230;<br>Geophysical Research Letters 50 (15), e2023GL103565<br><a href=\"https:\/\/scholar.google.fr\/scholar?oi=bibs&amp;hl=es&amp;cites=11221654618093490229\">3<\/a><br>2023<br><a href=\"https:\/\/scholar.google.fr\/citations?view_op=view_citation&amp;hl=es&amp;user=55g_dQcAAAAJ&amp;sortby=pubdate&amp;citation_for_view=55g_dQcAAAAJ:kNdYIx-mwKoC\">Seismic and aseismic slip during the 2006 Copiap\u00f3 swarm in North-Central Chile<\/a>J Ojeda, C Morales-Y\u00e1\u00f1ez, G Ducret, S Ruiz, R Grandin, MP Doin, &#8230;<br>Journal of South American Earth Sciences 123, 104198<br><a href=\"https:\/\/scholar.google.fr\/scholar?oi=bibs&amp;hl=es&amp;cites=7757219148289673543\">2<\/a><br>2023<br><a href=\"https:\/\/scholar.google.fr\/citations?view_op=view_citation&amp;hl=es&amp;user=55g_dQcAAAAJ&amp;sortby=pubdate&amp;citation_for_view=55g_dQcAAAAJ:MXK_kJrjxJIC\">B-value variations in the Central Chile seismic gap assessed by a Bayesian transdimensional approach<\/a>C Morales-Y\u00e1\u00f1ez, L Bustamante, R Benavente, C Sippl, M Moreno<br>Scientific Reports 12 (1), 21710<br><a href=\"https:\/\/scholar.google.fr\/scholar?oi=bibs&amp;hl=es&amp;cites=15269854679494810685\">6<\/a><br>2022<br><a href=\"https:\/\/scholar.google.fr\/citations?view_op=view_citation&amp;hl=es&amp;user=55g_dQcAAAAJ&amp;sortby=pubdate&amp;citation_for_view=55g_dQcAAAAJ:3fE2CSJIrl8C\">Estimating correlation lengths of megathrust events: A Bayesian model selection approach.<\/a>G Marchant, R Benavente, C Morales-Y\u00e1\u00f1ez, JGF Crempien, V Becerra<br>AGU Fall Meeting Abstracts 2022, S15C-0208<br><a href=\"https:\/\/scholar.google.fr\/citations?hl=es&amp;user=55g_dQcAAAAJ&amp;view_op=list_works&amp;sortby=pubdate\"><\/a><br>2022<br><a href=\"https:\/\/scholar.google.fr\/citations?view_op=view_citation&amp;hl=es&amp;user=55g_dQcAAAAJ&amp;sortby=pubdate&amp;citation_for_view=55g_dQcAAAAJ:0EnyYjriUFMC\">Exploring the link between large earthquakes and magma transport at the onset of the Mayotte volcano-seismic crisis<\/a>C Morales-Y\u00e1\u00f1ez, Z Duputel, L Rivera<br>Comptes Rendus. G\u00e9oscience 354 (S2), 1-16<br><a href=\"https:\/\/scholar.google.fr\/scholar?oi=bibs&amp;hl=es&amp;cites=11062870931221213665\">1<\/a><br>2022<br><a href=\"https:\/\/scholar.google.fr\/citations?view_op=view_citation&amp;hl=es&amp;user=55g_dQcAAAAJ&amp;sortby=pubdate&amp;citation_for_view=55g_dQcAAAAJ:hqOjcs7Dif8C\">A trans-dimensional approach to robustly identify earthquake-cycle transient surface displacements: Applications for the Chilean margin<\/a>R Benavente, J Merino, C Morales-Yanez, S Castro, F Ortega Culaciati, &#8230;<br>AGU Fall Meeting Abstracts 2021, MR35B-03<br><a href=\"https:\/\/scholar.google.fr\/citations?hl=es&amp;user=55g_dQcAAAAJ&amp;view_op=list_works&amp;sortby=pubdate\"><\/a><br>2021<br><a href=\"https:\/\/scholar.google.fr\/citations?view_op=view_citation&amp;hl=es&amp;user=55g_dQcAAAAJ&amp;sortby=pubdate&amp;citation_for_view=55g_dQcAAAAJ:UebtZRa9Y70C\">Characterizing variations in b-value by using a Bayesian transdimensional approach<\/a>C Morales-Yanez, L Bustamante, R Benavente, C Sippl, M Moreno<br>AGU Fall Meeting Abstracts 2021, S23C-03<br><a href=\"https:\/\/scholar.google.fr\/citations?hl=es&amp;user=55g_dQcAAAAJ&amp;view_op=list_works&amp;sortby=pubdate\"><\/a><br>2021<br><a href=\"https:\/\/scholar.google.fr\/citations?view_op=view_citation&amp;hl=es&amp;user=55g_dQcAAAAJ&amp;sortby=pubdate&amp;citation_for_view=55g_dQcAAAAJ:roLk4NBRz8UC\">Creating and Sustaining Just, Equitable, Diverse, and Inclusive Spaces as an Early Career Researcher<\/a>RD L\u00f3pez, C Anderson, CA Hall, DF Dias, C Morales-Y\u00e1\u00f1ez, YD Rao<br>AGU Fall Meeting 2020<br><a href=\"https:\/\/scholar.google.fr\/citations?hl=es&amp;user=55g_dQcAAAAJ&amp;view_op=list_works&amp;sortby=pubdate\"><\/a><br>2020<br><a href=\"https:\/\/scholar.google.fr\/citations?view_op=view_citation&amp;hl=es&amp;user=55g_dQcAAAAJ&amp;sortby=pubdate&amp;citation_for_view=55g_dQcAAAAJ:_FxGoFyzp5QC\">Welcoming Remarks from Early Career Researchers<\/a>Y Rao, CA Hall, SM Saia, L DiAngelis, M Osman, O Tweedy, C Anderson, &#8230;<br>AGU Fall Meeting 2020<br><a href=\"https:\/\/scholar.google.fr\/citations?hl=es&amp;user=55g_dQcAAAAJ&amp;view_op=list_works&amp;sortby=pubdate\"><\/a><br>2020<br><a href=\"https:\/\/scholar.google.fr\/citations?view_op=view_citation&amp;hl=es&amp;user=55g_dQcAAAAJ&amp;sortby=pubdate&amp;citation_for_view=55g_dQcAAAAJ:ufrVoPGSRksC\">Moving Beyond the Standard: A Transdisciplinary Virtual Event for Early-Career Scientists<\/a>YD Rao, CA Hall, L DiAngelis, C Morales-Y\u00e1\u00f1ez<br>AGU Fall Meeting 2020<br><a href=\"https:\/\/scholar.google.fr\/citations?hl=es&amp;user=55g_dQcAAAAJ&amp;view_op=list_works&amp;sortby=pubdate\"><\/a><br>2020<br><a href=\"https:\/\/scholar.google.fr\/citations?view_op=view_citation&amp;hl=es&amp;user=55g_dQcAAAAJ&amp;sortby=pubdate&amp;citation_for_view=55g_dQcAAAAJ:Se3iqnhoufwC\"># GeoHackeo, the GeoLatinas hackathon-Testing our Digital Literacy toolkit<\/a>I Cortes, A Balza, A Rosa Mar\u00edn, LF Trivi\u00f1o Serrato, C Villarraga Morales, &#8230;<br>AGU Fall Meeting Abstracts 2020, ED017-06<br><a href=\"https:\/\/scholar.google.fr\/citations?hl=es&amp;user=55g_dQcAAAAJ&amp;view_op=list_works&amp;sortby=pubdate\"><\/a><br>2020<br><a href=\"https:\/\/scholar.google.fr\/citations?view_op=view_citation&amp;hl=es&amp;user=55g_dQcAAAAJ&amp;sortby=pubdate&amp;citation_for_view=55g_dQcAAAAJ:LkGwnXOMwfcC\">Geolatinas Digital Literacy Toolkit: A Diverse Community Developing Coding Skills for the Open Source World.<\/a>A Balza, I Cortes, A Rosa Mar\u00edn, C Villarraga Morales, LF Zuluaga, &#8230;<br>AGU Fall Meeting Abstracts 2020, IN040-01<br><a href=\"https:\/\/scholar.google.fr\/citations?hl=es&amp;user=55g_dQcAAAAJ&amp;view_op=list_works&amp;sortby=pubdate\"><\/a><br>2020<br><a href=\"https:\/\/scholar.google.fr\/citations?view_op=view_citation&amp;hl=es&amp;user=55g_dQcAAAAJ&amp;sortby=pubdate&amp;citation_for_view=55g_dQcAAAAJ:eQOLeE2rZwMC\">Impact of 3D Earth structure on W-phase CMT parameters<\/a>C Morales-Y\u00e1\u00f1ez, Z Duputel, L Rivera<br>Geophysical Journal International<br><a href=\"https:\/\/scholar.google.fr\/scholar?oi=bibs&amp;hl=es&amp;cites=704323914553436268\">9<\/a><br>2019<br><a href=\"https:\/\/scholar.google.fr\/citations?view_op=view_citation&amp;hl=es&amp;user=55g_dQcAAAAJ&amp;sortby=pubdate&amp;citation_for_view=55g_dQcAAAAJ:zYLM7Y9cAGgC\">3D CMT Inversion of M<sub>w<\/sub>\u00a0\u2265 5 Earthquakes during the Mayotte Seismic Crisis<\/a>LA Rivera, C Morales-Y\u00e1\u00f1ez, Z Duputel<br>AGU Fall Meeting 2019<br><a href=\"https:\/\/scholar.google.fr\/citations?hl=es&amp;user=55g_dQcAAAAJ&amp;view_op=list_works&amp;sortby=pubdate\"><\/a><br>2019<br><a href=\"https:\/\/scholar.google.fr\/citations?view_op=view_citation&amp;hl=es&amp;user=55g_dQcAAAAJ&amp;sortby=pubdate&amp;citation_for_view=55g_dQcAAAAJ:W7OEmFMy1HYC\">3D CMT Inversion of M<sub>w<\/sub>\u00a0\u2265 5 Earthquakes during the Mayotte Seismic Crisis<\/a>C Morales-Y\u00e1\u00f1ez, LA Rivera, Z Duputel<br>AGU Fall Meeting Abstracts 2019, V43I-0226<br><a href=\"https:\/\/scholar.google.fr\/citations?hl=es&amp;user=55g_dQcAAAAJ&amp;view_op=list_works&amp;sortby=pubdate\"><\/a><br>2019<br><a href=\"https:\/\/scholar.google.fr\/citations?view_op=view_citation&amp;hl=es&amp;user=55g_dQcAAAAJ&amp;sortby=pubdate&amp;citation_for_view=55g_dQcAAAAJ:Y0pCki6q_DkC\">Inversion of the source-time function for earthquakes in northern Chile using different least squares regularization methods<\/a>MC Flores, C Morales-Y\u00e1\u00f1ez, JA Ruiz, F Ortega-Culaciati, LA Rivera<br>AGU Fall Meeting 2018<br><a href=\"https:\/\/scholar.google.fr\/citations?hl=es&amp;user=55g_dQcAAAAJ&amp;view_op=list_works&amp;sortby=pubdate\"><\/a><br>2018<br><a href=\"https:\/\/scholar.google.fr\/citations?view_op=view_citation&amp;hl=es&amp;user=55g_dQcAAAAJ&amp;sortby=pubdate&amp;citation_for_view=55g_dQcAAAAJ:9yKSN-GCB0IC\">Inversion of the source-time function for earthquakes in northern Chile using different least squares regularization methods<\/a>JA Ruiz, MC Flores, C Morales, F Ortega-Culaciati, LA Rivera<br>AGU Fall Meeting Abstracts 2018, S53C-0415<br><a href=\"https:\/\/scholar.google.fr\/citations?hl=es&amp;user=55g_dQcAAAAJ&amp;view_op=list_works&amp;sortby=pubdate\"><\/a><br>2018<br><a href=\"https:\/\/scholar.google.fr\/citations?view_op=view_citation&amp;hl=es&amp;user=55g_dQcAAAAJ&amp;sortby=pubdate&amp;citation_for_view=55g_dQcAAAAJ:u-x6o8ySG0sC\">Effects of 3D Earth structure on W-phase CMT parameters<\/a>C Morales, Z Duputel, L Rivera, H Kanamori<br>EGU General Assembly Conference Abstracts, 14679<br><a href=\"https:\/\/scholar.google.fr\/citations?hl=es&amp;user=55g_dQcAAAAJ&amp;view_op=list_works&amp;sortby=pubdate\"><\/a><br>2017<br><a href=\"https:\/\/scholar.google.fr\/citations?view_op=view_citation&amp;hl=es&amp;user=55g_dQcAAAAJ&amp;sortby=pubdate&amp;citation_for_view=55g_dQcAAAAJ:u5HHmVD_uO8C\">Retrieving Source-Time Function and Seismic Moment Tensor From Near Field Records<\/a>C Morales, JA Ruiz, F Ortega, L Rivera<br>EGU General Assembly Conference Abstracts, 15138<\/td><\/tr><\/tbody><\/table><\/figure>\n","protected":false},"excerpt":{"rendered":"<p>EDITAR Cargo:\u00a0Profesora \u00a0 \/\u00a0\u00a0\u00a0\u00a0Tel\u00e9fono:\u00a0\u00a0Oficina:\u00a0 \u00a0 \/\u00a0\u00a0\u00a0Mail: Estudios:Geof\u00edsica de la Universidad de Concepci\u00f3n.M\u00e1ster en Geof\u00edsica en la Universidad de Chile.Doctorado del Instituto de F\u00edsica del Globo de la Universidad de Estrasburgo, Francia. L\u00edneas de Investigaci\u00f3n:\u00a0Sismolog\u00eda &#8211; An\u00e1lisis s\u00edsmico &#8211; An\u00e1lisis geod\u00e9sico &#8211; Procesos de las ciencias de la tierra &#8211; Terremotos Curr\u00edculum (pdf) Docencia:&nbsp; P\u00e1gina Personal:\u00a0Catalina [&hellip;]<\/p>\n","protected":false},"author":7,"featured_media":0,"parent":17,"menu_order":0,"comment_status":"closed","ping_status":"closed","template":"","meta":{"footnotes":""},"class_list":["post-8435","page","type-page","status-publish","hentry"],"_links":{"self":[{"href":"https:\/\/www.dgeo.udec.cl\/dev\/wp-json\/wp\/v2\/pages\/8435","targetHints":{"allow":["GET"]}}],"collection":[{"href":"https:\/\/www.dgeo.udec.cl\/dev\/wp-json\/wp\/v2\/pages"}],"about":[{"href":"https:\/\/www.dgeo.udec.cl\/dev\/wp-json\/wp\/v2\/types\/page"}],"author":[{"embeddable":true,"href":"https:\/\/www.dgeo.udec.cl\/dev\/wp-json\/wp\/v2\/users\/7"}],"replies":[{"embeddable":true,"href":"https:\/\/www.dgeo.udec.cl\/dev\/wp-json\/wp\/v2\/comments?post=8435"}],"version-history":[{"count":1,"href":"https:\/\/www.dgeo.udec.cl\/dev\/wp-json\/wp\/v2\/pages\/8435\/revisions"}],"predecessor-version":[{"id":8439,"href":"https:\/\/www.dgeo.udec.cl\/dev\/wp-json\/wp\/v2\/pages\/8435\/revisions\/8439"}],"up":[{"embeddable":true,"href":"https:\/\/www.dgeo.udec.cl\/dev\/wp-json\/wp\/v2\/pages\/17"}],"wp:attachment":[{"href":"https:\/\/www.dgeo.udec.cl\/dev\/wp-json\/wp\/v2\/media?parent=8435"}],"curies":[{"name":"wp","href":"https:\/\/api.w.org\/{rel}","templated":true}]}}