{"id":839,"date":"2013-03-18T16:28:35","date_gmt":"2013-03-18T19:28:35","guid":{"rendered":"\/?page_id=839"},"modified":"2019-07-30T15:57:01","modified_gmt":"2019-07-30T18:57:01","slug":"victor-villagran","status":"publish","type":"page","link":"https:\/\/www.dgeo.udec.cl\/dev\/nosotros\/integrantes\/academicos\/victor-villagran\/","title":{"rendered":"V\u00edctor Villagr\u00e1n Orellana"},"content":{"rendered":"<table style=\"width: 100%\" border=\"1\">\n<tbody>\n<tr>\n<td style=\"vertical-align: top\" rowspan=\"8\"><img loading=\"lazy\" decoding=\"async\" class=\"aligncenter wp-image-7281 size-full\" src=\"http:\/\/www.dgeo.udec.cl\/dev\/wp-content\/uploads\/sites\/12\/2019\/07\/DSCN4734.jpg\" alt=\"\" width=\"1522\" height=\"2170\" srcset=\"https:\/\/www.dgeo.udec.cl\/dev\/wp-content\/uploads\/sites\/12\/2019\/07\/DSCN4734.jpg 1522w, https:\/\/www.dgeo.udec.cl\/dev\/wp-content\/uploads\/sites\/12\/2019\/07\/DSCN4734-420x599.jpg 420w, https:\/\/www.dgeo.udec.cl\/dev\/wp-content\/uploads\/sites\/12\/2019\/07\/DSCN4734-744x1061.jpg 744w, https:\/\/www.dgeo.udec.cl\/dev\/wp-content\/uploads\/sites\/12\/2019\/07\/DSCN4734-768x1095.jpg 768w, https:\/\/www.dgeo.udec.cl\/dev\/wp-content\/uploads\/sites\/12\/2019\/07\/DSCN4734-1200x1711.jpg 1200w\" sizes=\"auto, (max-width: 1522px) 100vw, 1522px\" \/><\/td>\n<\/tr>\n<tr>\n<td>\n<p><strong>Cargo: <\/strong>Ingeniero Jefe <a href=\"http:\/\/midgeo.udec.cl\/\" target=\"_blank\" rel=\"noopener noreferrer\">Laboratorio MidGeo<\/a>&nbsp;&nbsp; \/&nbsp;&nbsp;<strong>&nbsp; Tel\u00e9fono:<\/strong> 2207070<\/p>\n<p><strong>Oficina:<\/strong> Laboratorio MidGeo &nbsp; \/&nbsp;&nbsp; <strong>Mail:<\/strong> <a href=\"mailto:victor@dgeo.udec.cl\">victor@dgeo.udec.cl<\/a><\/td>\n<\/tr>\n<tr>\n<td><strong><strong>Estudios:<\/strong><\/strong><br \/>\nIngeniero Civil Electr\u00f3nico, Universidad de Concepci\u00f3n, Chile, 1997<br \/>\nMag\u00edster en Ciencias de la Ingenier\u00eda, Menci\u00f3n Ingenier\u00eda El\u00e9ctrica, Universidad de Concepci\u00f3n, Chile, 1998<\/td>\n<\/tr>\n<tr>\n<td><span style=\"color: #000000\"><strong>L\u00edneas de Investigaci\u00f3n: <\/strong><\/span><span style=\"color: #ffffff;font-family: Geneva,Arial,Helvetica,sans-serif;font-size: small\"><span style=\"color: #000000\">Instrumentaci\u00f3n en aplicaciones cient\u00edficas y su desarrollo, Aplicaciones de Control Autom\u00e1tico.<br \/>\n<\/span><\/span><\/td>\n<\/tr>\n<tr>\n<td><a href=\"\/wp-content\/uploads\/sites\/12\/2013\/03\/CV_Villagran.pdf\" target=\"_blank\" rel=\"noopener noreferrer\"><strong>Curr\u00edculum (pdf)<\/strong><\/a><\/td>\n<\/tr>\n<tr>\n<td><strong>Docencia: <\/strong>Instrumentaci\u00f3n Geof\u00edsica<strong><br \/>\n<\/strong><\/td>\n<\/tr>\n<tr>\n<td><a href=\"http:\/\/midgeo.udec.cl\/\" target=\"_blank\" rel=\"noopener noreferrer\"><strong>P\u00e1gina Personal <\/strong><\/a><\/td>\n<\/tr>\n<\/tbody>\n<\/table>\n<p><span style=\"text-decoration: underline\"><strong>Proyectos:<\/strong><\/span><\/p>\n<p><a href=\"http:\/\/imo-chile.cl\/\" target=\"_blank\" rel=\"noopener noreferrer\"><strong><span style=\"color: #000000\">Instituto Milenio de Oceanograf\u00eda &nbsp;<\/span><\/strong><\/a><br \/>\nInstitutos Milenio en Ciencias Naturales<br \/>\nFecha de inicio y t\u00e9rmino: 2014 &#8211; 2023<br \/>\nInvestigador asociado: <strong><a href=\"http:\/\/www.dgeo.udec.cl\/dev\/nosotros\/integrantes\/academicos\/oscar-pizarro-arriagada\/\" target=\"_blank\" rel=\"noopener noreferrer\">Oscar Pizarro<\/a><\/strong><br \/>\nInvestigadores adjuntos: <a href=\"http:\/\/www.dgeo.udec.cl\/dev\/nosotros\/integrantes\/investigadores-asociados\/carolina-parada-2\/\" target=\"_blank\" rel=\"noopener noreferrer\"><strong>Carolina Parada<\/strong><\/a> &#8211; <a href=\"http:\/\/www.dgeo.udec.cl\/dev\/nosotros\/integrantes\/academicos\/aldo-montecinos-gula\/\" target=\"_blank\" rel=\"noopener noreferrer\"><strong>Aldo Montecinos<\/strong><\/a> &#8211; <a href=\"http:\/\/www.dgeo.udec.cl\/dev\/nosotros\/integrantes\/academicos\/victor-villagran\/\" target=\"_blank\" rel=\"noopener noreferrer\"><strong>V\u00edctor Villagr\u00e1n<\/strong><\/a><\/p>\n<p style=\"text-align: justify\"><strong><span style=\"text-decoration: underline\">Trabajos de investigaci\u00f3n publicados:<\/span><\/strong><\/p>\n<p>\u00abEnvironmental monitoring network along a mountain valley using embedded controllers\u201d. <strong>Villagr\u00e1n, V<\/strong>., A. Montecinos, C. Franco, and R.C. Mu\u00f1oz. Measurement, 106, 221-235. Factor de Impacto 1,7 (Q1); 2017.<\/p>\n<p>\u201cClimatological characterization of Puelche winds in the extratropical western Andes Mountain using the NCEP Climate Forecast System Reanalysis\u201d. Montecinos, A., R. Mu\u00f1oz, S. Oviedo, A. Mart\u00ednez, and <strong>V. Villagr\u00e1n. <\/strong>Journal of Applied Meteorology and Climatology, 56(3), 677-696. Factor impacto 3,070 (Q1). 2017.<\/p>\n<p style=\"text-align: justify\">\u201cSistema de Adquisici\u00f3n de Datos Oce\u00e1nicos Superficiales\u201d XXVII Congreso de Ciencias del Mar. Universidad Arturo Prat, Iquique, Junio 2007<\/p>\n<p style=\"text-align: justify\">\u201cIdentificaci\u00f3n de nubes en im\u00e1genes satelitales de temperatura usando l\u00f3gica difusa\u201d. XXIII Congreso de Ciencias del Mar. Universidad de Magallanes, Punta Arenas, Abril 2003.<\/p>\n<p style=\"text-align: justify\">\u201cConstrucci\u00f3n oxigenometro autom\u00e1tico de laboratorio\u201d. XXIII Congreso de Ciencias del Mar. Universidad de Magallanes, Punta Arenas, Abril 2003.<\/p>\n<p style=\"text-align: justify\">\u00abTuning Fuzzy PI Controllers By Iterative Learning\u00bb. Aprobado en PID&#8217;00. IFAC Workshop on Digital Control, Universitat Politecnica de Catalunya, Dept. of Automatic Control Campus Terrasa, a realizarse en : Spain 5-7 april 2000.<\/p>\n<p style=\"text-align: justify\">\u00abA New Approach for Tuning MIMO PID Controllers Using Iterative Learning\u00bb. Publicado en 14th World Congress of International Federation of Automatic Control, Beijing, P.R. China, July 1999.<\/p>\n<p style=\"text-align: justify\">\u00abA New Approach for tuning PID controllers based on Iterative Learning\u00bb. Publicado en IEEE International Conference on Control Applications, Stazione marittima Molo Bersaglieri, Trieste, Italy 1998.<\/p>\n<p style=\"text-align: justify\">\u00abUn nuevo enfoque para sintonizaci\u00f3n de controladores PID usando aprendizaje iterativo\u00bb. Publicado en Congreso de la Asociaci\u00f3n Argentina de Control Autom\u00e1tico, Buenos Aires, Argentina 1998.<\/p>\n","protected":false},"excerpt":{"rendered":"<p>Cargo: Ingeniero Jefe Laboratorio MidGeo&nbsp;&nbsp; \/&nbsp;&nbsp;&nbsp; Tel\u00e9fono: 2207070 Oficina: Laboratorio MidGeo &nbsp; \/&nbsp;&nbsp; Mail: victor@dgeo.udec.cl Estudios: Ingeniero Civil Electr\u00f3nico, Universidad de Concepci\u00f3n, Chile, 1997 Mag\u00edster en Ciencias de la Ingenier\u00eda, Menci\u00f3n Ingenier\u00eda El\u00e9ctrica, Universidad de Concepci\u00f3n, Chile, 1998 L\u00edneas de Investigaci\u00f3n: Instrumentaci\u00f3n en aplicaciones cient\u00edficas y su desarrollo, Aplicaciones de Control Autom\u00e1tico. Curr\u00edculum (pdf) Docencia: [&hellip;]<\/p>\n","protected":false},"author":2,"featured_media":0,"parent":17,"menu_order":0,"comment_status":"closed","ping_status":"open","template":"","meta":{"footnotes":""},"class_list":["post-839","page","type-page","status-publish","hentry"],"_links":{"self":[{"href":"https:\/\/www.dgeo.udec.cl\/dev\/wp-json\/wp\/v2\/pages\/839","targetHints":{"allow":["GET"]}}],"collection":[{"href":"https:\/\/www.dgeo.udec.cl\/dev\/wp-json\/wp\/v2\/pages"}],"about":[{"href":"https:\/\/www.dgeo.udec.cl\/dev\/wp-json\/wp\/v2\/types\/page"}],"author":[{"embeddable":true,"href":"https:\/\/www.dgeo.udec.cl\/dev\/wp-json\/wp\/v2\/users\/2"}],"replies":[{"embeddable":true,"href":"https:\/\/www.dgeo.udec.cl\/dev\/wp-json\/wp\/v2\/comments?post=839"}],"version-history":[{"count":38,"href":"https:\/\/www.dgeo.udec.cl\/dev\/wp-json\/wp\/v2\/pages\/839\/revisions"}],"predecessor-version":[{"id":7299,"href":"https:\/\/www.dgeo.udec.cl\/dev\/wp-json\/wp\/v2\/pages\/839\/revisions\/7299"}],"up":[{"embeddable":true,"href":"https:\/\/www.dgeo.udec.cl\/dev\/wp-json\/wp\/v2\/pages\/17"}],"wp:attachment":[{"href":"https:\/\/www.dgeo.udec.cl\/dev\/wp-json\/wp\/v2\/media?parent=839"}],"curies":[{"name":"wp","href":"https:\/\/api.w.org\/{rel}","templated":true}]}}