{"id":8181,"date":"2023-04-12T13:23:00","date_gmt":"2023-04-12T16:23:00","guid":{"rendered":"https:\/\/www.dgeo.udec.cl\/dev\/?page_id=8181"},"modified":"2024-08-13T16:13:05","modified_gmt":"2024-08-13T19:13:05","slug":"lucia-scaff-fuenzalida","status":"publish","type":"page","link":"https:\/\/www.dgeo.udec.cl\/dev\/nosotros\/integrantes\/academicos\/lucia-scaff-fuenzalida\/","title":{"rendered":"Luc\u00eda Scaff Fuenzalida"},"content":{"rendered":"<div class=\"wp-block-image\">\n<figure class=\"alignleft size-full is-resized\"><a href=\"http:\/\/www.dgeo.udec.cl\/dev\/wp-content\/uploads\/sites\/12\/2023\/04\/Dra.-Lucia-Scaff.jpg\"><img loading=\"lazy\" decoding=\"async\" src=\"http:\/\/www.dgeo.udec.cl\/dev\/wp-content\/uploads\/sites\/12\/2023\/04\/Dra.-Lucia-Scaff.jpg\" alt=\"\" class=\"wp-image-8168\" style=\"width:427px;height:434px\" width=\"427\" height=\"434\" srcset=\"https:\/\/www.dgeo.udec.cl\/dev\/wp-content\/uploads\/sites\/12\/2023\/04\/Dra.-Lucia-Scaff.jpg 853w, https:\/\/www.dgeo.udec.cl\/dev\/wp-content\/uploads\/sites\/12\/2023\/04\/Dra.-Lucia-Scaff-744x757.jpg 744w, https:\/\/www.dgeo.udec.cl\/dev\/wp-content\/uploads\/sites\/12\/2023\/04\/Dra.-Lucia-Scaff-420x427.jpg 420w, https:\/\/www.dgeo.udec.cl\/dev\/wp-content\/uploads\/sites\/12\/2023\/04\/Dra.-Lucia-Scaff-768x782.jpg 768w\" sizes=\"auto, (max-width: 427px) 100vw, 427px\" \/><\/a><\/figure>\n<\/div>\n\n\n<figure class=\"wp-block-table\"><table><tbody><tr><td><strong>Cargo:&nbsp;<\/strong>Profesora &nbsp; \/&nbsp;&nbsp;&nbsp;&nbsp;<strong>Tel\u00e9fono:<\/strong>&nbsp;        <strong>Oficina:<\/strong>&nbsp;    &nbsp; \/&nbsp;&nbsp;&nbsp;<strong>Mail:<\/strong>&nbsp;<a href=\";\"><\/a><a href=\"mailto:mscaff@udec.cl\">mscaff@udec.cl<\/a><\/td><\/tr><tr><td><strong>Estudios:<\/strong><br>Ingenier\u00eda Civil en Recursos H\u00eddricos y Medio Ambiente, Universidad de Chile.<br>Mag\u00edster en Meteorolog\u00eda, Universidad de Chile.<br>Doctora en Hidrometeorolog\u00eda, del Coldwater Laboratory del Global Institute for Water Security de la Universidad de Saskatchewan (Canad\u00e1)<\/td><\/tr><tr><td><strong>L\u00edneas de Investigaci\u00f3n:&nbsp;&nbsp;<\/strong>F\u00edsica atmosf\u00e9rica, modelado clim\u00e1tico regional, hidrometeorolog\u00eda y cambio clim\u00e1tico<\/td><\/tr><tr><td><strong>Curr\u00edculum (pdf)<\/strong><\/td><\/tr><tr><td><strong>Docencia:&nbsp;<\/strong><\/td><\/tr><tr><td><strong>P\u00e1gina Personal<\/strong><\/td><\/tr><\/tbody><\/table><\/figure>\n\n\n\n<p><\/p>\n\n\n\n<p><strong>Publicaciones<\/strong><\/p>\n\n\n\n<p><\/p>\n\n\n\n<figure id=\"gsc_a_t\" class=\"wp-block-table\"><table><tbody><tr><td><a href=\"https:\/\/scholar.google.ca\/citations?view_op=view_citation&amp;hl=en&amp;user=UQyEoToAAAAJ&amp;sortby=pubdate&amp;citation_for_view=UQyEoToAAAAJ:LkGwnXOMwfcC\">Diel streamflow cycles suggest more sensitive snowmelt-driven streamflow to climate change than land surface modeling does<\/a>SA Krogh, L Scaff, JW Kirchner, B Gordon, G Sterle, A HarpoldHydrology and Earth System Sciences 26 (13), 3393-3417<\/td><td>2022<\/td><\/tr><tr><td><a href=\"https:\/\/scholar.google.ca\/citations?view_op=view_citation&amp;hl=en&amp;user=UQyEoToAAAAJ&amp;sortby=pubdate&amp;citation_for_view=UQyEoToAAAAJ:YsMSGLbcyi4C\">Dryline characteristics in North America\u2019s historical and future climates<\/a>L Scaff, AF Prein, Y Li, AJ Clark, SA Krogh, N Taylor, C Liu, &#8230;Climate Dynamics 57 (7-8), 2171-2188<\/td><td>2021<\/td><\/tr><tr><td><a href=\"https:\/\/scholar.google.ca\/citations?view_op=view_citation&amp;hl=en&amp;user=UQyEoToAAAAJ&amp;sortby=pubdate&amp;citation_for_view=UQyEoToAAAAJ:roLk4NBRz8UC\">Smoke from regional wildfires alters lake ecology<\/a>F Scordo, S Chandra, E Suenaga, SJ Kelson, J Culpepper, L Scaff, &#8230;Scientific reports 11 (1), 1-14<\/td><td>2021<\/td><\/tr><tr><td><a href=\"https:\/\/scholar.google.ca\/citations?view_op=view_citation&amp;hl=en&amp;user=UQyEoToAAAAJ&amp;sortby=pubdate&amp;citation_for_view=UQyEoToAAAAJ:W7OEmFMy1HYC\">Hydroclimate of the Andes Part II: Hydroclimate variability and sub-continental patterns<\/a>PA Arias, R Garreaud, G Poveda, JC Espinoza, J Molina-Carpio, &#8230;Frontiers in Earth Science, 666<\/td><td>2021<\/td><\/tr><tr><td><a href=\"https:\/\/scholar.google.ca\/citations?view_op=view_citation&amp;hl=en&amp;user=UQyEoToAAAAJ&amp;sortby=pubdate&amp;citation_for_view=UQyEoToAAAAJ:ufrVoPGSRksC\">CONUS II, a new 20-year convection-permitting simulation over North America: How well does it performs on snowpack?<\/a>L Scaff, K Ikeda, R Rasmussen, D Matte, AF Prein, C Liu, Y Li, L LiAGU Fall Meeting Abstracts 2020, A096-0003<\/td><td>2020<\/td><\/tr><tr><td><a href=\"https:\/\/scholar.google.ca\/citations?view_op=view_citation&amp;hl=en&amp;user=UQyEoToAAAAJ&amp;sortby=pubdate&amp;citation_for_view=UQyEoToAAAAJ:WF5omc3nYNoC\">Diel observations suggest earlier snowmelt-driven streamflow than land surface modeling<\/a>AA Harpold, SA Krogh, L Scaff, G Sterle, JW Kirchner, BL GordonAGU Fall Meeting Abstracts 2020, H225-02<\/td><td>2020<\/td><\/tr><tr><td><a href=\"https:\/\/scholar.google.ca\/citations?view_op=view_citation&amp;hl=en&amp;user=UQyEoToAAAAJ&amp;sortby=pubdate&amp;citation_for_view=UQyEoToAAAAJ:eQOLeE2rZwMC\">Impacts of changing winter warm spells on snow ablation in the mountains of western North America<\/a>L Scaff, SA Krogh, Y LiAGU Fall Meeting Abstracts 2020, C047-0019<\/td><td>2020<\/td><\/tr><tr><td><a href=\"https:\/\/scholar.google.ca\/citations?view_op=view_citation&amp;hl=en&amp;user=UQyEoToAAAAJ&amp;sortby=pubdate&amp;citation_for_view=UQyEoToAAAAJ:qjMakFHDy7sC\">Simulating the convective precipitation diurnal cycle in North America\u2019s current and future climate<\/a>L Scaff, AF Prein, Y Li, C Liu, R Rasmussen, K IkedaClimate Dynamics 55, 369-382<\/td><td>2020<\/td><\/tr><tr><td><a href=\"https:\/\/scholar.google.ca\/citations?view_op=view_citation&amp;hl=en&amp;user=UQyEoToAAAAJ&amp;sortby=pubdate&amp;citation_for_view=UQyEoToAAAAJ:Y0pCki6q_DkC\">Hydroclimate of the Andes Part I: main climatic features<\/a>JC Espinoza, R Garreaud, G Poveda, PA Arias, J Molina-Carpio, &#8230;Frontiers in Earth Science, 64<\/td><td>2020<\/td><\/tr><tr><td><a href=\"https:\/\/scholar.google.ca\/citations?view_op=view_citation&amp;hl=en&amp;user=UQyEoToAAAAJ&amp;sortby=pubdate&amp;citation_for_view=UQyEoToAAAAJ:zYLM7Y9cAGgC\">Intensification of the dryline over the lee of the Canadian Rockies in a warmer climate<\/a>L Scaff, Y Li, AF Prein, A Clark, NM Taylor, R Rasmussen, Z LiAGU Fall Meeting Abstracts 2019, A11V-2752<\/td><td>2019<\/td><\/tr><tr><td><a href=\"https:\/\/scholar.google.ca\/citations?view_op=view_citation&amp;hl=en&amp;user=UQyEoToAAAAJ&amp;sortby=pubdate&amp;citation_for_view=UQyEoToAAAAJ:IjCSPb-OGe4C\">High-resolution regional climate modeling and projection&lt;? xmltex\\break?&gt; over western Canada using a weather research forecasting&lt;? xmltex\\break?&gt; model with a pseudo-global&nbsp;\u2026<\/a>Y Li, Z Li, Z Zhang, L Chen, S Kurkute, L Scaff, X PanHydrology and Earth System Sciences 23 (11), 4635-4659<\/td><td>2019<\/td><\/tr><tr><td><a href=\"https:\/\/scholar.google.ca\/citations?view_op=view_citation&amp;hl=en&amp;user=UQyEoToAAAAJ&amp;sortby=pubdate&amp;citation_for_view=UQyEoToAAAAJ:2osOgNQ5qMEC\">Combined impacts of ENSO and MJO on the 2015 growing season drought on the Canadian Prairies<\/a>Z Li, Y Li, B Bonsal, AH Manson, L ScaffHydrology and Earth System Sciences 22 (10), 5057-5067<\/td><td>2018<\/td><\/tr><tr><td><a href=\"https:\/\/scholar.google.ca\/citations?view_op=view_citation&amp;hl=en&amp;user=UQyEoToAAAAJ&amp;sortby=pubdate&amp;citation_for_view=UQyEoToAAAAJ:UeHWp8X0CEIC\">Simulating the convective precipitation diurnal cycle in a North American scale convection-permitting model<\/a>L Scaff, Y Li, AF Prein, C Liu, R Rasmussen, K IkedaAGU Fall Meeting Abstracts 2017, A24F-04<\/td><td>2017<\/td><\/tr><tr><td><a href=\"https:\/\/scholar.google.ca\/citations?view_op=view_citation&amp;hl=en&amp;user=UQyEoToAAAAJ&amp;sortby=pubdate&amp;citation_for_view=UQyEoToAAAAJ:d1gkVwhDpl0C\">Meteorological Interpretation of Orographic Precipitation Gradients along an Andes West Slope Basin at 30\u00b0 S (Elqui Valley, Chile)<\/a>L Scaff, JA Rutllant, D Rahn, S Gascoin, R RondanelliJournal of Hydrometeorology 18 (3), 713-727<\/td><td>2017<\/td><\/tr><tr><td><a href=\"https:\/\/scholar.google.ca\/citations?view_op=view_citation&amp;hl=en&amp;user=UQyEoToAAAAJ&amp;sortby=pubdate&amp;citation_for_view=UQyEoToAAAAJ:9yKSN-GCB0IC\">Inconsistency in precipitation measurements across the Alaska\u2013Yukon border<\/a>L Scaff, D Yang, Y Li, E MekisThe Cryosphere 9 (6), 2417-2428<\/td><td>2015<\/td><\/tr><tr><td><a href=\"https:\/\/scholar.google.ca\/citations?view_op=view_citation&amp;hl=en&amp;user=UQyEoToAAAAJ&amp;sortby=pubdate&amp;citation_for_view=UQyEoToAAAAJ:u-x6o8ySG0sC\">Interpretaci\u00f3n hidro-meteorol\u00f3gica de los gradientes orogr\u00e1ficos de precipitaci\u00f3n en el Valle del Elqui<\/a>ML Scaff FuenzalidaUniversidad de Chile<\/td><td>2012<\/td><\/tr><\/tbody><\/table><\/figure>\n","protected":false},"excerpt":{"rendered":"<p>Cargo:&nbsp;Profesora &nbsp; \/&nbsp;&nbsp;&nbsp;&nbsp;Tel\u00e9fono:&nbsp; Oficina:&nbsp; &nbsp; \/&nbsp;&nbsp;&nbsp;Mail:&nbsp;mscaff@udec.cl Estudios:Ingenier\u00eda Civil en Recursos H\u00eddricos y Medio Ambiente, Universidad de Chile.Mag\u00edster en Meteorolog\u00eda, Universidad de Chile.Doctora en Hidrometeorolog\u00eda, del Coldwater Laboratory del Global Institute for Water Security de la Universidad de Saskatchewan (Canad\u00e1) L\u00edneas de Investigaci\u00f3n:&nbsp;&nbsp;F\u00edsica atmosf\u00e9rica, modelado clim\u00e1tico regional, hidrometeorolog\u00eda y cambio clim\u00e1tico Curr\u00edculum (pdf) Docencia:&nbsp; P\u00e1gina Personal [&hellip;]<\/p>\n","protected":false},"author":7,"featured_media":0,"parent":17,"menu_order":0,"comment_status":"closed","ping_status":"closed","template":"","meta":{"footnotes":""},"class_list":["post-8181","page","type-page","status-publish","hentry"],"_links":{"self":[{"href":"https:\/\/www.dgeo.udec.cl\/dev\/wp-json\/wp\/v2\/pages\/8181","targetHints":{"allow":["GET"]}}],"collection":[{"href":"https:\/\/www.dgeo.udec.cl\/dev\/wp-json\/wp\/v2\/pages"}],"about":[{"href":"https:\/\/www.dgeo.udec.cl\/dev\/wp-json\/wp\/v2\/types\/page"}],"author":[{"embeddable":true,"href":"https:\/\/www.dgeo.udec.cl\/dev\/wp-json\/wp\/v2\/users\/7"}],"replies":[{"embeddable":true,"href":"https:\/\/www.dgeo.udec.cl\/dev\/wp-json\/wp\/v2\/comments?post=8181"}],"version-history":[{"count":5,"href":"https:\/\/www.dgeo.udec.cl\/dev\/wp-json\/wp\/v2\/pages\/8181\/revisions"}],"predecessor-version":[{"id":8329,"href":"https:\/\/www.dgeo.udec.cl\/dev\/wp-json\/wp\/v2\/pages\/8181\/revisions\/8329"}],"up":[{"embeddable":true,"href":"https:\/\/www.dgeo.udec.cl\/dev\/wp-json\/wp\/v2\/pages\/17"}],"wp:attachment":[{"href":"https:\/\/www.dgeo.udec.cl\/dev\/wp-json\/wp\/v2\/media?parent=8181"}],"curies":[{"name":"wp","href":"https:\/\/api.w.org\/{rel}","templated":true}]}}