{"id":742,"date":"2012-11-23T16:10:02","date_gmt":"2012-11-23T19:10:02","guid":{"rendered":"\/?page_id=742"},"modified":"2024-08-14T15:48:09","modified_gmt":"2024-08-14T18:48:09","slug":"arturo-belmonte-2","status":"publish","type":"page","link":"https:\/\/www.dgeo.udec.cl\/dev\/nosotros\/integrantes\/academicos\/arturo-belmonte-2\/","title":{"rendered":"Arturo Belmonte &#8211; Pool Villanueva"},"content":{"rendered":"<table style=\"width: 100%\" border=\"1\">\n<tbody>\n<tr>\n<td style=\"vertical-align: top\" rowspan=\"7\"><img loading=\"lazy\" decoding=\"async\" class=\"wp-image-7251 size-full alignleft\" src=\"http:\/\/www.dgeo.udec.cl\/dev\/wp-content\/uploads\/sites\/12\/2019\/07\/DSCN4724.jpg\" alt=\"\" width=\"1282\" height=\"1672\" srcset=\"https:\/\/www.dgeo.udec.cl\/dev\/wp-content\/uploads\/sites\/12\/2019\/07\/DSCN4724.jpg 1282w, https:\/\/www.dgeo.udec.cl\/dev\/wp-content\/uploads\/sites\/12\/2019\/07\/DSCN4724-420x548.jpg 420w, https:\/\/www.dgeo.udec.cl\/dev\/wp-content\/uploads\/sites\/12\/2019\/07\/DSCN4724-744x970.jpg 744w, https:\/\/www.dgeo.udec.cl\/dev\/wp-content\/uploads\/sites\/12\/2019\/07\/DSCN4724-768x1002.jpg 768w, https:\/\/www.dgeo.udec.cl\/dev\/wp-content\/uploads\/sites\/12\/2019\/07\/DSCN4724-1200x1565.jpg 1200w\" sizes=\"auto, (max-width: 1282px) 100vw, 1282px\" \/><\/td>\n<\/tr>\n<tr>\n<td><strong>Cargo: <\/strong>Profesor Asistente\u00a0\u00a0 \/\u00a0\u00a0\u00a0 <strong>Tel\u00e9fono:<\/strong> 2203137<\/p>\n<p><strong>Oficina:<\/strong> 432 \u00a0 \/\u00a0\u00a0 <strong>Mail:<\/strong> <a href=\"mailto:abelmonte@dgeo.udec.cl\">abelmonte@dgeo.udec.cl<\/a><\/td>\n<\/tr>\n<tr>\n<td><strong>Estudios:<\/strong><br \/>\nIngenier\u00eda Civil, menci\u00f3n Estructuras, (1994), Universidad de Chile.<br \/>\nMag\u00edster en Ciencias, menci\u00f3n Geof\u00edsica, (1997) Universidad de Chile.<br \/>\nDoctorado en Ciencias, menci\u00f3n Sismolog\u00eda, (1998-2002) Universidad de Libre de Berl\u00edn (Alemania).<\/td>\n<\/tr>\n<tr>\n<td><strong>L\u00edneas de Investigaci\u00f3n:\u00a0 <\/strong>Geof\u00edsica Aplicada, Sismolog\u00eda<\/td>\n<\/tr>\n<tr>\n<td><\/td>\n<\/tr>\n<tr>\n<td><strong>Docencia: <\/strong>Introducci\u00f3n a la Prospecci\u00f3n Geof\u00edsica<strong><br \/>\n<\/strong><\/td>\n<\/tr>\n<tr>\n<td><\/td>\n<\/tr>\n<\/tbody>\n<\/table>\n<p><span style=\"text-decoration: underline\"><strong>Proyectos en ejecuci\u00f3n<br \/>\n<\/strong><\/span><\/p>\n<p><strong>\u00abEvoluci\u00f3n Costera y factores de cambio en Chile: Criterios para la adaptaci\u00f3n y resiliencia de la zona costera\u00bb.<\/strong> \u00c1rea Sismolog\u00eda \/ Deformaci\u00f3n . Co-Investigador. Proyecto Fondecyt Regular, U. Cat\u00f3lica (PUC,IP: Carolina Mart\u00ednez), c\u00f3digo: 11200306, 2020-2023.<\/p>\n<p><strong>Proyectos reci\u00e9n terminados<\/strong><\/p>\n<p><strong>Evoluci\u00f3n Costera, morfodin\u00e1mica y factores de cambio de la l\u00ednea litoral en una costa de influencia tect\u00f3nica: orientaciones al manejo integrado de la costa\u201d, Zona<\/strong> <strong>de Estudio Regi\u00f3n del Bio-Bio, Area Sismolog\u00eda<\/strong><br \/>\nConicyt\/Fondecyt Regular Pontificia Universidad Cat\u00f3lica de Chile No.1151367<br \/>\nFecha de inicio y t\u00e9rmino 2015 &#8211; 2018<br \/>\nCo &#8211; investigador: <a href=\"http:\/\/www.dgeo.udec.cl\/dev\/nosotros\/integrantes\/academicos\/arturo-belmonte-2\/\" target=\"_blank\" rel=\"noopener noreferrer\"><strong>Arturo Belmonte<\/strong><\/a><\/p>\n<p><strong>The Emplacement of the Coastal Batholith and its relationship to the geodynamic setting of the proto-Pacific oceanic plate and the continental basement (Chile,37\u00baS-40\u00baS)\u201d, Zona de Estudio Cordillera de Nahuelbuta, Area Gravimetr\u00eda<\/strong><br \/>\nConicyt\/Fondecyt Regular Universidad de Concepci\u00f3n No. 1140669<br \/>\nFecha de inicio y t\u00e9rmino 2014 &#8211; 2016<br \/>\nCo &#8211; investigador: <a href=\"http:\/\/www.dgeo.udec.cl\/dev\/nosotros\/integrantes\/academicos\/arturo-belmonte-2\/\" target=\"_blank\" rel=\"noopener noreferrer\"><strong>Arturo Belmonte<\/strong><\/a><\/p>\n<p style=\"text-align: justify\"><strong><span style=\"text-decoration: underline\">Lista de publicaciones<\/span><\/strong><\/p>\n<p>Todas las publicaciones del profesor Belmonte se pueden ver <a href=\"https:\/\/scholar.google.cl\/citations?user=qEe0YQ0AAAAJ&amp;hl=es\">aqu\u00ed<\/a>.<\/p>\n<p>Neighbors, C.; Liao, E. J.; Cochran, E. S.; Miller, M; <strong><a href=\"http:\/\/www.dgeo.udec.cl\/dev\/nosotros\/integrantes\/academicos\/arturo-belmonte-2\/\">Belmonte, A<\/a><\/strong>; Sepulveda, HHA. \u00abInvestigation of the high-frequency attenuation parameter, kappa (kappa), from aftershocks of the 2010 M-w 8.8 Maule, Chile earthquake\u00bb; 2015, IF 2.987 Q2.<\/p>\n<p><strong><a href=\"http:\/\/www.dgeo.udec.cl\/dev\/nosotros\/integrantes\/academicos\/arturo-belmonte-2\/\">Belmonte, Arturo<\/a><\/strong>; Jaque, Edilia; Quezada, Jorge; et \u00e1l..; \u00abSite effects associated with the 2010 Maule Earthquake in zones characterized by the presence of wetlands in the Biobio Region, Chile\u00bb. 2015, IF 0.652 Q4.<\/p>\n<p style=\"text-align: justify\">Neighbors, C.J., Liao, E.J., Cochran, E.S., Funning, G.J., Chung, A.I., Lawrence, J.F., Christensen, C., J.F., <strong>Belmonte, A<\/strong>. Miller, M., Sepulveda, H.H., (2015), <a href=\"http:\/\/gji.oxfordjournals.org\/content\/200\/1\/200.full.pdf+html\" target=\"_blank\" rel=\"noopener noreferrer\">Investigation of the high-frequency attenuation parameter, \u03ba (kappa), from aftershocks of the 2010 Mw 8.8 Maule, Chile earthquake<\/a>, Geophysical Journal International, vol. 200(1), p. 200-215. DOI: 10.1093\/gji\/ggu390.<\/p>\n<p style=\"text-align: justify\">K-J. Reutter, R. Charrier, H-J. Goetze, B. Schurr, P. Wigger, E. Scheuber, P. Giese, C-D. Reuther, S. Schmidt, A. Rietbrock, G. Chong, <strong>A. Belmonte-Pool<\/strong> (2006): \u201cTHE SALAR DE ATACAMA BASIN: A SUBSIDING BLOCK WITHIN THE WESTERN EDGE OF THE ALTIPLANO-PUNA PLATEAU\u201d, Chapter 14 in The Andes, Active subduction orogeny, Oncken et al. EDS, Frontier in Earth Sciences No 1, Springer Verlag, Berlin, Germany, p. 303-326, 2006.<\/p>\n<p style=\"text-align: justify\">\n","protected":false},"excerpt":{"rendered":"<p>Cargo: Profesor Asistente\u00a0\u00a0 \/\u00a0\u00a0\u00a0 Tel\u00e9fono: 2203137 Oficina: 432 \u00a0 \/\u00a0\u00a0 Mail: abelmonte@dgeo.udec.cl Estudios: Ingenier\u00eda Civil, menci\u00f3n Estructuras, (1994), Universidad de Chile. Mag\u00edster en Ciencias, menci\u00f3n Geof\u00edsica, (1997) Universidad de Chile. Doctorado en Ciencias, menci\u00f3n Sismolog\u00eda, (1998-2002) Universidad de Libre de Berl\u00edn (Alemania). L\u00edneas de Investigaci\u00f3n:\u00a0 Geof\u00edsica Aplicada, Sismolog\u00eda Docencia: Introducci\u00f3n a la Prospecci\u00f3n Geof\u00edsica Proyectos [&hellip;]<\/p>\n","protected":false},"author":2,"featured_media":0,"parent":17,"menu_order":0,"comment_status":"closed","ping_status":"closed","template":"","meta":{"footnotes":""},"class_list":["post-742","page","type-page","status-publish","hentry"],"_links":{"self":[{"href":"https:\/\/www.dgeo.udec.cl\/dev\/wp-json\/wp\/v2\/pages\/742","targetHints":{"allow":["GET"]}}],"collection":[{"href":"https:\/\/www.dgeo.udec.cl\/dev\/wp-json\/wp\/v2\/pages"}],"about":[{"href":"https:\/\/www.dgeo.udec.cl\/dev\/wp-json\/wp\/v2\/types\/page"}],"author":[{"embeddable":true,"href":"https:\/\/www.dgeo.udec.cl\/dev\/wp-json\/wp\/v2\/users\/2"}],"replies":[{"embeddable":true,"href":"https:\/\/www.dgeo.udec.cl\/dev\/wp-json\/wp\/v2\/comments?post=742"}],"version-history":[{"count":34,"href":"https:\/\/www.dgeo.udec.cl\/dev\/wp-json\/wp\/v2\/pages\/742\/revisions"}],"predecessor-version":[{"id":8651,"href":"https:\/\/www.dgeo.udec.cl\/dev\/wp-json\/wp\/v2\/pages\/742\/revisions\/8651"}],"up":[{"embeddable":true,"href":"https:\/\/www.dgeo.udec.cl\/dev\/wp-json\/wp\/v2\/pages\/17"}],"wp:attachment":[{"href":"https:\/\/www.dgeo.udec.cl\/dev\/wp-json\/wp\/v2\/media?parent=742"}],"curies":[{"name":"wp","href":"https:\/\/api.w.org\/{rel}","templated":true}]}}