{"id":7345,"date":"2019-08-28T18:08:52","date_gmt":"2019-08-28T21:08:52","guid":{"rendered":"http:\/\/www.dgeo.udec.cl\/dev\/?page_id=7345"},"modified":"2019-08-29T18:28:53","modified_gmt":"2019-08-29T21:28:53","slug":"observaciones-meteorologicas-dgeo-udec-y-dgf-uchile-estacion-automatica-y-micro-rain-radar","status":"publish","type":"page","link":"https:\/\/www.dgeo.udec.cl\/dev\/observaciones-meteorologicas-dgeo-udec-y-dgf-uchile-estacion-automatica-y-micro-rain-radar\/","title":{"rendered":"Observaciones DGEO-UdeC y DGF-UChile: estaci\u00f3n autom\u00e1tica y micro rain radar"},"content":{"rendered":"\n<p style=\"font-size:25px\"><a href=\"http:\/\/www2.dgeo.udec.cl\/Public\/mrr\/mrr_jpgs\/last48h_mrr_ema.png\"><strong>Consultar observaciones en l\u00ednea de Radar y Estaci\u00f3n<\/strong><\/a><\/p>\n\n\n\n<p><\/p>\n\n\n\n<p><\/p>\n\n\n\n<p><strong>Antecedentes del instrumental y sus observaciones<\/strong><\/p>\n\n\n\n<p>Los procesos atmosf\u00e9ricos son inherentemente tridimensionales, por lo que su caracterizaci\u00f3n requiere de redes de medici\u00f3n en superficie junto a mediciones en la vertical. <\/p>\n\n\n\n<p>En el caso de la precipitaci\u00f3n, los radares meteorol\u00f3gicos son los que se encargan de realizar estas mediciones. Un tipo particular de radar es el Micro Rain Radar (MRR), que mide constantemente la precipitaci\u00f3n a distintos niveles de altitud en funci\u00f3n del tiempo. El MRR consta de una antena que emite y recibe una se\u00f1al electromagn\u00e9tica a una frecuencia de 24 GHz (Banda K), entregando el perfil de reflectividad cada 30 segundos, que es un indicador de la concentraci\u00f3n de hidrometeoros (gotas y cristales de hielo) en la columna vertical que determina la tasa de precipitaci\u00f3n en superficie. El MRR mide tambi\u00e9n la velocidad vertical con que caen los hidrometeoros y la turbulencia.<\/p>\n\n\n\n<p>Junto al MRR se encuentra una estaci\u00f3n meteorol\u00f3gica. Esta estaci\u00f3n mide temperatura, humedad relativa, presi\u00f3n atmosf\u00e9rica y precipitaci\u00f3n, todas con una frecuencia de 5 minutos. <\/p>\n\n\n\n<p>De esta manera se pueden observar cambios r\u00e1pidos en el ambiente y entender la relaci\u00f3n entre la reflectividad medida con el MRR y la precipitaci\u00f3n observada en superficie. <\/p>\n\n\n\n<p>Ambos instrumentos est\u00e1n instalados en la terraza del Departamento de Geof\u00edsica de la Universidad de Concepci\u00f3n (UDEC-DGEO) y fueron financiados por el Centro de Ciencia del Clima y la Resiliencia (CR2) y el Departamento de Geof\u00edsica de la Universidad de Chile.<\/p>\n\n\n\n<p>Estos registros instrumentales nos permiten seguir el estado de la atm\u00f3sfera con alta resoluci\u00f3n temporal y son relevantes para tener una idea m\u00e1s acabada sobre fen\u00f3menos de mesoescala que ocurren sobre Concepci\u00f3n. Esto se puede realizar mediante la comparaci\u00f3n de estos datos con los obtenidos en otras localidades de la ciudad (por ejemplo Aeropuerto Carriel Sur). <\/p>\n\n\n\n<p>Adem\u00e1s, son de utilidad para la comunidad de la Facultad, pues en conjunto con pron\u00f3sticos meteorol\u00f3gicos, permiten planificar otras actividades que dependen del estado de la atm\u00f3sfera local, como por ejemplo observaciones astron\u00f3micas.<\/p>\n\n\n\n<figure class=\"wp-block-image\"><img loading=\"lazy\" decoding=\"async\" width=\"1200\" height=\"838\" src=\"http:\/\/www.dgeo.udec.cl\/dev\/wp-content\/uploads\/sites\/12\/2019\/08\/Pluvi\u00f3metro-y-radar-1200x838.jpg\" alt=\"\" class=\"wp-image-7365\" srcset=\"https:\/\/www.dgeo.udec.cl\/dev\/wp-content\/uploads\/sites\/12\/2019\/08\/Pluvi\u00f3metro-y-radar-1200x838.jpg 1200w, https:\/\/www.dgeo.udec.cl\/dev\/wp-content\/uploads\/sites\/12\/2019\/08\/Pluvi\u00f3metro-y-radar-420x293.jpg 420w, https:\/\/www.dgeo.udec.cl\/dev\/wp-content\/uploads\/sites\/12\/2019\/08\/Pluvi\u00f3metro-y-radar-744x520.jpg 744w, https:\/\/www.dgeo.udec.cl\/dev\/wp-content\/uploads\/sites\/12\/2019\/08\/Pluvi\u00f3metro-y-radar-768x536.jpg 768w\" sizes=\"auto, (max-width: 1200px) 100vw, 1200px\" \/><figcaption>Pluvi\u00f3metro (registro de precipitaci\u00f3n) y \u00abmicro rain radar\u00bb (perfilador de hidrometeoros en altura).<\/figcaption><\/figure>\n\n\n\n<figure class=\"wp-block-image\"><img loading=\"lazy\" decoding=\"async\" width=\"1200\" height=\"1502\" src=\"http:\/\/www.dgeo.udec.cl\/dev\/wp-content\/uploads\/sites\/12\/2019\/08\/Pluvi\u00f3metro-panel-y-otro-1200x1502.jpg\" alt=\"\" class=\"wp-image-7366\" srcset=\"https:\/\/www.dgeo.udec.cl\/dev\/wp-content\/uploads\/sites\/12\/2019\/08\/Pluvi\u00f3metro-panel-y-otro-1200x1502.jpg 1200w, https:\/\/www.dgeo.udec.cl\/dev\/wp-content\/uploads\/sites\/12\/2019\/08\/Pluvi\u00f3metro-panel-y-otro-420x526.jpg 420w, https:\/\/www.dgeo.udec.cl\/dev\/wp-content\/uploads\/sites\/12\/2019\/08\/Pluvi\u00f3metro-panel-y-otro-744x931.jpg 744w, https:\/\/www.dgeo.udec.cl\/dev\/wp-content\/uploads\/sites\/12\/2019\/08\/Pluvi\u00f3metro-panel-y-otro-768x961.jpg 768w\" sizes=\"auto, (max-width: 1200px) 100vw, 1200px\" \/><figcaption>Panel fotovoltaico (energ\u00eda el\u00e9ctrica para la estaci\u00f3n), abrigo meteorol\u00f3gico (cubre un term\u00f3metro, un bar\u00f3metro -presi\u00f3n atmosf\u00e9rica- y un higr\u00f3metro -humedad del  aire-); y pluvi\u00f3metro.<\/figcaption><\/figure>\n\n\n\n<figure class=\"wp-block-image\"><img loading=\"lazy\" decoding=\"async\" width=\"1010\" height=\"720\" src=\"http:\/\/www.dgeo.udec.cl\/dev\/wp-content\/uploads\/sites\/12\/2019\/08\/Completo-reducido.jpg\" alt=\"\" class=\"wp-image-7367\" srcset=\"https:\/\/www.dgeo.udec.cl\/dev\/wp-content\/uploads\/sites\/12\/2019\/08\/Completo-reducido.jpg 1010w, https:\/\/www.dgeo.udec.cl\/dev\/wp-content\/uploads\/sites\/12\/2019\/08\/Completo-reducido-420x299.jpg 420w, https:\/\/www.dgeo.udec.cl\/dev\/wp-content\/uploads\/sites\/12\/2019\/08\/Completo-reducido-744x530.jpg 744w, https:\/\/www.dgeo.udec.cl\/dev\/wp-content\/uploads\/sites\/12\/2019\/08\/Completo-reducido-768x547.jpg 768w\" sizes=\"auto, (max-width: 1010px) 100vw, 1010px\" \/><figcaption>Pluvi\u00f3metro, radar, panel fotovoltaico, abrigo meteorol\u00f3gico y \u00abdataloggers\u00bb (dispositivos dentro de la caja).<br><br> <\/figcaption><\/figure>\n","protected":false},"excerpt":{"rendered":"<p>Consultar observaciones en l\u00ednea de Radar y Estaci\u00f3n Antecedentes del instrumental y sus observaciones Los procesos atmosf\u00e9ricos son inherentemente tridimensionales, por lo que su caracterizaci\u00f3n requiere de redes de medici\u00f3n en superficie junto a mediciones en la vertical. En el caso de la precipitaci\u00f3n, los radares meteorol\u00f3gicos son los que se encargan de realizar estas [&hellip;]<\/p>\n","protected":false},"author":7,"featured_media":0,"parent":0,"menu_order":0,"comment_status":"closed","ping_status":"closed","template":"","meta":{"footnotes":""},"class_list":["post-7345","page","type-page","status-publish","hentry"],"_links":{"self":[{"href":"https:\/\/www.dgeo.udec.cl\/dev\/wp-json\/wp\/v2\/pages\/7345","targetHints":{"allow":["GET"]}}],"collection":[{"href":"https:\/\/www.dgeo.udec.cl\/dev\/wp-json\/wp\/v2\/pages"}],"about":[{"href":"https:\/\/www.dgeo.udec.cl\/dev\/wp-json\/wp\/v2\/types\/page"}],"author":[{"embeddable":true,"href":"https:\/\/www.dgeo.udec.cl\/dev\/wp-json\/wp\/v2\/users\/7"}],"replies":[{"embeddable":true,"href":"https:\/\/www.dgeo.udec.cl\/dev\/wp-json\/wp\/v2\/comments?post=7345"}],"version-history":[{"count":13,"href":"https:\/\/www.dgeo.udec.cl\/dev\/wp-json\/wp\/v2\/pages\/7345\/revisions"}],"predecessor-version":[{"id":7371,"href":"https:\/\/www.dgeo.udec.cl\/dev\/wp-json\/wp\/v2\/pages\/7345\/revisions\/7371"}],"wp:attachment":[{"href":"https:\/\/www.dgeo.udec.cl\/dev\/wp-json\/wp\/v2\/media?parent=7345"}],"curies":[{"name":"wp","href":"https:\/\/api.w.org\/{rel}","templated":true}]}}