{"id":718,"date":"2012-11-23T15:52:34","date_gmt":"2012-11-23T18:52:34","guid":{"rendered":"\/?page_id=718"},"modified":"2024-10-04T09:04:18","modified_gmt":"2024-10-04T12:04:18","slug":"andres-sepulveda-allende-2","status":"publish","type":"page","link":"https:\/\/www.dgeo.udec.cl\/dev\/nosotros\/integrantes\/academicos\/andres-sepulveda-allende-2\/","title":{"rendered":"Andr\u00e9s Sep\u00falveda Allende"},"content":{"rendered":"<table style=\"width: 100%\" border=\"1\">\n<tbody>\n<tr>\n<td style=\"vertical-align: top;width: 47.931%\" rowspan=\"7\"><strong><img loading=\"lazy\" decoding=\"async\" class=\"aligncenter wp-image-7277 size-full\" src=\"http:\/\/www.dgeo.udec.cl\/dev\/wp-content\/uploads\/sites\/12\/2019\/07\/201810-Ciencia-sin-Ficci\u00f3n-2-e1564512418203.jpg\" alt=\"\" width=\"842\" height=\"881\" \/><\/strong><\/td>\n<\/tr>\n<tr>\n<td style=\"width: 50.6897%\"><strong>Cargo: <\/strong>Profesor Asociado \u00a0 \/\u00a0\u00a0<strong>\u00a0 Tel\u00e9fono:<\/strong> 2207280<strong>Oficina:<\/strong> 441 \u00a0 \/\u00a0\u00a0 <strong>Mail:<\/strong> <a href=\"mailto:asepulveda@dgeo.udec.cl\">asepulveda@dgeo.udec.cl<\/a><\/td>\n<\/tr>\n<tr>\n<td style=\"width: 50.6897%\"><strong>Estudios:<\/strong><br \/>\nLicenciatura en Ciencias con Menci\u00f3n en F\u00edsica, Universidad de Chile, 1996.<br \/>\nPh.D. en Oceanografia, Old Dominion University, 2004.<\/td>\n<\/tr>\n<tr>\n<td style=\"width: 50.6897%\"><strong>L\u00edneas de Investigaci\u00f3n: <\/strong>Modelaci\u00f3n num\u00e9rica del oc\u00e9ano (ROMS) atm\u00f3sfera (WRF), Interacciones F\u00edsico-Biol\u00f3gicas, Transporte larval.<\/td>\n<\/tr>\n<tr>\n<td style=\"width: 50.6897%\"><a href=\"\/wp-content\/uploads\/sites\/12\/2012\/11\/Andr\u00e9s-Sep\u00falveda-CV_octubre-2016.pdf\" target=\"_blank\" rel=\"noopener noreferrer\"><strong>Curr\u00edculum<\/strong> (pdf)<\/a><\/td>\n<\/tr>\n<tr>\n<td style=\"text-align: justify;width: 50.6897%\"><strong>Docencia: <\/strong>Modelaci\u00f3n Aplicada del Oc\u00e9ano (Geof\u00edsica); Modelaci\u00f3n Num\u00e9rica de la Atmosfera (Geof\u00edsica); Problemas Inversos en Geof\u00edsica (Geof\u00edsica); Considere una Vaca Esf\u00e9rica (Ramo de servicio, complementario);Programaci\u00f3n Num\u00e9rica en Geof\u00edsica.\u00a0<strong><br \/>\n<\/strong><\/td>\n<\/tr>\n<tr>\n<td style=\"width: 50.6897%\"><strong>P\u00e1gina Personal <\/strong><\/td>\n<\/tr>\n<\/tbody>\n<\/table>\n<p><strong>Proyectos en ejecuci\u00f3n:<\/strong><\/p>\n<p>Modelling the role of biogeochemical river input into fjord systems in chilean Patagonia. FONDECYT Regular, Investigador Principal. Folio\/N\u00b0: 1211230, 2021-2025.<\/p>\n<p>Proyecto VRID Iniciaci\u00f3n (2024001157INI) \u201cSearching and predicting changes of intense winter precipitation over the western side of extratropical mountains\u201d, 2024-2025, Co-Investigador. Investigadora Principal: Luc\u00eda Scaff.<\/p>\n<p><span style=\"text-decoration: underline\"><strong>\u00daltimos proyectos terminados<\/strong><\/span><\/p>\n<p>A near-surface wind field climatology for Marine Energy assessment in Western Patagonia , FONDECYT, Coinvestigador Folio\/N\u00b0: 1181155. 2018 \u2013 2021.<\/p>\n<p>Identificaci\u00f3n de \u00e1reas de conservaci\u00f3n o resguardo para los recursos sardina com\u00fan y anchoveta en la zona centro-sur de Chile. FIPA 2016-34 Co-Investigador. 2016-2017.<\/p>\n<p>Proyecto MOSA, Fase II, IFOP 16554-09, Investigador Principal, 2016-2017.<\/p>\n<p>Proyecto Parti-MOSA, IFOP 20502-196, Investigador Principal, 2017.<\/p>\n<p>Changes in the ENSO modulation of central Chile hydroclimate: Anthropogenic interference in the South Pacific? FONDECYT, Coinvestigador Folio\/N\u00b0: 1170286 2017 \u2013 2018.<\/p>\n<p><strong><span style=\"text-decoration: underline\">Lista de publicaciones<\/span>:<\/strong><\/p>\n<p>Todas las publicaciones del profesor Sep\u00falveda se pueden ver <a href=\"https:\/\/scholar.google.es\/citations?user=L8DETrwAAAAJ&amp;hl=es\">aqu\u00ed.<\/a><\/p>\n<p><strong>Wind and wave height climate from two decades of altimeter records on the Chilean Coast (15\u00b0- 56.5\u00b0S). <\/strong>Mediavilla, D., Sep\u00falveda, H.H., Alonso, G. Ocean Dynamics. 1-9, 2019. <a class=\"moz-txt-link-freetext\" href=\"https:\/\/doi.org\/10.1007\/s10236-019-01316-9\">https:\/\/doi.org\/10.1007\/s10236-019-01316-9<\/a><\/p>\n<p><strong><span class=\"title-text\">Comparison of QuikSCAT, WRF and buoy ocean surface wind data off Valparaiso Bay, Chile.<\/span><\/strong> <span class=\"title-text\"><span class=\"content\"><span class=\"text given-name\">M. <\/span><span class=\"text surname\">C\u00e1ceres-Soto, <a href=\"http:\/\/www.dgeo.udec.cl\/dev\/nosotros\/integrantes\/academicos\/andres-sepulveda-allende-2\/\">H. H. Sep\u00falveda<\/a>, <\/span><span id=\"baf0010\" class=\"author-ref\"><\/span><\/span><span id=\"baf0015\" class=\"author-ref\"><\/span><span class=\"content\"><span class=\"text given-name\">K. <\/span><span class=\"text surname\">Mu\u00f1oz-Mellado y <\/span><span id=\"baf0015\" class=\"author-ref\"><\/span><\/span><\/span><span class=\"title-text\"><span class=\"content\"><span class=\"text given-name\">O. <\/span><span class=\"text surname\">Artal. <\/span><\/span><\/span>Journal of Marine Systems, Volumen 203, marzo 2020, 103263; https:\/\/doi.org\/10.1016\/j.jmarsys.2019.103263. <a href=\"http:\/\/www.dgeo.udec.cl\/dev\/wp-content\/uploads\/sites\/12\/2019\/11\/1-s2.0-S0924796319304002-main.pdf\">Art\u00edculo.<\/a><\/p>\n<p><strong>The impact of spring-neap tidal-stream cycles in tidal energy assessments in the Chilean Inland Sea<\/strong><br \/>\n<span class=\"content\"><span class=\"text given-name\">Osvaldo <\/span><span class=\"text surname\">Artal,\u00a0<\/span><span id=\"baff1\" class=\"author-ref\"><\/span><span id=\"baff2\" class=\"author-ref\"><\/span><\/span><span class=\"content\"><span class=\"text surname\"><strong><a href=\"http:\/\/www.dgeo.udec.cl\/dev\/nosotros\/integrantes\/academicos\/oscar-pizarro-arriagada\/\">Oscar Pizarro<\/a><\/strong> y <\/span><span id=\"baff3\" class=\"author-ref\"><\/span><span id=\"baff4\" class=\"author-ref\"><\/span><span id=\"baff5\" class=\"author-ref\"><\/span><\/span><span class=\"content\"><a href=\"http:\/\/www.dgeo.udec.cl\/dev\/nosotros\/integrantes\/academicos\/andres-sepulveda-allende-2\/\"><strong><span class=\"text given-name\">H\u00e9ctor H. <\/span><\/strong><span class=\"text surname\"><strong>Sep\u00falveda<\/strong><\/span><\/a><span id=\"baff3\" class=\"author-ref\"><\/span><\/span><br \/>\nRenewable Energy, Agosto 2019, P\u00e1ginas 496-506; https:\/\/www.sciencedirect.com\/science\/article\/pii\/S0960148119302460<\/p>\n<p><span class=\"title-text\">Osvaldo <span class=\"text surname\">Artal<\/span>,<span class=\"content\" style=\"color: #000000\"> <span class=\"text surname\"><a style=\"color: #000000\" href=\"http:\/\/www.dgeo.udec.cl\/dev\/nosotros\/integrantes\/academicos\/andres-sepulveda-allende-2\/\"><strong>H. H. Sep\u00falveda<\/strong><\/a>, <\/span><\/span><span class=\"content\"><span class=\"text given-name\">Domingo <\/span><span class=\"text surname\">Mery<\/span><\/span><span class=\"content\"><span class=\"text given-name\"> y Christian <\/span><span class=\"text surname\">Pieringer<span style=\"color: #000000\">; <\/span><\/span><\/span><\/span><span class=\"title-text\"><span style=\"color: #000000\"><a style=\"color: #000000\" href=\"http:\/\/www.dgeo.udec.cl\/dev\/wp-content\/uploads\/sites\/12\/2018\/10\/1-s2.0-S0098300417312396-main.pdf\"><strong>Detecting and characterizing upwelling filaments in a numerical ocean model;\u00a0<\/strong><\/a><\/span><span class=\"content\"><span class=\"text surname\">Computers and Geosciences, volumen 122, enero 2019, p\u00e1ginas 25-34.<\/span><\/span><\/span><\/p>\n<p>J. Salcedo-Castro, N. Pillar da Silva, R. de Camargo, E. Marone y <strong>H. H. Sep\u00falveda<\/strong>; Estimation of extreme wave height return periods from short-term interpolation of multi-mission satellite data: application to the South Atlantic. Ocean Science, 14, 911-921, 2018. Https:\/\/doi.org\/10.5194\/os-14-911-2018.<\/p>\n<p>Herrera, J., Cornejo, P., <strong>Sep\u00falveda, H.H.<\/strong>, Artal, O., and Qui\u00f1ones, R.A., A Novel Approach To Assess The Hydrodynamic Effects Of A Salmon Farm In A Patagonian Channel: Coupling Between Regional Ocean Modeling And High Resolution LES Simulation. Aquaculture, 495 (2018) 115-129.<\/p>\n<p>Vergara, O.A., Echevin, V., <strong>Sep\u00falveda, H.H.<\/strong> and Qui\u00f1ones, R.A., Controlling factors of the seasonal variability of productivity in the southern Humboldt Current System (30\u00b0 S-40\u00b0 S): a biophysical modeling approach. Continental Shelf Research, 148, 89-103, 2017.<\/p>\n<p>Verena H\u00e4ussermann, Carolina S Gutstein, Michael Beddington, David Cassis, Carlos Olavarr\u00eca, Andrew C Dale, Ana M Valenzuela-Toro, Mar\u00eda Jos\u00e9 P\u00e9rez-\u00c1lvarez, <strong>H\u00e9ctor H Sep\u00falveda<\/strong>, Kaitlin M McConnell, Fanny E Horwitz, G\u00fcnter F\u00f6rsterra, Largest baleen whale mass mortality during strong El Ni\u00f1o event is likely related to harmful toxic algal bloom, PeerJ, 5(e3132), 2017.<\/p>\n<p style=\"text-align: justify\">Ewers-Saucedo, C, Pringle, J. M., <strong>Sep\u00falveda, H.H.<\/strong>, Byers, J. E.,\u00a0Navarrete, S.A., Wares, J. P., The relationship between biogeography\u00a0and phylogeography: Case study of a Chilean intertidal barnacle\u00a0(Notochthamalus scabrosus), Ecology and Evolution, 6 (13), 4403-4420,\u00a02016.<\/p>\n<p style=\"text-align: justify\">Vergara, O.A., Echevin, V., <strong>Sep\u00falveda, H.H.<\/strong>, Colas, F., Qui\u00f1ones,\u00a0R.A., Modelling the seasonal dynamics of physical variables and the\u00a0Peru- Chile Undercurrent off Central Chile (30\u00b0-40\u00b0S), Continental\u00a0Shelf Research, 123,\u00a061-79, <a href=\"http:\/\/dx.doi.org\/10.1016\/j.csr.2016.04.001\" target=\"_blank\" rel=\"noopener noreferrer\">http:\/\/dx.doi.org\/10.1016\/j.csr.2016.04.001<\/a>, 2016.<\/p>\n<p style=\"text-align: justify\">Mediavilla, D.G., <strong>Sep\u00falveda, H.H.<\/strong>, <a href=\"http:\/\/www.sciencedirect.com\/science\/article\/pii\/S096014811530570X\" target=\"_blank\" rel=\"noopener noreferrer\">Nearshore assessment of wave energy resources in central Chile<\/a> (2009-2010). Renewable Energy, 90, 136-144. DOI:10.1016\/j.renene.2015.12.066, 2016.<\/p>\n<p style=\"text-align: justify\">Cornejo, P., <strong>Sep\u00falveda, H.H.<\/strong>, \u201cComputational fluid dynamics modelling of a midlatitude small scale upper ocean front\u201d, Journal of Applied Fluid Mechanics, 9 (4), 1851-1863, 2016.<\/p>\n<p>C. Ewers- Saucedo, J. Pringle, <strong>H.H. Sep\u00falveda<\/strong>, J. Byers, S. Navarrete y J. Wares. The oceanic concordance of phylogeography and biogeography: a case study in <em>Notochthamalus. <\/em>Ecology and Evolution, 2016.<\/p>\n<p style=\"text-align: justify\">Salcedo-Castro, J., de Camargo, R., Marone, E., <strong>Sep\u00falveda, H.H.<\/strong>, \u201cUsing the mean pressure gradient and NCEP\/NCAR Reanalysis to measure the strength of the South Atlantic Anticyclone\u201d. Dynamics of Atmospheres and Oceans, 71, 83-90, 2015<\/p>\n<p style=\"text-align: justify\">Olivares, G., <strong>Sep\u00falveda, H.H.<\/strong>, Yannicelli, B., \u201cDefinition of sanitary boundaries to prevent ISAv spread between salmon farms in Southern Chile based on numerical simulations of currents\u201d. Estuarine, Coastal and Shelf Research, 158, 31-39, 2015<\/p>\n<p style=\"text-align: justify\"><strong>Sep\u00falveda, H.H.<\/strong>, Queffeulou, P., Ardhuin, F., \u201cAssessment of SARAL\/Altika wave height measurements relative to buoy, Jason-2 and Cryosat-2 data\u201d, Marine Geodesy, 38(S1), 449-465, 2015<\/p>\n<p style=\"text-align: justify\">Neighbors, C.J., Liao, E.J., Cochran, E.S., Funning, G.J., Chung, A.I., Lawrence, J.F., Christensen, C., J.F., Belmonte, A. Miller, M., <strong>Sepulveda, H.H.<\/strong>, (2015), <a href=\"http:\/\/gji.oxfordjournals.org\/content\/200\/1\/200.full.pdf+html\" target=\"_blank\" rel=\"noopener noreferrer\">Investigation of the high-frequency attenuation parameter, \u03ba (kappa), from aftershocks of the 2010 Mw 8.8 Maule, Chile earthquake<\/a>, Geophysical Journal International, vol. 200(1), p. 200-215. DOI: 10.1093\/gji\/ggu390 (ISI)<\/p>\n<p style=\"text-align: justify\">Cornejo, P., <strong>Sep\u00falveda, H.H.<\/strong>, Gutierrez, M.G., Olivares, G. Numerical studies on the hydrodynamic effects of a salmon farm in an idealized environment. Aquaculture, 430, 195-206, 2014 (ISI)<\/p>\n<p style=\"text-align: justify\"><strong>Sep\u00falveda, H.H.<\/strong>, Olivares, G. Comentarios a \u00bbAplicaci\u00f3n de un modelo de trazadores lagrangianos en Bah\u00eda Anegada, Argentina\u00bb de \u00c1lvarez et al. (2011), Revista de Biolog\u00eda Marina y Oceanograf\u00eda, 48(1), 199-201, 2013 (ISI)<\/p>\n<p style=\"text-align: justify\"><strong>H\u00e9ctor H. Sep\u00falveda<\/strong>, Patrick Marchesiello &amp; Zhijin Li,\u00a0 <a href=\"\/wp-content\/uploads\/sites\/12\/2012\/11\/Sepulveda_etal_LAJAR_2013.pdf\" target=\"_blank\" rel=\"noopener noreferrer\">\u00abOceanic data assimilation study in northern Chile: use of a 3DVAR method\u00bb<\/a>. Latin American Journal of Aquatic Research, Res., 41(3): 570-575, 2013 (ISI)<\/p>\n<p style=\"text-align: justify\"><strong>Sep\u00falveda, H.H.<\/strong>, Comments on \u201cSimulation of Jeddah multi&#8211;port sea outfall\u201d by Abdullah S. Al-Ghamdi [J.Coast. Conserv.] (2010) 14:63-69, Journal of Coastal Conservation: Planning and Management, 16(1), 63-64. DOI: 10.1007\/s11852-011 2012 (ISI)<\/p>\n<p style=\"text-align: justify\">Letelier, J., L. Soto, S. Salinas, D. Lopez, E. Pinilla, <strong>H.H. Sep\u00falveda<\/strong>, C. Rodrigo. Variability of wind, waves and currents in the north Chilean Patagonic fiords. Revista de Biolog\u00eda Mar\u00edna y Oceanograf\u00eda, 46(3) 363-377, 2011 (ISI)<\/p>\n<p style=\"text-align: justify\"><strong>H.H. Sepulveda<\/strong>, O.E. Artal, C. Torregrosa, \u00abLiveROMS: A virtual environment for ocean numerical simulations\u00bb, <a href=\"\/wp-content\/uploads\/sites\/12\/2012\/11\/Sepulveda2011.pdf\" target=\"_blank\" rel=\"noopener noreferrer\">Environmental Modelling &amp; Software<\/a> 26 (11), 1372-1373 2011 (ISI)<\/p>\n<p style=\"text-align: justify\">A.I. Chung, C. Neighbors, A. Belmonte, M. Miller, <strong>H.H. Sep\u00falveda<\/strong>, C.Christensen, R.S. Jakka, E.S. Cochran, J.F. Lawrence. \u00abThe Quake-Catcher Network Rapid Aftershock Mobilization Program Following the 2010 M 8.8 Maule, Chile Earthquake\u00bb, Seismological Research Letters, 82 (4), 526-532, 2011 (ISI)<\/p>\n<p style=\"text-align: justify\">Richard Watson, Adela Chen, Maric Boudreau, <strong>H\u00e9ctor Sep\u00falveda<\/strong>, \u00abGreen projects: An informationdriven analysis of four cases\u00bb, The Journal of Strategic Information Systems, 20(1), 55-62, DOI: 10.1016\/j.jsis.2010.09.004 2011 (ISI)<\/p>\n<p style=\"text-align: justify\">Patrick Marchesiello, Zhijin Li and<strong> Andres Sep\u00falveda<\/strong>, \u00abRegional Ocean Forecasting : Downscaling Strategy for Coastal and Submesoscale Phenomena\u00bb, Mercator Quaterly Newsletter, 38, 32-37, 2010<\/p>\n<p style=\"text-align: justify\">Framinan, M. B., A. Valle-Levinson, <strong>H. H. Sepulveda<\/strong>, and O. B. Brown, \u00abTidal variations of flow convergence, shear, and stratification at the Rio de la Plata estuary turbidity front\u00bb, Journal of Geophysical Research, 113, C08035, doi:10.1029\/2006JC004038, 2008 (ISI)<\/p>\n<p style=\"text-align: justify\">Thiel, M., Macaya, E., Acu\u00f1a, E., Arntz, W., Bast\u00edas, H., Brokordt,\u00a0K., Camus, P., Castilla, J.C., Castro, L., Cort\u00e9s, M., Dumont, C.,\u00a0Escribano, R., Fernandez, M., Gajardo, J., Gaymer, C., Gomez, I.,\u00a0Gonz\u00e1lez, A., Gonz\u00e1lez, H., Haye, P., Illanes, J., Iriarte, J.,\u00a0Lancellott, D., Luna-Jorquera, G., Luxoro, C., Manr\u00edquez, P., Mar\u00edn,\u00a0V., Mu\u00f1oz, P., Navarrete, S., P\u00e9rez, E., Poulin, E., Sellanes, J.,\u00a0<strong>Sep\u00falveda, H.H.<\/strong>, Stotz, W., Tala, F., Thomas, A., Vargas, C., Vasquez,\u00a0J., &amp; Alonso J.M., \u00abThe Humboldt Current Systemm of Northern and\u00a0Central Chile Oceanographic Processes, Ecological Interactions and\u00a0Socioeconomic Feedback. Oceanography and Marine Biology\u00bb. An Annual\u00a0Review, 45, 195-344 2007.<\/p>\n<p style=\"text-align: justify\"><strong>Sep\u00falveda H.H.<\/strong>, A Valle-Levinson, M.B. Frami\u00f1an. \u201cObservations of\u00a0subtidal and tidal flow in the R\u00edo de la Plata Estuary\u201d, Continental\u00a0Shelf Research, 24(4-5), 509-525, 2004.<\/p>\n<p style=\"text-align: justify\">C\u00e1ceres, M., A. Valle-Levinson, <strong>H.H. Sep\u00falveda<\/strong>, K. Holderied.\u00a0\u201cTransverse variability of and density in a Chilean fjord\u201d,\u00a0Continental Shelf Research, 22(11-13), 1683-1698, 2002.<\/p>\n<p style=\"text-align: justify\">Valle Levinson A., M. C\u00e1ceres, <strong>H.H. Sep\u00falveda<\/strong>, K. Holderied. \u201cFlow\u00a0patterns in the channels\u00a0related to the mouth of Aysen Sound\u201d. Ciencia y Tecnolog\u00eda del Mar (Chile),\u00a025(2), 2002.<\/p>\n<p style=\"text-align: justify\"><strong>Sep\u00falveda, H.H.<\/strong>, V. Mar\u00edn. \u201cNumerical Modeling of circulation in the\u00a0northern platform of the\u00a0South Shetland Islands; an example on the use of resources in INTERNET\u00bb.\u00a0Ser.Cient. INACH (Chile). 46:161-170, 1996.<\/p>\n<p><span style=\"text-decoration: underline\"><strong>Contribuci\u00f3n en revisi\u00f3n de publicaciones:<\/strong><\/span><\/p>\n<p>Ver contribuci\u00f3n en revisi\u00f3n de publicaciones <a href=\"https:\/\/publons.com\/author\/487480\/hector-hito-sepulveda#profile\" target=\"_blank\" rel=\"noopener noreferrer\">AQU\u00cd <\/a><\/p>\n<p style=\"text-align: justify\">\n","protected":false},"excerpt":{"rendered":"<p>Cargo: Profesor Asociado \u00a0 \/\u00a0\u00a0\u00a0 Tel\u00e9fono: 2207280Oficina: 441 \u00a0 \/\u00a0\u00a0 Mail: asepulveda@dgeo.udec.cl Estudios: Licenciatura en Ciencias con Menci\u00f3n en F\u00edsica, Universidad de Chile, 1996. Ph.D. en Oceanografia, Old Dominion University, 2004. L\u00edneas de Investigaci\u00f3n: Modelaci\u00f3n num\u00e9rica del oc\u00e9ano (ROMS) atm\u00f3sfera (WRF), Interacciones F\u00edsico-Biol\u00f3gicas, Transporte larval. Curr\u00edculum (pdf) Docencia: Modelaci\u00f3n Aplicada del Oc\u00e9ano (Geof\u00edsica); Modelaci\u00f3n Num\u00e9rica [&hellip;]<\/p>\n","protected":false},"author":1,"featured_media":0,"parent":17,"menu_order":0,"comment_status":"closed","ping_status":"closed","template":"","meta":{"footnotes":""},"class_list":["post-718","page","type-page","status-publish","hentry"],"_links":{"self":[{"href":"https:\/\/www.dgeo.udec.cl\/dev\/wp-json\/wp\/v2\/pages\/718","targetHints":{"allow":["GET"]}}],"collection":[{"href":"https:\/\/www.dgeo.udec.cl\/dev\/wp-json\/wp\/v2\/pages"}],"about":[{"href":"https:\/\/www.dgeo.udec.cl\/dev\/wp-json\/wp\/v2\/types\/page"}],"author":[{"embeddable":true,"href":"https:\/\/www.dgeo.udec.cl\/dev\/wp-json\/wp\/v2\/users\/1"}],"replies":[{"embeddable":true,"href":"https:\/\/www.dgeo.udec.cl\/dev\/wp-json\/wp\/v2\/comments?post=718"}],"version-history":[{"count":80,"href":"https:\/\/www.dgeo.udec.cl\/dev\/wp-json\/wp\/v2\/pages\/718\/revisions"}],"predecessor-version":[{"id":8900,"href":"https:\/\/www.dgeo.udec.cl\/dev\/wp-json\/wp\/v2\/pages\/718\/revisions\/8900"}],"up":[{"embeddable":true,"href":"https:\/\/www.dgeo.udec.cl\/dev\/wp-json\/wp\/v2\/pages\/17"}],"wp:attachment":[{"href":"https:\/\/www.dgeo.udec.cl\/dev\/wp-json\/wp\/v2\/media?parent=718"}],"curies":[{"name":"wp","href":"https:\/\/api.w.org\/{rel}","templated":true}]}}