{"id":671,"date":"2012-11-23T14:53:24","date_gmt":"2012-11-23T17:53:24","guid":{"rendered":"\/?page_id=671"},"modified":"2022-04-19T16:58:25","modified_gmt":"2022-04-19T19:58:25","slug":"matthew-robert-miller","status":"publish","type":"page","link":"https:\/\/www.dgeo.udec.cl\/dev\/nosotros\/integrantes\/academicos\/matthew-robert-miller\/","title":{"rendered":"Matthew Miller"},"content":{"rendered":"<table style=\"width: 100%;\" border=\"1\">\n<tbody>\n<tr>\n<td style=\"vertical-align: top; width: 48.4483%;\" rowspan=\"8\" valign=\"top\"><strong> <img loading=\"lazy\" decoding=\"async\" class=\"aligncenter wp-image-7261 size-full\" src=\"http:\/\/www.dgeo.udec.cl\/dev\/wp-content\/uploads\/sites\/12\/2019\/07\/DSCN3356-e1564512822219.jpg\" alt=\"\" width=\"1441\" height=\"1702\" srcset=\"https:\/\/www.dgeo.udec.cl\/dev\/wp-content\/uploads\/sites\/12\/2019\/07\/DSCN3356-e1564512822219.jpg 1441w, https:\/\/www.dgeo.udec.cl\/dev\/wp-content\/uploads\/sites\/12\/2019\/07\/DSCN3356-e1564512822219-420x496.jpg 420w, https:\/\/www.dgeo.udec.cl\/dev\/wp-content\/uploads\/sites\/12\/2019\/07\/DSCN3356-e1564512822219-744x879.jpg 744w, https:\/\/www.dgeo.udec.cl\/dev\/wp-content\/uploads\/sites\/12\/2019\/07\/DSCN3356-e1564512822219-768x907.jpg 768w, https:\/\/www.dgeo.udec.cl\/dev\/wp-content\/uploads\/sites\/12\/2019\/07\/DSCN3356-e1564512822219-1200x1417.jpg 1200w\" sizes=\"auto, (max-width: 1441px) 100vw, 1441px\" \/><\/strong><\/td>\n<\/tr>\n<tr>\n<td style=\"width: 50.1724%;\"><strong>Cargo: <\/strong>Profesor Asistente&nbsp;&nbsp; \/&nbsp;&nbsp;&nbsp;<strong> Tel\u00e9fono:<\/strong> 2207276<\/p>\n<p><strong>Oficina:<\/strong> 431 &nbsp; \/&nbsp;&nbsp;<strong> Mail:<\/strong> <a href=\"mailto:m.miller@dgeo.udec.cl\"> m.miller@dgeo.udec.cl <\/a><\/td>\n<\/tr>\n<tr>\n<td style=\"width: 50.1724%;\"><strong>Estudios: <\/strong><br \/>\nBA en Ciencias Naturales, Universidad de Cambridge, 2003.<br \/>\nMSci en F\u00edsica Te\u00f3rica y Experimental, Universidad de Cambridge, 2004.<br \/>\nPhD en Ciencias de la Tierra, Universidad de Cambridge, 2008.<\/td>\n<\/tr>\n<tr>\n<td style=\"width: 50.1724%;\"><strong>L\u00edneas de Investigaci\u00f3n:<\/strong><\/p>\n<ul>\n<li>Zonas de Subducci\u00f3n (Geometr\u00eda, Segmentaci\u00f3n S\u00edsmica, Puntos Triple, Ventanas Astenosf\u00e9ricas).<\/li>\n<li>Sismolog\u00eda (Tomograf\u00eda, Atenuaci\u00f3n, Redes S\u00edsmicas, OBS, Terremoto del Maule 2010).<\/li>\n<li>Tsunamis (Generaci\u00f3n, Propagaci\u00f3n, Mitigaci\u00f3n).<\/li>\n<\/ul>\n<\/td>\n<\/tr>\n<tr>\n<td style=\"width: 50.1724%;\"><a href=\"\/wp-content\/uploads\/sites\/12\/2012\/11\/MattMillerCV_abril-2016.pdf\" target=\"_blank\" rel=\"noopener noreferrer\"><strong>Curr\u00edculum (pdf)<\/strong><\/a><\/td>\n<\/tr>\n<tr>\n<td style=\"text-align: justify; width: 50.1724%;\"><strong>Docencia: <\/strong>Introducci\u00f3n a la Geof\u00edsica, An\u00e1lisis de Datos Sismol\u00f3gicos, Geof\u00edsica de la Tierra S\u00f3lida, Sismolog\u00eda Aplicada y de Exploraci\u00f3n, Geomagnetismo, Generic Mapping Tools (GMT), T\u00f3picos en Geof\u00edsica, Tesis de Pregrado (Supervisor), Doctorado en Ciencias Geol\u00f3gicas (Evaluador).<strong><br \/>\n<\/strong><\/td>\n<\/tr>\n<tr>\n<td style=\"width: 50.1724%;\"><strong><a href=\"http:\/\/www.mttmllr.com\/\" target=\"_blank\" rel=\"noopener noreferrer\">P\u00e1gina Personal<\/a> <\/strong><\/td>\n<\/tr>\n<\/tbody>\n<\/table>\n<p><span style=\"text-decoration: underline;\"><strong>Proyectos:<\/strong><\/span><\/p>\n<p><strong>Aftershock analysis of the 2010 Maule earthquake in the vicinity of Arauco peninsula<\/strong><br \/>\nCONICYT\/Fondecyt, Universities of Concepci\u00f3n, Liverpool 2013 \u2013 2016<br \/>\nInvestigador principal <strong>Matt Miller<\/strong><\/p>\n<p>Universities of Liverpool, Concepci\u00f3n (NERC) 2010 \u2013 2015. <strong>Postseismic Investigation of the 2010 Maule earthquake.<\/strong><\/p>\n<p>Universities of Stanford, Riverside, Concepci\u00f3n (NSF\/IRIS) 2010 \u2013 2012. <strong>QCN RAMP project in Chile.<\/strong><\/p>\n<p>National Taiwan Ocean University, University of Concepci\u00f3n (NTOU) 2010 \u2013 2014. <strong>MicrOBS seismicity study in Maule region, Chile<\/strong>.<\/p>\n<p>JAMSTEC, Universities of Liverpool and Concepci\u00f3n (JAMSTEC) 2008 \u2013 2010. <strong>RV Mirai &#8211; OBS deployment in the vicinity of the Chile Triple Junction<\/strong>.<\/p>\n<p>Universities of Tokyo, Cambridge, Concepci\u00f3n (JSPS) 2004 \u2013 2008. <strong>Seismic experiment in the Ays\u00e9n region of Chile.<\/strong><\/p>\n<p style=\"text-align: justify;\"><strong><span style=\"text-decoration: underline;\"><span style=\"color: #333333; text-decoration: underline;\">Lista de publicaciones:<\/span><\/span><\/strong><\/p>\n<p>Las citaciones de publicaciones del profesor Miller se pueden ver <a href=\"https:\/\/scholar.google.cl\/citations?user=gN7fNVIAAAAJ&amp;hl=en\">aqu\u00ed<\/a>.<\/p>\n<p style=\"text-align: justify;\">Calisto, I., <strong>Miller, M.<\/strong>, Constanzo, I.: Comparison Between Tsunami Signals Generated by Different Source Models and the Observed Data of the Illapel 2015 Earthquake. Pure and Applied Geophysics 2016; 173:1051\u20131061.<\/p>\n<p style=\"text-align: justify;\">Calisto, I., Ortega, <strong>M., Miller, M<\/strong>.: Observed and modeled tsunami signals compared by using different rupture models of the April 1, 2014, Iquique earthquake. Natural Hazards 2015; 79:397\u2013408.<\/p>\n<p style=\"text-align: justify;\">Neighbors, C., Liao, E., Cochran, E., Funning, G., Chung, A., Lawrence, J., Christensen, C., Belmonte, A., <strong>Miller, M.<\/strong>, Sep\u00falveda, H.H.: Investigation of the high-frequency attenuation parameter, \u03ba (kappa), from aftershocks of the 2010 MW 8.8 Maule, Chile earthquake. Geophysical Journal International 2015; 200:200\u2013215.<\/p>\n<p style=\"text-align: justify;\">Hicks, S., Rietbrock, A., Ryder, I., Lee, C-S., <strong>Miller, M.<\/strong>: Anatomy of a megathrust: The 2010 M8.8 Maule, Chile earthquake rupture zone imaged using seismic tomography. Earth and Planetary Science Letters 2014; 405:142\u2013155<\/p>\n<p style=\"text-align: justify;\">Agurto, H., Rietbrock, A., Bataille, K., <strong>Miller, M.<\/strong>, Iwamori, H., Priestley, K.: Seismicity distribution in the vicinity of the Chile Triple Junction, Ays\u00e9n Region, southern Chile. Journal of South American Earth Sciences 2014; 51:1\u201311<\/p>\n<p style=\"text-align: justify;\">Agurto, H., Rietbrock, A., Ryder, I., <strong>Miller M.<\/strong>: Seismic-afterslip characterization of the 2010 MW 8.8 Maule, Chile, earthquake based on moment tensor inversion. Geophysical Research Letters 2012; 39:L20303<\/p>\n<p style=\"text-align: justify;\">Collings, R., Lange, D., Rietbrock, A., Tilmann, F., Natawidjaja, D., Suwargadi, B., <strong>Miller, M.<\/strong>, Saul, J.: Structure and seismogenic properties of the Mentawai segment of the Sumatra subduction zone revealed by local earthquake travel time tomography. Journal of Geophysical Research 2012; 117:B01312<\/p>\n<p style=\"text-align: justify;\">Chung, A., Neighbors, C., Belmonte, A., <strong>Miller, M.<\/strong>, Sep\u00falveda, H.H., Christensen, C., Jakka, R., Cochran, E., Lawrence, J.: The Quake-Catcher Network Rapid Aftershock Mobilization Program Following the 2010M 8.8 Maule, Chile Earthquake. Seismological Research Letters 2011; 82:526\u2013532.<\/p>\n","protected":false},"excerpt":{"rendered":"<p>Cargo: Profesor Asistente&nbsp;&nbsp; \/&nbsp;&nbsp;&nbsp; Tel\u00e9fono: 2207276 Oficina: 431 &nbsp; \/&nbsp;&nbsp; Mail: m.miller@dgeo.udec.cl Estudios: BA en Ciencias Naturales, Universidad de Cambridge, 2003. MSci en F\u00edsica Te\u00f3rica y Experimental, Universidad de Cambridge, 2004. PhD en Ciencias de la Tierra, Universidad de Cambridge, 2008. L\u00edneas de Investigaci\u00f3n: Zonas de Subducci\u00f3n (Geometr\u00eda, Segmentaci\u00f3n S\u00edsmica, Puntos Triple, Ventanas Astenosf\u00e9ricas). Sismolog\u00eda [&hellip;]<\/p>\n","protected":false},"author":2,"featured_media":0,"parent":17,"menu_order":0,"comment_status":"closed","ping_status":"closed","template":"","meta":{"footnotes":""},"class_list":["post-671","page","type-page","status-publish","hentry"],"_links":{"self":[{"href":"https:\/\/www.dgeo.udec.cl\/dev\/wp-json\/wp\/v2\/pages\/671","targetHints":{"allow":["GET"]}}],"collection":[{"href":"https:\/\/www.dgeo.udec.cl\/dev\/wp-json\/wp\/v2\/pages"}],"about":[{"href":"https:\/\/www.dgeo.udec.cl\/dev\/wp-json\/wp\/v2\/types\/page"}],"author":[{"embeddable":true,"href":"https:\/\/www.dgeo.udec.cl\/dev\/wp-json\/wp\/v2\/users\/2"}],"replies":[{"embeddable":true,"href":"https:\/\/www.dgeo.udec.cl\/dev\/wp-json\/wp\/v2\/comments?post=671"}],"version-history":[{"count":48,"href":"https:\/\/www.dgeo.udec.cl\/dev\/wp-json\/wp\/v2\/pages\/671\/revisions"}],"predecessor-version":[{"id":7922,"href":"https:\/\/www.dgeo.udec.cl\/dev\/wp-json\/wp\/v2\/pages\/671\/revisions\/7922"}],"up":[{"embeddable":true,"href":"https:\/\/www.dgeo.udec.cl\/dev\/wp-json\/wp\/v2\/pages\/17"}],"wp:attachment":[{"href":"https:\/\/www.dgeo.udec.cl\/dev\/wp-json\/wp\/v2\/media?parent=671"}],"curies":[{"name":"wp","href":"https:\/\/api.w.org\/{rel}","templated":true}]}}