{"id":5999,"date":"2018-02-26T16:49:34","date_gmt":"2018-02-26T19:49:34","guid":{"rendered":"http:\/\/www.dgeo.udec.cl\/dev\/?page_id=5999"},"modified":"2019-07-30T16:56:53","modified_gmt":"2019-07-30T19:56:53","slug":"alejandro-bano-oyarce","status":"publish","type":"page","link":"https:\/\/www.dgeo.udec.cl\/dev\/nosotros\/integrantes\/personal\/alejandro-bano-oyarce\/","title":{"rendered":"Alejandro Ba\u00f1o Oyarce"},"content":{"rendered":"<p><img loading=\"lazy\" decoding=\"async\" class=\"wp-image-7315  alignleft\" src=\"http:\/\/www.dgeo.udec.cl\/dev\/wp-content\/uploads\/sites\/12\/2019\/07\/DSCN3001-copia.jpg\" alt=\"\" width=\"264\" height=\"372\" srcset=\"https:\/\/www.dgeo.udec.cl\/dev\/wp-content\/uploads\/sites\/12\/2019\/07\/DSCN3001-copia.jpg 886w, https:\/\/www.dgeo.udec.cl\/dev\/wp-content\/uploads\/sites\/12\/2019\/07\/DSCN3001-copia-420x592.jpg 420w, https:\/\/www.dgeo.udec.cl\/dev\/wp-content\/uploads\/sites\/12\/2019\/07\/DSCN3001-copia-744x1048.jpg 744w, https:\/\/www.dgeo.udec.cl\/dev\/wp-content\/uploads\/sites\/12\/2019\/07\/DSCN3001-copia-768x1082.jpg 768w\" sizes=\"auto, (max-width: 264px) 100vw, 264px\" \/><\/p>\n<p><strong>\u00a0<\/strong><\/p>\n<table style=\"border-collapse: collapse;width: 100%\" border=\"1\">\n<tbody>\n<tr>\n<td style=\"width: 100%\"><strong>Cargo:<\/strong>\u00a0 Comunicaciones<strong><br \/>\n<\/strong><strong>Ocupaciones:\u00a0 <\/strong>Planificaci\u00f3n y gesti\u00f3n de prensa, redes sociales, webs institucionales, archivo, difusi\u00f3n de la carrera y relaciones interinstitucionales.<\/td>\n<\/tr>\n<\/tbody>\n<\/table>\n<p><\/p>\n","protected":false},"excerpt":{"rendered":"<p>\u00a0 Cargo:\u00a0 Comunicaciones Ocupaciones:\u00a0 Planificaci\u00f3n y gesti\u00f3n de prensa, redes sociales, webs institucionales, archivo, difusi\u00f3n de la carrera y relaciones interinstitucionales.<\/p>\n","protected":false},"author":7,"featured_media":0,"parent":13,"menu_order":0,"comment_status":"closed","ping_status":"closed","template":"","meta":{"footnotes":""},"class_list":["post-5999","page","type-page","status-publish","hentry"],"_links":{"self":[{"href":"https:\/\/www.dgeo.udec.cl\/dev\/wp-json\/wp\/v2\/pages\/5999","targetHints":{"allow":["GET"]}}],"collection":[{"href":"https:\/\/www.dgeo.udec.cl\/dev\/wp-json\/wp\/v2\/pages"}],"about":[{"href":"https:\/\/www.dgeo.udec.cl\/dev\/wp-json\/wp\/v2\/types\/page"}],"author":[{"embeddable":true,"href":"https:\/\/www.dgeo.udec.cl\/dev\/wp-json\/wp\/v2\/users\/7"}],"replies":[{"embeddable":true,"href":"https:\/\/www.dgeo.udec.cl\/dev\/wp-json\/wp\/v2\/comments?post=5999"}],"version-history":[{"count":4,"href":"https:\/\/www.dgeo.udec.cl\/dev\/wp-json\/wp\/v2\/pages\/5999\/revisions"}],"predecessor-version":[{"id":7320,"href":"https:\/\/www.dgeo.udec.cl\/dev\/wp-json\/wp\/v2\/pages\/5999\/revisions\/7320"}],"up":[{"embeddable":true,"href":"https:\/\/www.dgeo.udec.cl\/dev\/wp-json\/wp\/v2\/pages\/13"}],"wp:attachment":[{"href":"https:\/\/www.dgeo.udec.cl\/dev\/wp-json\/wp\/v2\/media?parent=5999"}],"curies":[{"name":"wp","href":"https:\/\/api.w.org\/{rel}","templated":true}]}}