{"id":3503,"date":"2015-03-25T17:24:56","date_gmt":"2015-03-25T20:24:56","guid":{"rendered":"http:\/\/www.dgeo.udec.cl\/dev\/?page_id=3503"},"modified":"2024-08-13T16:21:34","modified_gmt":"2024-08-13T19:21:34","slug":"rodrigo-abarca","status":"publish","type":"page","link":"https:\/\/www.dgeo.udec.cl\/dev\/nosotros\/integrantes\/academicos\/rodrigo-abarca\/","title":{"rendered":"Rodrigo Abarca Del R\u00edo"},"content":{"rendered":"<table style=\"width: 100%\" border=\"1\">\n<tbody>\n<tr>\n<td style=\"vertical-align: top;width: 49.1379%\" rowspan=\"8\" valign=\"top\"><img loading=\"lazy\" decoding=\"async\" class=\"aligncenter wp-image-7372 \" src=\"http:\/\/www.dgeo.udec.cl\/dev\/wp-content\/uploads\/sites\/12\/2019\/09\/Rodrigo-Abarca-del-R\u00edo.jpg\" alt=\"\" width=\"282\" height=\"282\" \/><\/td>\n<\/tr>\n<tr>\n<td style=\"text-align: justify;vertical-align: top;width: 49.4828%\"><strong>Cargo:<\/strong> Profesor Asociado \/ <strong> Tel\u00e9fono:<\/strong> 2203107 \/ <strong> Oficina:<\/strong> 435 \/ <strong>Mail:<\/strong> <a href=\"mailto:roabarca@udec.cl\">roabarca@udec.cl<\/a><\/td>\n<\/tr>\n<tr>\n<td style=\"text-align: justify;width: 49.4828%\">\n<p><strong>Estudios: <\/strong><\/p>\n<p>Ph.D. en Clima-Geof\u00edsica \/ Geodesia, Grupo de Investigaci\u00f3n de Geodesia Espacial (GRGS) del Centro Nacional de Estudios Espaciales CNES (Centre\u00a0\u00a0 National\u00a0\u00a0 d\u2019Etudes\u00a0\u00a0 Spatiales) en asociaci\u00f3n con la Universidad Paul Sabatier (UPS), Toulouse, Francia.<\/p>\n<p>M\u00e1ster en Electr\u00f3nica, Electrotecnia y Dise\u00f1o de Control. Universidad Paul Sabatier, Toulouse, Francia.<\/p>\n<p>Licenciado en Ciencias F\u00edsicas, Universidad Paul Sabatier, Toulouse, Francia.<\/td>\n<\/tr>\n<tr>\n<td style=\"text-align: justify;width: 49.4828%\"><strong>L\u00edneas de Investigaci\u00f3n: <\/strong><br \/>\n<span id=\"result_box\" class=\"\" lang=\"es\"><span class=\"hps\">Geodesia<\/span> satelital<span class=\"hps\">,<\/span> <span class=\"hps\">Rotaci\u00f3n de la Tierra<\/span>, <span class=\"hps\">Atm\u00f3sfera<\/span> <span class=\"hps\">Angular<\/span><\/span><\/td>\n<\/tr>\n<tr>\n<td style=\"text-align: justify;width: 49.4828%\"><strong>Curr\u00edculum<\/strong><\/td>\n<\/tr>\n<tr>\n<td style=\"text-align: justify;width: 49.4828%\"><strong>Docencia: <\/strong>An\u00e1lisis de Datos Geof\u00edsicos<br \/>\n<strong><br \/>\n<\/strong><\/td>\n<\/tr>\n<tr>\n<td style=\"width: 49.4828%\"><strong><a href=\"http:\/\/udec-cl.academia.edu\/RodrigoAbarcadelRio\" target=\"_blank\" rel=\"noopener noreferrer\">P\u00e1gina Personal <\/a><\/strong><\/td>\n<\/tr>\n<\/tbody>\n<\/table>\n<p><span style=\"text-decoration: underline\"><strong>\u200bProyectos:<\/strong><\/span><\/p>\n<p><strong>Chilean Integrated Ocean Observing System CHIOOS<\/strong><br \/>\nProyecto Innova Biob\u00edo<br \/>\nInvestigador principal <strong><a href=\"http:\/\/www.dgeo.udec.cl\/dev\/nosotros\/integrantes\/academicos\/dante-figueroa\/\" target=\"_blank\" rel=\"noopener noreferrer\">Dante Figueroa<\/a><\/strong><br \/>\nInvestigadores adjuntos: <strong><a href=\"http:\/\/www.dgeo.udec.cl\/dev\/nosotros\/integrantes\/academicos-2\/ignacia-calisto\/\">Ignacia Calisto<\/a><\/strong>,\u00a0<strong><a href=\"http:\/\/www.dgeo.udec.cl\/dev\/nosotros\/integrantes\/investigadores-asociados\/carolina-parada-2\/\" target=\"_blank\" rel=\"noopener noreferrer\">Carolina Parada<\/a>,\u00a0<a href=\"http:\/\/www.dgeo.udec.cl\/dev\/nosotros\/integrantes\/academicos\/elias-ovalle-2\/\" target=\"_blank\" rel=\"noopener noreferrer\">Elias Ovalle<\/a>,\u00a0<a href=\"http:\/\/www.dgeo.udec.cl\/dev\/nosotros\/integrantes\/academicos-2\/rodrigo-abarca\/\">Rodrigo Abarca<\/a><\/strong><\/p>\n<p><span style=\"text-decoration: underline\"><strong>Publicaciones<\/strong><\/span><\/p>\n<p>Las publicaciones del profesor Abarca tambi\u00e9n se encuentran <a href=\"https:\/\/udec-cl.academia.edu\/RodrigoAbarcadelRio\">aqu\u00ed<\/a>.<\/p>\n<p><span class=\"a\">R. Orrego, <\/span><span class=\"a\"><strong>R. Abarca del R\u00edo<\/strong>, <\/span><span class=\"a\">A. \u00c1vila, <\/span><span class=\"a\"><span class=\"a\">and L. Morales; \u00ab<\/span><\/span><span class=\"a\">Enhanced mesoscale climate projections <\/span><span class=\"a\">in TAR and AR5 IPCC scenarios: a case study in a <\/span><span class=\"a\">Mediterranean climate (Araucan\u00eda Region, south <\/span><span class=\"a\">central Chile)\u00bb. 2016, DOI 10.1186\/s40064-016-3157-6.<br \/>\n<\/span><\/p>\n<div><span class=\"authors__name\">H.\u00a0F.\u00a0Astudillo, <\/span><span class=\"authors__name\"><strong>R.\u00a0Abarca del R\u00edo<\/strong>, <\/span><span class=\"authors__name\"><span class=\"authors__name\">F.\u00a0A.\u00a0Borotto; \u00ab<\/span><\/span>Long-term potential nonlinear predictability of El Ni\u00f1o\u2013La Ni\u00f1a events (August 2016, Climate Dynamics)\u00bb. 2016,<\/div>\n<div><\/div>\n<div>\n<div class=\"ff0\"><span class=\"a\">Ghislain de Marsily y <\/span><strong><strong><span class=\"a\">Rodrigo Abarca del R\u00edo; \u00ab<\/span><\/strong><\/strong><span class=\"a\">Water and Food in the 21<\/span><span class=\"a\">st <\/span><span class=\"a\">century\u00bb. 2015, DOI 10.1007\/s10712-015-9335-1.<\/span><strong><span class=\"a\"><br \/>\n<\/span><\/strong><\/div>\n<\/div>\n<div><\/div>\n<div>Arsen, Adalbert; Cretaux, Jean-Francois; <strong>Abarca del R\u00edo, Rodrigo; \u00ab<\/strong>Use of SARAL\/AltiKa over Mountainous Lakes, Intercomparison with Envisat Mission\u00bb. 2015, IF 1.906 Q3.<\/div>\n<div><\/div>\n<div>Abelen, Sarah; Seitz, Florian; <strong>Abarca-del-Rio, Rodrigo<\/strong>; et \u00e1l..; \u00abDroughts and Floods in the La Plata Basin in Soil Moisture Data and GRACE\u00bb; 2015, IF 3.257 Q1.<\/div>\n<p style=\"text-align: justify\">Arsen A., J-F. Cr\u00e9taux, M. Berge-Nguyen and <strong>R. Abarca del Rio;<\/strong> Remote sensing derived bathymetry of Lake Poop\u00f3, Remote Sens. 2014, 6(1), 407-420; doi:10.3390\/rs6010407, 2014<\/p>\n<p style=\"text-align: justify\">Fustos, I, <strong>Abarca-del-R\u00edo, R.<\/strong>, \u00c1vila, A., Orrego, R.; A simple logistic model to understand the occurrence of flood events into the Biob\u00edo river basin in central Chile, Journal of Flood Risk Management, 2014, DOI 10.1111\/jfr3.12131, 2014<\/p>\n<p style=\"text-align: justify\">Barlyaeva, T., Bard, E., and <strong>Abarca-del-Rio<\/strong>, R.: Rotation of the Earth, solar activity and cosmic ray intensity, Ann. Geophys., 32, 761-771, doi:10.5194\/angeo-32-761-2014, 2014<\/p>\n<p style=\"text-align: justify\">Arsen A., J-F. Cr\u00e9taux, and <strong>R. Abarca del Rio<\/strong>, Use of SARAL\/AltiKa over mountainous lakes, intercomparison with Envisat mission., Marine Geodesy, accepted with minor comments. 2014.<\/p>\n<p style=\"text-align: justify\">Viarre J. and <strong>Abarca-del-Rio<\/strong>, R., Testing Past Sea Level Reconstruction Methodology (1958-2006), Geodesy for planet Earth, 2012, Volume 136, Part 3, 551-560, DOI:10.1007\/978-3-642-20. , 2012<\/p>\n<p style=\"text-align: justify\"><strong>Abarca-del-rio, R.<\/strong>, Gambis, D, Salstein, D,., Interdecadal oscillations in atmospheric angular momentum variations, Journal of Geodetic Science, 2012, vol. 2, no. 1. p. 42-52, 2012<\/p>\n<p style=\"text-align: justify\"><strong>Abarca-del-rio, R.<\/strong>, Cr\u00e9taux J.-F., M. Berg\u00e9-Nguyen, P. Maisongrande (2012). Does Lake Titicaca still control the Lake Poop\u00f3 system water levels? An investigation using satellite altimetry and MODIS data (2000-2009). Remote Sensing Letters, 2012, 3:8, 707-714, 2012<\/p>\n<p style=\"text-align: justify\">Morales-Salinas, L., J.C. Parra-Aravena, F. Lang-Tasso, <strong>R. Abarca-Del-R\u00edo<\/strong>, E. Jorquera-Fontena., Simple linear algorithm to estimate the space-time variability of precipitable water in the araucania region, chile, Journal of Soil Science and Plant Nutrition (JSSPN: http:\/\/www.jsspn.cl), 2012<\/p>\n<p style=\"text-align: justify\">Garces-Vargas, J and <strong>Abarca del Rio<\/strong>, R. The surface heat fluxes along the eastern Pacific coast from 10\u00b0N to 40\u00b0S, Australian Meteorological and Oceanographic Journal 01\/2012; 62:71-82, 2012.<\/p>\n<p style=\"text-align: justify\">Bravo, M. A. ,A. J. Foppiano, <strong>R. Abarca del R\u00edo<\/strong>, Long-Term Dependencies of Annual and Semiannual Components of NmF2 Over Concepci\u00f3n, The Open Atmospheric Science Journal, 5, 2-8, 2011<\/p>\n<p style=\"text-align: justify\">Cretaux J-F, V. Jelinski, S. Calmant, A. Kouraev, V. Vuglinski, M. Berg\u00e9-Nguyen, M-C Gennero, F. Nino, <strong>R. Abarca Del Rio<\/strong>, A. Cazenave, P.\u00a0 Maisongrande: (2011) SOLS, a lake database to monitor in Near real time water level storage variations from remote sensing data, Advances in Space Research, 47, 1497-1507, 2011<\/p>\n<p style=\"text-align: justify\">Cr\u00e9taux J.-F., S. Calmant, V. Romanovski, F. Perosanz, S. Tashbaeva, P. Bonnefond, D. Moreira, C. K. Shum, F. Nino, M. Berg\u00e9-Nguyen, S. Fleury, P. Gegout, <strong>R. Abarca Del Rio<\/strong> &amp; P. Maisongrande (2011): Absolute Calibration of Jason Radar Altimeters from GPS Kinematic Campaigns Over Lake<br \/>\nIssykkul, Marine Geodesy, 34:3-4, 291-318, 2011<\/p>\n<p style=\"text-align: justify\">Cr\u00e9taux J.-F., M. Berg\u00e9-Nguyen, M. Leblanc, <strong>R. Abarca Del Rio<\/strong>, F. Delclaux, N. Mognard, C. Lion, R.K. Pandey, S. Tweed, S. Calmant, P. Maisongrande, (2011), FLOOD MAPPING INFERRED FROM REMOTE SENSING DATA, International Water Technology Journal, Vol. I \u2013 1, 2011<\/p>\n<p style=\"text-align: justify\">Morales, L., C. Mattar, L. Da-Silva and R. <strong>Abarca del Rio<\/strong>: Water vapour trends at several tropospheric levels over South America between 1973 and 2003, Revista: Nuovo Cimento, Vol.124, B, N. 8, DOI 10.1393\/ncb\/i2010-10819-1, 2010.<\/p>\n<p style=\"text-align: justify\">Astudillo, H., F. Borotto, and <strong>R. Abarca del Rio<\/strong> . : 2010, Embedding Reconstruction Methodology: aplication to Large El Ni\u00f1o Events, Nonlin. Processes Geophys, 17, 753-764, 2010<\/p>\n<p><strong>Estad\u00edas de estudiantes<\/strong><\/p>\n<p>Estudiantes de pregrado de escuelas de ingenier\u00eda francesas y alemanas efect\u00faan su estad\u00eda de 3 meses o tesis de 6 meses. El primer a\u00f1o corresponde al tercer a\u00f1o en Chile, el segundo al cuarto y el tercero a una tesis de pregrado.<\/p>\n<p>2017<\/p>\n<p>Nicolas Sculfort: segundo a\u00f1o ENSEEITH internship thesis, Departamento Hidr\u00e1ulica y Mec\u00e1nica de Fluidos, 1 junio &#8211; 20 septiembre. Tesis: Estudio de los campos de nieve de la Patagonia para la creaci\u00f3n y mejora de los modelos de nieve.<\/p>\n<p>Clement Deque: segundo a\u00f1o ENSEEITH internship thesis, Departamento Hidr\u00e1ulica y Mec\u00e1nica de Fluidos, 12 junio &#8211; 8 septiembre. Tesis: Modelos de f\u00edsica de glaciares para el estudio de la influencia del clima en la variabilidad de glaciares: continuaci\u00f3n de programaci\u00f3n en elementos finitos de un modelo de glaciares minimales 2D.<\/p>\n<p>2016<\/p>\n<p>Ophelie Delattre: segundo a\u00f1o ENSEEITH internship thesis, Departamento Hidr\u00e1ulica y Mec\u00e1nica de Fluidos, 1 junio &#8211; 12 septiembre. Tesis: Evoluci\u00f3n de los niveles del mar.<\/p>\n<p>Adrien Ceschin: tercer a\u00f1o ENSEEITH internship thesis, Departamento Hidr\u00e1ulica y Mec\u00e1nica de Fluidos, mayo &#8211; septiembre. Tesis: Homogeneizaci\u00f3n de datos de nivel del mar con Acmant.<\/p>\n<p>2015<\/p>\n<p>Salome Candela: segundo a\u00f1o Escuela de Ingenieros, Inform\u00e1tica, Matem\u00e1ticas y Gesti\u00f3n; Grenoble, Francia. 1 junio &#8211; 10 septiembre. T\u00edtulo: Programaci\u00f3n en elementos finitos de un modelo de subsuelo y nieves tres capas expl\u00edcitas de un modelo hidrol\u00f3gico 1D.<\/p>\n<p>Pierre Arnaud: segundo a\u00f1o Escuela de Ingenieros Polyvalente, Toulouse, Francia). 1 junio &#8211; 10 septiembre. T\u00edtulo: Desarrollo y programaci\u00f3n en elementos finitos de un modelo de glaciares minimales 2D.<\/p>\n<p>2014<\/p>\n<p>Solenne Barrais: segundo a\u00f1o ENSEEITH internship thesis, Departamento Hidr\u00e1ulica y Mec\u00e1nica de Fluidos,\u00a0 1 junio \u2013 8 septiembre. T\u00edtulo: Desarrollo de un modelo subsuelo 2 capas para un modelo hidrol\u00f3gico 1D expl\u00edcito.<\/p>\n<p>Antoine Paemelaere : segundo a\u00f1o ENSEEITH internship thesis, Departamento Hidr\u00e1ulica y Mec\u00e1nica de Fluidos,\u00a0 1 junio \u2013 8 septiembre. T\u00edtulo: Tratamiento de datos GRACE y comparaci\u00f3n con modelo hidrol\u00f3gico Thornwaithe.<\/p>\n<p>2013<\/p>\n<p>Pauline Chambon. Master OASC thesis and final Project research ENSEEITH internship, Universidad Paul Sabatier, Toulouse, Francia. 1 marzo \u2013 15 septiembre. T\u00edtulo: Influence of climate in the low frecquencies of sea level variability in the South Pacific Ocean.<\/p>\n<p>Pierre Capdessus, segundo a\u00f1o ENSEEITH internship thesis, Departamento Electr\u00f3nica y Procesamiento de Se\u00f1ales, 1 junio &#8211; 10 septiembre<em>. <\/em>T\u00edtulo: An\u00e1lisis multifractal en socio f\u00edsica y geof\u00edsica. Aplicaci\u00f3n a las grandes series econ\u00f3micas y geof\u00edsicas. Aplicaci\u00f3n al fen\u00f3meno El Ni\u00f1o.<\/p>\n<p>2012<\/p>\n<p>Simon Gsell: segundo a\u00f1o ENSEEITH internship thesis, Departamento Hidr\u00e1ulica y Mec\u00e1nica de Fluidos,\u00a0 1 junio \u2013 13 septiembre. T\u00edtulo: Desarrollo de un modelo de nieve tres capas 1D expl\u00edcita.<\/p>\n<p>Nicolas Leroux, segundo a\u00f1o ENSEEITH internship thesis, Departamento Hidr\u00e1ulica y Mec\u00e1nica de Fluidos, 1 junio \u2013 8 septiembre. T\u00edtulo: Modelizaci\u00f3n del balance de masas de la cuenca del Lago Fagnano en la Patagonia Austral.<\/p>\n<p>Julie Viatge: segundo a\u00f1o ENSEEITH internship thesis, Departamento Hidr\u00e1ulica y Mec\u00e1nica de Fluidos,\u00a0 15 Junio &#8211; 31 Agosto. T\u00edtulo: Mediciones de homogeneizaci\u00f3n del nivel del mar de siglo XX. Reconstrucci\u00f3n de un nivel del mar Chile-Per\u00fa.<\/p>\n<p>2011<\/p>\n<p>Camille Sampic: tercer a\u00f1o ENSEEITH internship thesis. Departamento Hidr\u00e1ulica y Mec\u00e1nica de Fluidos. 1 junio &#8211; 1 septiembre. T\u00edtulo: Mejora de un modelo de fundici\u00f3n de nieve, tomada en cuenta la estratificaci\u00f3n de la capa de nieve. Aplicaci\u00f3n a la regi\u00f3n del Campo de Hielo Norte en Chile.<\/p>\n<p>Samir Khazaz: tercer a\u00f1o (a\u00f1o final de ingenier\u00eda del ciclo de graduados de <span class=\"tlid-translation translation\" lang=\"fr\"><span class=\"\" title=\"\">Ecole Nationale<\/span><\/span> des Sciences Geographiques. Marzo \u2013 septiembre. T\u00edtulo: Construcci\u00f3n de mascons alta resoluci\u00f3n para Am\u00e9rica del Sur a partir de datos de la misi\u00f3n espacial GRACE.<\/p>\n<p>2010<\/p>\n<p>Coline Brothier: tercer a\u00f1o ENSEEITH internship thesis, Departamento Hidr\u00e1ulica y Mec\u00e1nica de Fluidos, opci\u00f3n Aguas y Medio Ambiente. 15 febrero al 21 agosto.T\u00edtulo: Ajuste de un modelo hidrol\u00f3gico de nieves: estudio de la influencia de la fusi\u00f3n de la nieve de la altura de los lagos y de los mares de Chile.<\/p>\n<p>Marie-Laurence de Kergorlay: segundo a\u00f1o ENSEEITH internship thesis. Departamento Hidr\u00e1ulica y Mec\u00e1nica de Fluidos, opci\u00f3n Aguas y Medio Ambiente. 1 junio &#8211; 1 septiembre. T\u00edtulo: Equilibrio hidrol\u00f3gico y la variabilidad estacional del Lago Fagnano en la regi\u00f3n de Tierra del Fuego.<\/p>\n<p>Elsa Caillol: segundo a\u00f1o ENSEEITH internship thesis. Departamento Hidr\u00e1ulica y Mec\u00e1nica de Fluidos,\u00a0 opci\u00f3n Aguas y Medio Ambiente. 1 junio &#8211; 1 septiembre. T\u00edtulo: Balance de agua en el Lago Fagnano.<\/p>\n<p>2009<\/p>\n<p>Alexandre Wegner, tercer a\u00f1o ENSEEITH internship thesis. Departamento Hidr\u00e1ulica y Mec\u00e1nica de Fluidos, opci\u00f3n Aguas y Medio Ambiente: 1 marzo al 8 septiembre. T\u00edtulo: Variabilidad estacional de los datos gravim\u00e9tricos GRACE-CHAMP sobre Am\u00e9rica del sur y variabilidad hidrol\u00f3gica asociada.<\/p>\n<p>Pierre Damien: segundo a\u00f1o ENSEEITH internship thesis. Departamento Hidr\u00e1ulica y Mec\u00e1nica de Fluidos, opci\u00f3n Aguas y Medio Ambiente. 1 junio &#8211; 1 septiembre. T\u00edtulo: Aplicaci\u00f3n del modelo GEOTOP a la escorrent\u00eda superficial cuenca General Carrera. Modelaci\u00f3n mediante Simulink.<\/p>\n<p>Louis Charlely: segundo a\u00f1o ENSEEITH internship thesis. Departamento Hidr\u00e1ulica y Mec\u00e1nica de Fluidos, opci\u00f3n Aguas y Medio Ambiente. 1 junio &#8211; 1 septiembre. T\u00edtulo: Aplicaci\u00f3n del modelo GEOTOP a la escorrent\u00eda superficial cuenca General Carrera. Modelaci\u00f3n mediante Simulink.<\/p>\n<p>2008<\/p>\n<p>Alexandre Bon: tercer a\u00f1o ENSEEITH internship thesis. Departamento Hidr\u00e1ulica y Mec\u00e1nica de Fluidos, opci\u00f3n Aguas y Medio Ambiente. Marzo\u00a0 a septiembre. T\u00edtulo: Aplicaci\u00f3n del filtraje de ond\u00e9letas esf\u00e9ricas a los datos gravimetr\u00eda GRACE-CHAMP.<\/p>\n<p>Marc Sigisbert de Bazelaire: tercer a\u00f1o ENSEEITH internship thesis. Departamento Hidr\u00e1ulica y Mec\u00e1nica de Fluidos,\u00a0 opci\u00f3n Aguas y Medio Ambiente. Marzo a septiembre. T\u00edtulo: Creaci\u00f3n de un modelo de evaporaci\u00f3n y evapotranspiraci\u00f3n adaptado a la cuenca del Lago Titicaca, el cual permiti\u00f3 su estudio durante los \u00faltimos 100 a\u00f1os; y a la cuenca del Lago Carrera.<\/p>\n<p>Julien Viarre: tercer a\u00f1o ENSEEITH internship thesis. Departamento Hidr\u00e1ulica y Mec\u00e1nica de Fluidos, opci\u00f3n Aguas y Medio Ambiente. Marzo\u00a0 a septiembre. T\u00edtulo: M\u00e9todos de reconstrucci\u00f3n sobre los oc\u00e9anos y variabilidad del Lago Titicaca.<\/p>\n<p>2007<\/p>\n<p>Pierre de la Bernardie, tercer a\u00f1o Institut des Sciences de l\u2019Ing\u00e9nieur et du Var \u2013 Seatech, Universit\u00e9 de Toulon. Junio a septiembre. T\u00edtulo: Comparativo de las diferentes soluciones gravimetr\u00eda GRACE-CHAMP sobre America del Sur.<\/p>\n","protected":false},"excerpt":{"rendered":"<p>Cargo: Profesor Asociado \/ Tel\u00e9fono: 2203107 \/ Oficina: 435 \/ Mail: roabarca@udec.cl Estudios: Ph.D. en Clima-Geof\u00edsica \/ Geodesia, Grupo de Investigaci\u00f3n de Geodesia Espacial (GRGS) del Centro Nacional de Estudios Espaciales CNES (Centre\u00a0\u00a0 National\u00a0\u00a0 d\u2019Etudes\u00a0\u00a0 Spatiales) en asociaci\u00f3n con la Universidad Paul Sabatier (UPS), Toulouse, Francia. M\u00e1ster en Electr\u00f3nica, Electrotecnia y Dise\u00f1o de Control. Universidad [&hellip;]<\/p>\n","protected":false},"author":2,"featured_media":0,"parent":17,"menu_order":0,"comment_status":"closed","ping_status":"open","template":"","meta":{"footnotes":""},"class_list":["post-3503","page","type-page","status-publish","hentry"],"_links":{"self":[{"href":"https:\/\/www.dgeo.udec.cl\/dev\/wp-json\/wp\/v2\/pages\/3503","targetHints":{"allow":["GET"]}}],"collection":[{"href":"https:\/\/www.dgeo.udec.cl\/dev\/wp-json\/wp\/v2\/pages"}],"about":[{"href":"https:\/\/www.dgeo.udec.cl\/dev\/wp-json\/wp\/v2\/types\/page"}],"author":[{"embeddable":true,"href":"https:\/\/www.dgeo.udec.cl\/dev\/wp-json\/wp\/v2\/users\/2"}],"replies":[{"embeddable":true,"href":"https:\/\/www.dgeo.udec.cl\/dev\/wp-json\/wp\/v2\/comments?post=3503"}],"version-history":[{"count":23,"href":"https:\/\/www.dgeo.udec.cl\/dev\/wp-json\/wp\/v2\/pages\/3503\/revisions"}],"predecessor-version":[{"id":8576,"href":"https:\/\/www.dgeo.udec.cl\/dev\/wp-json\/wp\/v2\/pages\/3503\/revisions\/8576"}],"up":[{"embeddable":true,"href":"https:\/\/www.dgeo.udec.cl\/dev\/wp-json\/wp\/v2\/pages\/17"}],"wp:attachment":[{"href":"https:\/\/www.dgeo.udec.cl\/dev\/wp-json\/wp\/v2\/media?parent=3503"}],"curies":[{"name":"wp","href":"https:\/\/api.w.org\/{rel}","templated":true}]}}