{"id":21,"date":"2012-09-04T17:04:33","date_gmt":"2012-09-04T17:04:33","guid":{"rendered":"\/?page_id=21"},"modified":"2023-07-25T13:03:58","modified_gmt":"2023-07-25T16:03:58","slug":"investigadores-asociados","status":"publish","type":"page","link":"https:\/\/www.dgeo.udec.cl\/dev\/nosotros\/integrantes\/investigadores-asociados\/","title":{"rendered":"Colaboradores de investigaci\u00f3n"},"content":{"rendered":"\n<figure class=\"wp-block-table\"><table><tbody><tr><td><strong>Nombre<\/strong><\/td><td><strong>L\u00ednea o proyecto de investigaci\u00f3n<\/strong><\/td><td><strong>Correo<\/strong><\/td><\/tr><tr><td>Christian Segura<\/td><td>Modelaci\u00f3n oceanogr\u00e1fica<\/td><td><\/td><\/tr><tr><td>Nadin Ram\u00edrez<\/td><td>Oceanograf\u00eda f\u00edsica e instrumentaci\u00f3n oceanogr\u00e1fica<\/td><td><\/td><\/tr><tr><td>Winston Rojas<\/td><td>Oceanograf\u00eda f\u00edsica e instrumentaci\u00f3n oceanogr\u00e1fica<\/td><td><\/td><\/tr><tr><td>Dar\u00edo Torres<\/td><td>Oceanograf\u00eda f\u00edsica e instrumentaci\u00f3n oceanogr\u00e1fica<\/td><td><\/td><\/tr><\/tbody><\/table><\/figure>\n","protected":false},"excerpt":{"rendered":"<p>Nombre L\u00ednea o proyecto de investigaci\u00f3n Correo Christian Segura Modelaci\u00f3n oceanogr\u00e1fica Nadin Ram\u00edrez Oceanograf\u00eda f\u00edsica e instrumentaci\u00f3n oceanogr\u00e1fica Winston Rojas Oceanograf\u00eda f\u00edsica e instrumentaci\u00f3n oceanogr\u00e1fica Dar\u00edo Torres Oceanograf\u00eda f\u00edsica e instrumentaci\u00f3n oceanogr\u00e1fica<\/p>\n","protected":false},"author":1,"featured_media":0,"parent":11,"menu_order":3,"comment_status":"closed","ping_status":"closed","template":"","meta":{"footnotes":""},"class_list":["post-21","page","type-page","status-publish","hentry"],"_links":{"self":[{"href":"https:\/\/www.dgeo.udec.cl\/dev\/wp-json\/wp\/v2\/pages\/21","targetHints":{"allow":["GET"]}}],"collection":[{"href":"https:\/\/www.dgeo.udec.cl\/dev\/wp-json\/wp\/v2\/pages"}],"about":[{"href":"https:\/\/www.dgeo.udec.cl\/dev\/wp-json\/wp\/v2\/types\/page"}],"author":[{"embeddable":true,"href":"https:\/\/www.dgeo.udec.cl\/dev\/wp-json\/wp\/v2\/users\/1"}],"replies":[{"embeddable":true,"href":"https:\/\/www.dgeo.udec.cl\/dev\/wp-json\/wp\/v2\/comments?post=21"}],"version-history":[{"count":58,"href":"https:\/\/www.dgeo.udec.cl\/dev\/wp-json\/wp\/v2\/pages\/21\/revisions"}],"predecessor-version":[{"id":8223,"href":"https:\/\/www.dgeo.udec.cl\/dev\/wp-json\/wp\/v2\/pages\/21\/revisions\/8223"}],"up":[{"embeddable":true,"href":"https:\/\/www.dgeo.udec.cl\/dev\/wp-json\/wp\/v2\/pages\/11"}],"wp:attachment":[{"href":"https:\/\/www.dgeo.udec.cl\/dev\/wp-json\/wp\/v2\/media?parent=21"}],"curies":[{"name":"wp","href":"https:\/\/api.w.org\/{rel}","templated":true}]}}