{"id":2036,"date":"2013-10-18T10:26:45","date_gmt":"2013-10-18T13:26:45","guid":{"rendered":"http:\/\/www.dgeo.udec.cl\/dev\/?page_id=2036"},"modified":"2024-08-14T15:20:33","modified_gmt":"2024-08-14T18:20:33","slug":"contacto","status":"publish","type":"page","link":"https:\/\/www.dgeo.udec.cl\/dev\/contacto\/","title":{"rendered":"Contacto"},"content":{"rendered":"<p>Para contactarse favor escribir a: <a href=\"mailto:comunicaciones@dgeo.udec.cl\">abano@udec.cl<\/a><\/p>\n<p><strong>Departamento de Geof\u00edsica<\/strong><br \/>\n<strong> Facultad de Ciencias F\u00edsicas y Matem\u00e1ticas<\/strong><br \/>\n<strong> Universidad de Concepci\u00f3n<\/strong><\/p>\n<p>Direcci\u00f3n:<br \/>\nAvda. Esteban Iturra s\/n &#8211; Barrio Universitario<br \/>\nConcepci\u00f3n &#8211; Chile<br \/>\nDirecci\u00f3n postal:<br \/>\nCasilla 160-C, Concepci\u00f3n, Chile<br \/>\nTel\u00e9fonos:<br \/>\n+(56) 41 2204136<br \/>\n+(56) 41 2203100<\/p>\n<div align=\"center\">\n<small><a href=\"https:\/\/www.openstreetmap.org\/#map=18\/-36.82803\/-73.03483&amp;layers=N\">Ver mapa m\u00e1s grande<\/a><\/small><\/div>\n","protected":false},"excerpt":{"rendered":"<p>Para contactarse favor escribir a: abano@udec.cl Departamento de Geof\u00edsica Facultad de Ciencias F\u00edsicas y Matem\u00e1ticas Universidad de Concepci\u00f3n Direcci\u00f3n: Avda. Esteban Iturra s\/n &#8211; Barrio Universitario Concepci\u00f3n &#8211; Chile Direcci\u00f3n postal: Casilla 160-C, Concepci\u00f3n, Chile Tel\u00e9fonos: +(56) 41 2204136 +(56) 41 2203100 Ver mapa m\u00e1s grande<\/p>\n","protected":false},"author":1,"featured_media":4498,"parent":0,"menu_order":6,"comment_status":"closed","ping_status":"closed","template":"","meta":{"footnotes":""},"class_list":["post-2036","page","type-page","status-publish","has-post-thumbnail","hentry"],"_links":{"self":[{"href":"https:\/\/www.dgeo.udec.cl\/dev\/wp-json\/wp\/v2\/pages\/2036","targetHints":{"allow":["GET"]}}],"collection":[{"href":"https:\/\/www.dgeo.udec.cl\/dev\/wp-json\/wp\/v2\/pages"}],"about":[{"href":"https:\/\/www.dgeo.udec.cl\/dev\/wp-json\/wp\/v2\/types\/page"}],"author":[{"embeddable":true,"href":"https:\/\/www.dgeo.udec.cl\/dev\/wp-json\/wp\/v2\/users\/1"}],"replies":[{"embeddable":true,"href":"https:\/\/www.dgeo.udec.cl\/dev\/wp-json\/wp\/v2\/comments?post=2036"}],"version-history":[{"count":25,"href":"https:\/\/www.dgeo.udec.cl\/dev\/wp-json\/wp\/v2\/pages\/2036\/revisions"}],"predecessor-version":[{"id":8609,"href":"https:\/\/www.dgeo.udec.cl\/dev\/wp-json\/wp\/v2\/pages\/2036\/revisions\/8609"}],"wp:featuredmedia":[{"embeddable":true,"href":"https:\/\/www.dgeo.udec.cl\/dev\/wp-json\/wp\/v2\/media\/4498"}],"wp:attachment":[{"href":"https:\/\/www.dgeo.udec.cl\/dev\/wp-json\/wp\/v2\/media?parent=2036"}],"curies":[{"name":"wp","href":"https:\/\/api.w.org\/{rel}","templated":true}]}}