{"id":17,"date":"2012-09-04T17:03:52","date_gmt":"2012-09-04T17:03:52","guid":{"rendered":"\/?page_id=17"},"modified":"2024-09-03T12:22:18","modified_gmt":"2024-09-03T15:22:18","slug":"academicos","status":"publish","type":"page","link":"https:\/\/www.dgeo.udec.cl\/dev\/nosotros\/integrantes\/academicos\/","title":{"rendered":"Acad\u00e9micos y acad\u00e9micas"},"content":{"rendered":"\n<p>Equipo integral y multidisciplinario de acad\u00e9micos y acad\u00e9micas investigadores, especialistas y formadores en Ciencias de la Tierra, Oceanograf\u00eda, Atm\u00f3sfera y Energ\u00edas Renovables; quienes aportan conocimiento para el desarrollo cient\u00edfico y global de la sociedad.<\/p>\n\n\n\n<p><\/p>\n\n\n\n<p><a href=\"http:\/\/www.geofisica.udec.cl\/videos\/\">Charlas y entrevistas a investigadores de Geof\u00edsica<\/a><\/p>\n\n\n\n<figure class=\"wp-block-table is-style-stripes\"><table><tbody><tr><th>Nombre<\/th><th>Jerarqu\u00eda \/ Cargo<\/th><th>Tel\u00e9fono<\/th><th>Oficina<\/th><th>&nbsp; E-mail<\/th><\/tr><tr><td><a href=\"http:\/\/www.dgeo.udec.cl\/dev\/nosotros\/integrantes\/academicos-2\/rodrigo-abarca\/\">Rodrigo Abarca del R\u00edo<\/a><\/td><td>Profesor Asociado <\/td><td>220 3107<\/td><td>435<\/td><td><a href=\"mailto:roabarca@dgeo.udec.cl\">roabarca@udec.cl<\/a><\/td><\/tr><tr><td><a href=\"http:\/\/www.dgeo.udec.cl\/dev\/nosotros\/integrantes\/academicos-2\/arturo-belmonte-2\/\">Arturo Belmonte&nbsp;-Pool Villanueva<\/a><\/td><td>Profesor Asociado \/ <strong>Jefe de Carrera<\/strong><\/td><td>220 3137<\/td><td>432<\/td><td><a href=\"mailto:abelmonte@dgeo.udec.cl\">abelmonte@dgeo.udec.cl<\/a><\/td><\/tr><tr><td><a href=\"http:\/\/www.dgeo.udec.cl\/dev\/nosotros\/integrantes\/academicos-2\/ignacia-calisto\/\">Ignacia Calisto&nbsp;Burgos<\/a><\/td><td>Profesora Asociada<\/td><td>220 3154<\/td><td>433<\/td><td><a href=\"mailto:icalisto@dgeo.udec.cl\">icalisto@dgeo.udec.cl<\/a><\/td><\/tr><tr><td><a href=\"http:\/\/www.dgeo.udec.cl\/dev\/nosotros\/integrantes\/academicos\/martin-jacques-coper\/\" target=\"_blank\" rel=\"noopener noreferrer\">Mart\u00edn Jacques Coper<\/a><\/td><td>Profesor Asociado<strong> \/ Director de Departamento<\/strong><\/td><td>220 3111<\/td><td>440<\/td><td><a href=\"mailto:mjacques@dgeo.udec.cl\">mjacques@dgeo.udec.cl<\/a><\/td><\/tr><tr><td><a href=\"http:\/\/www.dgeo.udec.cl\/dev\/nosotros\/integrantes\/academicos-2\/matthew-robert-miller\/\">Matt Miller<\/a><\/td><td>Profesor Asociado<strong><br><\/strong><\/td><td>220 7276<\/td><td>110<\/td><td><a href=\"mailto:m.miller@dgeo.udec.cl\">m.miller@dgeo.udec.cl<\/a><\/td><\/tr><tr><td><a href=\"http:\/\/www.dgeo.udec.cl\/dev\/nosotros\/integrantes\/investigadores-asociados\/carolina-parada-2\/\">Carolina Parada&nbsp;V\u00e9liz<\/a><\/td><td>Profesora Asociada<\/td><td>220 1084<\/td><td>438<\/td><td><a href=\"mailto:cparada@dgeo.udec.cl\">cparada@dgeo.udec.cl<\/a><\/td><\/tr><tr><td><a href=\"\/?page_id=706\">\u00d3scar Pizarro Arriagada<\/a><\/td><td>Profesor Titular<\/td><td>220 7095<\/td><td>109<\/td><td><a href=\"mailto:opizarro@udec.cl\">opizarro@udec.cl<\/a><\/td><\/tr><tr><td><a href=\"\/?page_id=718\">Andr\u00e9s Sep\u00falveda Allende<\/a><\/td><td>Profesor Asociado \/ <strong>Director de Mag\u00edster<br><\/strong><\/td><td>220 7280<\/td><td>441<\/td><td><a href=\"mailto:asepulveda@dgeo.udec.cl\">asepulveda@dgeo.udec.cl<\/a><\/td><\/tr><tr><td><a href=\"http:\/\/www.dgeo.udec.cl\/dev\/nosotros\/integrantes\/academicos-2\/victor-villagran\/\">V\u00edctor Villagr\u00e1n Orellana&nbsp;<\/a><\/td><td>Profesor \/ Jefe Laboratorio MidGeo<\/td><td>220 7070<\/td><td>Lab. MidGeo<\/td><td><a href=\"mailto:vvillagran@dgeo.udec.cl\">vvillagran@dgeo.udec.cl<\/a><\/td><\/tr><tr><td><a href=\"https:\/\/www.dgeo.udec.cl\/dev\/lucia-scaff-fuenzalida\/\">Luc\u00eda Scaff Fuenzalida<\/a> <\/td><td>Profesora Asistente<\/td><td><\/td><td><\/td><td><a href=\"mailto:mscaff@udec.cl\">mscaff@udec.cl<\/a><\/td><\/tr><tr><td><a href=\"https:\/\/www.dgeo.udec.cl\/dev\/francisco-lang-tasso\/\" data-type=\"link\" data-id=\"https:\/\/www.dgeo.udec.cl\/dev\/francisco-lang-tasso\/\">Francisco Lang Tasso<\/a><\/td><td>Profesor Asistente<\/td><td><\/td><td><\/td><td><a href=\"mailto:flang@udec.cl\">flang@udec.cl<\/a><\/td><\/tr><tr><td><a href=\"https:\/\/www.dgeo.udec.cl\/dev\/catalina-morales-yanez\/\">Catalina Morales Y\u00e1\u00f1ez<\/a><\/td><td>Profesora Asistente<\/td><td>2203156<\/td><td><\/td><td><a href=\"mailto:catalinamorales@udec.cl\">catalinamorales@udec.cl<\/a><\/td><\/tr><tr><td><a href=\"https:\/\/www.dgeo.udec.cl\/dev\/ilaria-tabone\/\" data-type=\"link\" data-id=\"https:\/\/www.dgeo.udec.cl\/dev\/ilaria-tabone\/\">Ilaria Tabone<\/a><\/td><td>Profesora Asistente<\/td><td>2203360<\/td><td><\/td><td><a href=\"mailto:itabone@udec.cl\">itabone@udec.cl<\/a><\/td><\/tr><\/tbody><\/table><\/figure>\n\n\n\n<h3 class=\"wp-block-heading\"><\/h3>\n","protected":false},"excerpt":{"rendered":"<p>Equipo integral y multidisciplinario de acad\u00e9micos y acad\u00e9micas investigadores, especialistas y formadores en Ciencias de la Tierra, Oceanograf\u00eda, Atm\u00f3sfera y Energ\u00edas Renovables; quienes aportan conocimiento para el desarrollo cient\u00edfico y global de la sociedad. Charlas y entrevistas a investigadores de Geof\u00edsica Nombre Jerarqu\u00eda \/ Cargo Tel\u00e9fono Oficina &nbsp; E-mail Rodrigo Abarca del R\u00edo Profesor Asociado [&hellip;]<\/p>\n","protected":false},"author":1,"featured_media":8156,"parent":11,"menu_order":0,"comment_status":"closed","ping_status":"closed","template":"","meta":{"footnotes":""},"class_list":["post-17","page","type-page","status-publish","has-post-thumbnail","hentry"],"_links":{"self":[{"href":"https:\/\/www.dgeo.udec.cl\/dev\/wp-json\/wp\/v2\/pages\/17","targetHints":{"allow":["GET"]}}],"collection":[{"href":"https:\/\/www.dgeo.udec.cl\/dev\/wp-json\/wp\/v2\/pages"}],"about":[{"href":"https:\/\/www.dgeo.udec.cl\/dev\/wp-json\/wp\/v2\/types\/page"}],"author":[{"embeddable":true,"href":"https:\/\/www.dgeo.udec.cl\/dev\/wp-json\/wp\/v2\/users\/1"}],"replies":[{"embeddable":true,"href":"https:\/\/www.dgeo.udec.cl\/dev\/wp-json\/wp\/v2\/comments?post=17"}],"version-history":[{"count":137,"href":"https:\/\/www.dgeo.udec.cl\/dev\/wp-json\/wp\/v2\/pages\/17\/revisions"}],"predecessor-version":[{"id":9693,"href":"https:\/\/www.dgeo.udec.cl\/dev\/wp-json\/wp\/v2\/pages\/17\/revisions\/9693"}],"up":[{"embeddable":true,"href":"https:\/\/www.dgeo.udec.cl\/dev\/wp-json\/wp\/v2\/pages\/11"}],"wp:featuredmedia":[{"embeddable":true,"href":"https:\/\/www.dgeo.udec.cl\/dev\/wp-json\/wp\/v2\/media\/8156"}],"wp:attachment":[{"href":"https:\/\/www.dgeo.udec.cl\/dev\/wp-json\/wp\/v2\/media?parent=17"}],"curies":[{"name":"wp","href":"https:\/\/api.w.org\/{rel}","templated":true}]}}